{"id":90892,"date":"2024-03-04T10:57:57","date_gmt":"2024-03-04T10:57:57","guid":{"rendered":"https:\/\/kailashhomefoundation.org\/salut-i-nutricio"},"modified":"2024-09-03T13:54:05","modified_gmt":"2024-09-03T13:54:05","slug":"salut-i-nutricio","status":"publish","type":"page","link":"https:\/\/kailashhomefoundation.org\/fr\/salut-i-nutricio","title":{"rendered":"Sant\u00e9 &amp; Nutrition"},"content":{"rendered":"\t\t<div data-elementor-type=\"wp-page\" data-elementor-id=\"90892\" class=\"elementor elementor-90892 elementor-88278\" data-elementor-post-type=\"page\">\n\t\t\t\t<div class=\"elementor-element elementor-element-b3388dc e-con-full e-flex e-con e-parent\" data-id=\"b3388dc\" data-element_type=\"container\" data-e-type=\"container\" data-settings=\"{&quot;background_background&quot;:&quot;classic&quot;}\">\n\t\t\t\t<div class=\"elementor-element elementor-element-5ca630e elementor-widget__width-initial elementor-widget-divider--view-line elementor-widget elementor-widget-divider\" data-id=\"5ca630e\" data-element_type=\"widget\" data-e-type=\"widget\" data-widget_type=\"divider.default\">\n\t\t\t\t<div class=\"elementor-widget-container\">\n\t\t\t\t\t\t\t<div class=\"elementor-divider\">\n\t\t\t<span class=\"elementor-divider-separator\">\n\t\t\t\t\t\t<\/span>\n\t\t<\/div>\n\t\t\t\t\t\t<\/div>\n\t\t\t\t<\/div>\n\t\t\t\t<\/div>\n\t\t<div class=\"elementor-element elementor-element-bafcce4 e-flex e-con-boxed e-con e-parent\" data-id=\"bafcce4\" data-element_type=\"container\" data-e-type=\"container\" data-settings=\"{&quot;background_background&quot;:&quot;classic&quot;}\">\n\t\t\t\t\t<div class=\"e-con-inner\">\n\t\t<div class=\"elementor-element elementor-element-3d6e16c e-con-full e-flex e-con e-child\" data-id=\"3d6e16c\" data-element_type=\"container\" data-e-type=\"container\" data-settings=\"{&quot;background_background&quot;:&quot;classic&quot;}\">\n\t\t\t\t<div class=\"elementor-element elementor-element-32b4b27 elementor-widget elementor-widget-heading\" data-id=\"32b4b27\" data-element_type=\"widget\" data-e-type=\"widget\" data-widget_type=\"heading.default\">\n\t\t\t\t<div class=\"elementor-widget-container\">\n\t\t\t\t\t<h2 class=\"elementor-heading-title elementor-size-default\">Sant\u00e9 &amp; Nutrition<\/h2>\t\t\t\t<\/div>\n\t\t\t\t<\/div>\n\t\t\t\t<div class=\"elementor-element elementor-element-3041926 elementor-widget-divider--view-line elementor-widget elementor-widget-divider\" data-id=\"3041926\" data-element_type=\"widget\" data-e-type=\"widget\" data-widget_type=\"divider.default\">\n\t\t\t\t<div class=\"elementor-widget-container\">\n\t\t\t\t\t\t\t<div class=\"elementor-divider\">\n\t\t\t<span class=\"elementor-divider-separator\">\n\t\t\t\t\t\t<\/span>\n\t\t<\/div>\n\t\t\t\t\t\t<\/div>\n\t\t\t\t<\/div>\n\t\t\t\t<\/div>\n\t\t<div class=\"elementor-element elementor-element-543a4ab e-con-full e-flex e-con e-child\" data-id=\"543a4ab\" data-element_type=\"container\" data-e-type=\"container\" data-settings=\"{&quot;background_background&quot;:&quot;classic&quot;}\">\n\t\t\t\t<div class=\"elementor-element elementor-element-39a6337 elementor-widget__width-initial elementor-widget elementor-widget-text-editor\" data-id=\"39a6337\" data-element_type=\"widget\" data-e-type=\"widget\" data-widget_type=\"text-editor.default\">\n\t\t\t\t<div class=\"elementor-widget-container\">\n\t\t\t\t\t\t\t\t\t<div id=\"lipsum\"><div id=\"lipsum\"><div id=\"lipsum\"><p>Pour de nombreux enfants au N\u00e9pal et dans d\u2019autres pays en d\u00e9veloppement, le manque de nutrition ad\u00e9quate peut constituer un obstacle majeur \u00e0 la croissance et \u00e0 la r\u00e9ussite. Tous les gar\u00e7ons et filles du Kailash re\u00e7oivent non seulement des repas \u00e9quilibr\u00e9s, mais aussi des soins m\u00e9dicaux de qualit\u00e9. Gr\u00e2ce \u00e0 des conf\u00e9renciers invit\u00e9s et \u00e0 des s\u00e9minaires \u00e9ducatifs, le personnel du Kailash Home fournit \u00e9galement un soutien inestimable, afin que m\u00eame au-del\u00e0 des fronti\u00e8res du Kailash, les enfants soient habilit\u00e9s \u00e0 faire des choix sains.<\/p><p>Ces derni\u00e8res ann\u00e9es, des programmes visant \u00e0 fournir des fruits frais et des ateliers visant \u00e0 sensibiliser les \u00e9tudiants et le personnel \u00e0 la sant\u00e9 et \u00e0 l&rsquo;hygi\u00e8ne ont continu\u00e9 \u00e0 am\u00e9liorer la qualit\u00e9 de vie au Kailash Home.<\/p><\/div><\/div><\/div>\t\t\t\t\t\t\t\t<\/div>\n\t\t\t\t<\/div>\n\t\t\t\t<\/div>\n\t\t<div class=\"elementor-element elementor-element-69788ff e-con-full e-flex e-con e-child\" data-id=\"69788ff\" data-element_type=\"container\" data-e-type=\"container\">\n\t\t\t\t<div class=\"elementor-element elementor-element-737aee0 elementor-widget elementor-widget-image-carousel\" data-id=\"737aee0\" data-element_type=\"widget\" data-e-type=\"widget\" data-settings=\"{&quot;slides_to_show&quot;:&quot;1&quot;,&quot;navigation&quot;:&quot;none&quot;,&quot;effect&quot;:&quot;fade&quot;,&quot;speed&quot;:1000,&quot;autoplay&quot;:&quot;yes&quot;,&quot;pause_on_hover&quot;:&quot;yes&quot;,&quot;pause_on_interaction&quot;:&quot;yes&quot;,&quot;autoplay_speed&quot;:5000,&quot;infinite&quot;:&quot;yes&quot;}\" data-widget_type=\"image-carousel.default\">\n\t\t\t\t<div class=\"elementor-widget-container\">\n\t\t\t\t\t\t\t<div class=\"elementor-image-carousel-wrapper swiper\" role=\"region\" aria-roledescription=\"carousel\" aria-label=\"Carrousel d\u2019images\" dir=\"ltr\">\n\t\t\t<div class=\"elementor-image-carousel swiper-wrapper\" aria-live=\"off\">\n\t\t\t\t\t\t\t\t<div class=\"swiper-slide\" role=\"group\" aria-roledescription=\"slide\" aria-label=\"1 sur 4\"><figure class=\"swiper-slide-inner\"><img decoding=\"async\" class=\"swiper-slide-image\" src=\"https:\/\/kailashhomefoundation.org\/wp-content\/uploads\/2024\/03\/WF1767691_DSC01558_as_Smart_Object-1-1.jpg\" alt=\"WFP\u00e2\u20ac\u2122s Akira Kaneko reflects on the Japan supported school meals program, and the positive change it is bringing on the lives of the children, families and the community.\" \/><\/figure><\/div><div class=\"swiper-slide\" role=\"group\" aria-roledescription=\"slide\" aria-label=\"2 sur 4\"><figure class=\"swiper-slide-inner\"><img decoding=\"async\" class=\"swiper-slide-image\" src=\"https:\/\/kailashhomefoundation.org\/wp-content\/uploads\/2024\/03\/nepal-farmer.jpg\" alt=\"WFP\u00e2\u20ac\u2122s Akira Kaneko reflects on the Japan supported school meals program, and the positive change it is bringing on the lives of the children, families and the community.\" \/><\/figure><\/div><div class=\"swiper-slide\" role=\"group\" aria-roledescription=\"slide\" aria-label=\"3 sur 4\"><figure class=\"swiper-slide-inner\"><img decoding=\"async\" class=\"swiper-slide-image\" src=\"https:\/\/kailashhomefoundation.org\/wp-content\/uploads\/2024\/03\/WF1767662_DSC09787.jpg\" alt=\"WFP\u00e2\u20ac\u2122s Akira Kaneko reflects on the Japan supported school meals program, and the positive change it is bringing on the lives of the children, families and the community.\" \/><\/figure><\/div><div class=\"swiper-slide\" role=\"group\" aria-roledescription=\"slide\" aria-label=\"4 sur 4\"><figure class=\"swiper-slide-inner\"><img decoding=\"async\" class=\"swiper-slide-image\" src=\"https:\/\/kailashhomefoundation.org\/wp-content\/uploads\/2024\/03\/Nepal-football-match.jpg\" alt=\"Spectators of a football match in Nuwakot district. WFP\u00e2\u20ac\u2122s Akira Kaneko reflects on the Japan supported school meals program, and the positive change it is bringing on the lives of the children, families and the community.\" \/><\/figure><\/div>\t\t\t<\/div>\n\t\t\t\t\t\t\t\n\t\t\t\t\t\t\t\t\t<\/div>\n\t\t\t\t\t\t<\/div>\n\t\t\t\t<\/div>\n\t\t\t\t<\/div>\n\t\t\t\t\t<\/div>\n\t\t\t\t<\/div>\n\t\t<div class=\"elementor-element elementor-element-26f5362 e-flex e-con-boxed elementor-invisible e-con e-parent\" data-id=\"26f5362\" data-element_type=\"container\" data-e-type=\"container\" data-settings=\"{&quot;animation&quot;:&quot;fadeInUp&quot;}\">\n\t\t\t\t\t<div class=\"e-con-inner\">\n\t\t\t\t<div class=\"elementor-element elementor-element-844389b elementor-widget elementor-widget-heading\" data-id=\"844389b\" data-element_type=\"widget\" data-e-type=\"widget\" data-widget_type=\"heading.default\">\n\t\t\t\t<div class=\"elementor-widget-container\">\n\t\t\t\t\t<h2 class=\"elementor-heading-title elementor-size-default\">Soutenir la sant\u00e9 au Kailash Home<\/h2>\t\t\t\t<\/div>\n\t\t\t\t<\/div>\n\t\t\t\t<div class=\"elementor-element elementor-element-bbbaa36 elementor-widget__width-initial elementor-widget elementor-widget-text-editor\" data-id=\"bbbaa36\" data-element_type=\"widget\" data-e-type=\"widget\" data-widget_type=\"text-editor.default\">\n\t\t\t\t<div class=\"elementor-widget-container\">\n\t\t\t\t\t\t\t\t\t<p>Votre don b\u00e9n\u00e9ficiera directement aux jeunes d\u00e9favoris\u00e9s du N\u00e9pal. Gr\u00e2ce \u00e0 l&rsquo;\u00e9ducation et \u00e0 la connexion, notre projet permet aux jeunes de devenir des adultes ind\u00e9pendants et s\u00fbrs d&rsquo;eux gr\u00e2ce \u00e0 une formation acad\u00e9mique et une exposition au monde artistique et culturel. Nous croyons fermement qu&rsquo;en apportant amour, d\u00e9vouement et ressources \u00e0 chaque enfant, nous leur donnons les moyens d&rsquo;am\u00e9liorer non seulement leur propre vie, mais aussi celle de leur famille et de leur communaut\u00e9.<\/p>\t\t\t\t\t\t\t\t<\/div>\n\t\t\t\t<\/div>\n\t\t\t\t\t<\/div>\n\t\t\t\t<\/div>\n\t\t<div class=\"elementor-element elementor-element-2185cfb e-flex e-con-boxed e-con e-parent\" data-id=\"2185cfb\" data-element_type=\"container\" data-e-type=\"container\" data-settings=\"{&quot;background_background&quot;:&quot;classic&quot;}\">\n\t\t\t\t\t<div class=\"e-con-inner\">\n\t\t\t\t<div class=\"elementor-element elementor-element-56cbbf4 elementor-widget-divider--view-line elementor-widget elementor-widget-divider\" data-id=\"56cbbf4\" data-element_type=\"widget\" data-e-type=\"widget\" data-widget_type=\"divider.default\">\n\t\t\t\t<div class=\"elementor-widget-container\">\n\t\t\t\t\t\t\t<div class=\"elementor-divider\">\n\t\t\t<span class=\"elementor-divider-separator\">\n\t\t\t\t\t\t<\/span>\n\t\t<\/div>\n\t\t\t\t\t\t<\/div>\n\t\t\t\t<\/div>\n\t\t\t\t<div class=\"elementor-element elementor-element-65c0577 elementor-align-center elementor-invisible elementor-widget elementor-widget-button\" data-id=\"65c0577\" data-element_type=\"widget\" data-e-type=\"widget\" data-settings=\"{&quot;_animation&quot;:&quot;pulse&quot;}\" data-widget_type=\"button.default\">\n\t\t\t\t<div class=\"elementor-widget-container\">\n\t\t\t\t\t\t\t\t\t<div class=\"elementor-button-wrapper\">\n\t\t\t\t\t<a class=\"elementor-button elementor-button-link elementor-size-lg\" href=\"https:\/\/kailashhomefoundation.org\/fr\/fes-un-donatiu\">\n\t\t\t\t\t\t<span class=\"elementor-button-content-wrapper\">\n\t\t\t\t\t\t\t\t\t<span class=\"elementor-button-text\">Faites un don aujourd\u2019hui. Changez leur futur.<\/span>\n\t\t\t\t\t<\/span>\n\t\t\t\t\t<\/a>\n\t\t\t\t<\/div>\n\t\t\t\t\t\t\t\t<\/div>\n\t\t\t\t<\/div>\n\t\t\t\t<div class=\"elementor-element elementor-element-15298f8 elementor-widget-divider--view-line elementor-widget elementor-widget-divider\" data-id=\"15298f8\" data-element_type=\"widget\" data-e-type=\"widget\" data-widget_type=\"divider.default\">\n\t\t\t\t<div class=\"elementor-widget-container\">\n\t\t\t\t\t\t\t<div class=\"elementor-divider\">\n\t\t\t<span class=\"elementor-divider-separator\">\n\t\t\t\t\t\t<\/span>\n\t\t<\/div>\n\t\t\t\t\t\t<\/div>\n\t\t\t\t<\/div>\n\t\t\t\t\t<\/div>\n\t\t\t\t<\/div>\n\t\t<div class=\"elementor-element elementor-element-79a1260 e-flex e-con-boxed e-con e-parent\" data-id=\"79a1260\" data-element_type=\"container\" data-e-type=\"container\" data-settings=\"{&quot;background_background&quot;:&quot;classic&quot;}\">\n\t\t\t\t\t<div class=\"e-con-inner\">\n\t\t\t\t<div class=\"elementor-element elementor-element-2c72cab elementor-widget-divider--view-line elementor-widget elementor-widget-divider\" data-id=\"2c72cab\" data-element_type=\"widget\" data-e-type=\"widget\" data-widget_type=\"divider.default\">\n\t\t\t\t<div class=\"elementor-widget-container\">\n\t\t\t\t\t\t\t<div class=\"elementor-divider\">\n\t\t\t<span class=\"elementor-divider-separator\">\n\t\t\t\t\t\t<\/span>\n\t\t<\/div>\n\t\t\t\t\t\t<\/div>\n\t\t\t\t<\/div>\n\t\t\t\t\t<\/div>\n\t\t\t\t<\/div>\n\t\t<div class=\"elementor-element elementor-element-d5ea705 e-flex e-con-boxed e-con e-parent\" data-id=\"d5ea705\" data-element_type=\"container\" data-e-type=\"container\">\n\t\t\t\t\t<div class=\"e-con-inner\">\n\t\t\t\t\t<\/div>\n\t\t\t\t<\/div>\n\t\t\t\t<\/div>\n\t\t","protected":false},"excerpt":{"rendered":"<p>Sant\u00e9 &#038; Nutrition Pour de nombreux enfants au N\u00e9pal et dans d\u2019autres pays en d\u00e9veloppement, le manque de nutrition ad\u00e9quate peut constituer un obstacle majeur \u00e0 la croissance et \u00e0 la r\u00e9ussite. Tous les gar\u00e7ons et filles du Kailash re\u00e7oivent non seulement des repas \u00e9quilibr\u00e9s, mais aussi des soins m\u00e9dicaux de qualit\u00e9. Gr\u00e2ce \u00e0 des&hellip;<\/p>\n","protected":false},"author":1,"featured_media":0,"parent":0,"menu_order":10,"comment_status":"closed","ping_status":"closed","template":"elementor_header_footer","meta":{"footnotes":""},"class_list":["post-90892","page","type-page","status-publish","hentry"],"_links":{"self":[{"href":"https:\/\/kailashhomefoundation.org\/fr\/wp-json\/wp\/v2\/pages\/90892","targetHints":{"allow":["GET"]}}],"collection":[{"href":"https:\/\/kailashhomefoundation.org\/fr\/wp-json\/wp\/v2\/pages"}],"about":[{"href":"https:\/\/kailashhomefoundation.org\/fr\/wp-json\/wp\/v2\/types\/page"}],"author":[{"embeddable":true,"href":"https:\/\/kailashhomefoundation.org\/fr\/wp-json\/wp\/v2\/users\/1"}],"replies":[{"embeddable":true,"href":"https:\/\/kailashhomefoundation.org\/fr\/wp-json\/wp\/v2\/comments?post=90892"}],"version-history":[{"count":4,"href":"https:\/\/kailashhomefoundation.org\/fr\/wp-json\/wp\/v2\/pages\/90892\/revisions"}],"predecessor-version":[{"id":90896,"href":"https:\/\/kailashhomefoundation.org\/fr\/wp-json\/wp\/v2\/pages\/90892\/revisions\/90896"}],"wp:attachment":[{"href":"https:\/\/kailashhomefoundation.org\/fr\/wp-json\/wp\/v2\/media?parent=90892"}],"curies":[{"name":"wp","href":"https:\/\/api.w.org\/{rel}","templated":true}]}}