{"id":90855,"date":"2024-03-01T11:17:04","date_gmt":"2024-03-01T11:17:04","guid":{"rendered":"https:\/\/kailashhomefoundation.org\/girl-1"},"modified":"2024-09-03T13:25:42","modified_gmt":"2024-09-03T13:25:42","slug":"girl-1","status":"publish","type":"page","link":"https:\/\/kailashhomefoundation.org\/fr\/girl-1","title":{"rendered":"Girl 1"},"content":{"rendered":"\t\t<div data-elementor-type=\"wp-page\" data-elementor-id=\"90855\" class=\"elementor elementor-90855 elementor-88147\" data-elementor-post-type=\"page\">\n\t\t\t\t<div class=\"elementor-element elementor-element-b3388dc e-con-full e-flex e-con e-parent\" data-id=\"b3388dc\" data-element_type=\"container\" data-e-type=\"container\" data-settings=\"{&quot;background_background&quot;:&quot;classic&quot;}\">\n\t\t\t\t<div class=\"elementor-element elementor-element-5ca630e elementor-widget__width-initial elementor-widget-divider--view-line elementor-widget elementor-widget-divider\" data-id=\"5ca630e\" data-element_type=\"widget\" data-e-type=\"widget\" data-widget_type=\"divider.default\">\n\t\t\t\t<div class=\"elementor-widget-container\">\n\t\t\t\t\t\t\t<div class=\"elementor-divider\">\n\t\t\t<span class=\"elementor-divider-separator\">\n\t\t\t\t\t\t<\/span>\n\t\t<\/div>\n\t\t\t\t\t\t<\/div>\n\t\t\t\t<\/div>\n\t\t\t\t<\/div>\n\t\t<div class=\"elementor-element elementor-element-bafcce4 e-flex e-con-boxed e-con e-parent\" data-id=\"bafcce4\" data-element_type=\"container\" data-e-type=\"container\" data-settings=\"{&quot;background_background&quot;:&quot;classic&quot;}\">\n\t\t\t\t\t<div class=\"e-con-inner\">\n\t\t<div class=\"elementor-element elementor-element-3d6e16c e-con-full e-flex e-con e-child\" data-id=\"3d6e16c\" data-element_type=\"container\" data-e-type=\"container\" data-settings=\"{&quot;background_background&quot;:&quot;classic&quot;}\">\n\t\t\t\t<div class=\"elementor-element elementor-element-32b4b27 elementor-widget elementor-widget-heading\" data-id=\"32b4b27\" data-element_type=\"widget\" data-e-type=\"widget\" data-widget_type=\"heading.default\">\n\t\t\t\t<div class=\"elementor-widget-container\">\n\t\t\t\t\t<h2 class=\"elementor-heading-title elementor-size-default\">Girl 1<\/h2>\t\t\t\t<\/div>\n\t\t\t\t<\/div>\n\t\t\t\t<div class=\"elementor-element elementor-element-3041926 elementor-widget-divider--view-line elementor-widget elementor-widget-divider\" data-id=\"3041926\" data-element_type=\"widget\" data-e-type=\"widget\" data-widget_type=\"divider.default\">\n\t\t\t\t<div class=\"elementor-widget-container\">\n\t\t\t\t\t\t\t<div class=\"elementor-divider\">\n\t\t\t<span class=\"elementor-divider-separator\">\n\t\t\t\t\t\t<\/span>\n\t\t<\/div>\n\t\t\t\t\t\t<\/div>\n\t\t\t\t<\/div>\n\t\t\t\t<\/div>\n\t\t<div class=\"elementor-element elementor-element-543a4ab e-con-full e-flex e-con e-child\" data-id=\"543a4ab\" data-element_type=\"container\" data-e-type=\"container\" data-settings=\"{&quot;background_background&quot;:&quot;classic&quot;}\">\n\t\t\t\t<div class=\"elementor-element elementor-element-39a6337 elementor-widget__width-initial elementor-widget elementor-widget-text-editor\" data-id=\"39a6337\" data-element_type=\"widget\" data-e-type=\"widget\" data-widget_type=\"text-editor.default\">\n\t\t\t\t<div class=\"elementor-widget-container\">\n\t\t\t\t\t\t\t\t\t<div id=\"lipsum\"><div id=\"lipsum\"><div id=\"lipsum\"><p>Fond\u00e9e en 2020, l&rsquo;initiative Girl1 est le nouveau programme de Kailash Home. \u00c0 travers des \u00e9v\u00e9nements et des ateliers cr\u00e9atifs, l&rsquo;\u00e9ducation et un dialogue ouvert, Girl1 vise \u00e0 autonomiser les gar\u00e7ons et les filles du Kailash Home, dans le but de cr\u00e9er une vie prosp\u00e8re, bas\u00e9e sur la s\u00e9curit\u00e9 et l&rsquo;\u00e9galit\u00e9, non seulement pour les enfants, mais aussi pour leurs familles et leurs communaut\u00e9s. Alors que le N\u00e9pal et le reste du monde luttent pour l&rsquo;\u00e9galit\u00e9 des sexes, la Fondation Kailash Home est convaincue que l&rsquo;autonomisation des filles peut changer la trajectoire du monde.<\/p><\/div><\/div><\/div>\t\t\t\t\t\t\t\t<\/div>\n\t\t\t\t<\/div>\n\t\t\t\t<\/div>\n\t\t<div class=\"elementor-element elementor-element-69788ff e-con-full e-flex e-con e-child\" data-id=\"69788ff\" data-element_type=\"container\" data-e-type=\"container\">\n\t\t\t\t<div class=\"elementor-element elementor-element-737aee0 elementor-widget elementor-widget-image-carousel\" data-id=\"737aee0\" data-element_type=\"widget\" data-e-type=\"widget\" data-settings=\"{&quot;slides_to_show&quot;:&quot;1&quot;,&quot;navigation&quot;:&quot;none&quot;,&quot;effect&quot;:&quot;fade&quot;,&quot;speed&quot;:1000,&quot;autoplay&quot;:&quot;yes&quot;,&quot;pause_on_hover&quot;:&quot;yes&quot;,&quot;pause_on_interaction&quot;:&quot;yes&quot;,&quot;autoplay_speed&quot;:5000,&quot;infinite&quot;:&quot;yes&quot;}\" data-widget_type=\"image-carousel.default\">\n\t\t\t\t<div class=\"elementor-widget-container\">\n\t\t\t\t\t\t\t<div class=\"elementor-image-carousel-wrapper swiper\" role=\"region\" aria-roledescription=\"carousel\" aria-label=\"Carrousel d\u2019images\" dir=\"ltr\">\n\t\t\t<div class=\"elementor-image-carousel swiper-wrapper\" aria-live=\"off\">\n\t\t\t\t\t\t\t\t<div class=\"swiper-slide\" role=\"group\" aria-roledescription=\"slide\" aria-label=\"1 sur 4\"><figure class=\"swiper-slide-inner\"><img decoding=\"async\" class=\"swiper-slide-image\" src=\"https:\/\/kailashhomefoundation.org\/wp-content\/uploads\/2024\/03\/SIM_0445copyc-1024x767.jpg\" alt=\"SIM_0445+copyc\" \/><\/figure><\/div><div class=\"swiper-slide\" role=\"group\" aria-roledescription=\"slide\" aria-label=\"2 sur 4\"><figure class=\"swiper-slide-inner\"><img decoding=\"async\" class=\"swiper-slide-image\" src=\"https:\/\/kailashhomefoundation.org\/wp-content\/uploads\/2024\/03\/SIM_0121-1024x767.jpg\" alt=\"SIM_0121\" \/><\/figure><\/div><div class=\"swiper-slide\" role=\"group\" aria-roledescription=\"slide\" aria-label=\"3 sur 4\"><figure class=\"swiper-slide-inner\"><img decoding=\"async\" class=\"swiper-slide-image\" src=\"https:\/\/kailashhomefoundation.org\/wp-content\/uploads\/2024\/03\/Sin-titulo-1-1024x767.jpg\" alt=\"Sin t\u00c3\u00adtulo-1\" \/><\/figure><\/div><div class=\"swiper-slide\" role=\"group\" aria-roledescription=\"slide\" aria-label=\"4 sur 4\"><figure class=\"swiper-slide-inner\"><img decoding=\"async\" class=\"swiper-slide-image\" src=\"https:\/\/kailashhomefoundation.org\/wp-content\/uploads\/2024\/03\/dfdfdd-1024x767.jpg\" alt=\"dfdfdd\" \/><\/figure><\/div>\t\t\t<\/div>\n\t\t\t\t\t\t\t\n\t\t\t\t\t\t\t\t\t<\/div>\n\t\t\t\t\t\t<\/div>\n\t\t\t\t<\/div>\n\t\t\t\t<\/div>\n\t\t\t\t\t<\/div>\n\t\t\t\t<\/div>\n\t\t<div class=\"elementor-element elementor-element-7f615dc e-flex e-con-boxed e-con e-parent\" data-id=\"7f615dc\" data-element_type=\"container\" data-e-type=\"container\" data-settings=\"{&quot;background_background&quot;:&quot;classic&quot;}\">\n\t\t\t\t\t<div class=\"e-con-inner\">\n\t\t\t\t<div class=\"elementor-element elementor-element-e1c1281 elementor-widget-divider--view-line_text elementor-widget-divider--element-align-center elementor-invisible elementor-widget elementor-widget-divider\" data-id=\"e1c1281\" data-element_type=\"widget\" data-e-type=\"widget\" data-settings=\"{&quot;_animation&quot;:&quot;zoomIn&quot;}\" data-widget_type=\"divider.default\">\n\t\t\t\t<div class=\"elementor-widget-container\">\n\t\t\t\t\t\t\t<div class=\"elementor-divider\">\n\t\t\t<span class=\"elementor-divider-separator\">\n\t\t\t\t\t\t\t<h1 class=\"elementor-divider__text elementor-divider__element\">\n\t\t\t\t#OneGirlHerWorld\t\t\t\t<\/h1>\n\t\t\t\t\t\t<\/span>\n\t\t<\/div>\n\t\t\t\t\t\t<\/div>\n\t\t\t\t<\/div>\n\t\t\t\t\t<\/div>\n\t\t\t\t<\/div>\n\t\t<div class=\"elementor-element elementor-element-d1eb4db e-flex e-con-boxed e-con e-parent\" data-id=\"d1eb4db\" data-element_type=\"container\" data-e-type=\"container\" data-settings=\"{&quot;background_background&quot;:&quot;classic&quot;}\">\n\t\t\t\t\t<div class=\"e-con-inner\">\n\t\t<div class=\"elementor-element elementor-element-4d2f070 e-con-full e-flex e-con e-child\" data-id=\"4d2f070\" data-element_type=\"container\" data-e-type=\"container\" data-settings=\"{&quot;background_background&quot;:&quot;classic&quot;}\">\n\t\t\t\t<div class=\"elementor-element elementor-element-844389b elementor-widget elementor-widget-heading\" data-id=\"844389b\" data-element_type=\"widget\" data-e-type=\"widget\" data-widget_type=\"heading.default\">\n\t\t\t\t<div class=\"elementor-widget-container\">\n\t\t\t\t\t<h2 class=\"elementor-heading-title elementor-size-default\">\u00c0 propos de l'initiative de Girl 1<\/h2>\t\t\t\t<\/div>\n\t\t\t\t<\/div>\n\t\t\t\t<div class=\"elementor-element elementor-element-bbbaa36 elementor-widget__width-initial elementor-widget elementor-widget-text-editor\" data-id=\"bbbaa36\" data-element_type=\"widget\" data-e-type=\"widget\" data-widget_type=\"text-editor.default\">\n\t\t\t\t<div class=\"elementor-widget-container\">\n\t\t\t\t\t\t\t\t\t<p>Alors que les femmes et les filles repr\u00e9sentent plus de la moiti\u00e9 de la population mondiale, leur situation dans de nombreuses r\u00e9gions du monde reste in\u00e9gale \u00e0 celle de leurs homologues masculins. Au N\u00e9pal, les femmes et les filles sont encore moins susceptibles de b\u00e9n\u00e9ficier de ressources \u00e9ducatives et gouvernementales, et des tabous et des traditions de longue date les laissent souvent d\u00e9savantag\u00e9es, voire clairement en danger. Alors que le N\u00e9pal et le reste du monde luttent pour l&rsquo;\u00e9galit\u00e9 des sexes, la Fondation Kailash Home, en partenariat avec HCF et HYF, s&rsquo;efforce de faire sa part \u00e0 travers une solide initiative \u00e9ducative et communautaire. Les activit\u00e9s de Girl1 couvrent une grande vari\u00e9t\u00e9 de sujets pertinents avec des femmes leaders et mod\u00e8les n\u00e9palaises et mondiales qui collaborent avec nous en partageant leurs exp\u00e9riences.<\/p>\t\t\t\t\t\t\t\t<\/div>\n\t\t\t\t<\/div>\n\t\t\t\t<div class=\"elementor-element elementor-element-ea4d618 elementor-widget__width-initial elementor-widget elementor-widget-text-editor\" data-id=\"ea4d618\" data-element_type=\"widget\" data-e-type=\"widget\" data-widget_type=\"text-editor.default\">\n\t\t\t\t<div class=\"elementor-widget-container\">\n\t\t\t\t\t\t\t\t\t<div class=\"flex-1 overflow-hidden\"><div class=\"react-scroll-to-bottom--css-efkoz-79elbk h-full\"><div class=\"react-scroll-to-bottom--css-efkoz-1n7m0yu\"><div class=\"flex flex-col text-sm pb-9\"><div class=\"w-full text-token-text-primary\" data-testid=\"conversation-turn-9\"><div class=\"px-4 py-2 justify-center text-base md:gap-6 m-auto\"><div class=\"flex flex-1 text-base mx-auto gap-3 md:px-5 lg:px-1 xl:px-5 md:max-w-3xl lg:max-w-[40rem] xl:max-w-[48rem] group final-completion\"><div class=\"relative flex w-full flex-col agent-turn\"><div class=\"flex-col gap-1 md:gap-3\"><div class=\"flex flex-grow flex-col max-w-full\"><div class=\"min-h-[20px] text-message flex flex-col items-start gap-3 whitespace-pre-wrap break-words [.text-message+&amp;]:mt-5 overflow-x-auto\" data-message-author-role=\"assistant\" data-message-id=\"af02827b-1470-46cc-ba51-7940fae49576\"><div class=\"markdown prose w-full break-words dark:prose-invert dark\"><p style=\"text-align: center;\">\u00ab\u00a0Lorsque vous donnez du pouvoir \u00e0 une fille,<br \/>vous transformez une communaut\u00e9\u00a0\u00bb<\/p><\/div><\/div><\/div><\/div><\/div><\/div><\/div><\/div><\/div><\/div><\/div><\/div>\t\t\t\t\t\t\t\t<\/div>\n\t\t\t\t<\/div>\n\t\t\t\t<\/div>\n\t\t\t\t\t<\/div>\n\t\t\t\t<\/div>\n\t\t<div class=\"elementor-element elementor-element-2185cfb e-flex e-con-boxed e-con e-parent\" data-id=\"2185cfb\" data-element_type=\"container\" data-e-type=\"container\" data-settings=\"{&quot;background_background&quot;:&quot;classic&quot;}\">\n\t\t\t\t\t<div class=\"e-con-inner\">\n\t\t\t\t<div class=\"elementor-element elementor-element-15298f8 elementor-widget-divider--view-line elementor-widget elementor-widget-divider\" data-id=\"15298f8\" data-element_type=\"widget\" data-e-type=\"widget\" data-widget_type=\"divider.default\">\n\t\t\t\t<div class=\"elementor-widget-container\">\n\t\t\t\t\t\t\t<div class=\"elementor-divider\">\n\t\t\t<span class=\"elementor-divider-separator\">\n\t\t\t\t\t\t<\/span>\n\t\t<\/div>\n\t\t\t\t\t\t<\/div>\n\t\t\t\t<\/div>\n\t\t\t\t\t<\/div>\n\t\t\t\t<\/div>\n\t\t\t\t<\/div>\n\t\t","protected":false},"excerpt":{"rendered":"<p>Girl 1 Fond\u00e9e en 2020, l&rsquo;initiative Girl1 est le nouveau programme de Kailash Home. \u00c0 travers des \u00e9v\u00e9nements et des ateliers cr\u00e9atifs, l&rsquo;\u00e9ducation et un dialogue ouvert, Girl1 vise \u00e0 autonomiser les gar\u00e7ons et les filles du Kailash Home, dans le but de cr\u00e9er une vie prosp\u00e8re, bas\u00e9e sur la s\u00e9curit\u00e9 et l&rsquo;\u00e9galit\u00e9, non seulement&hellip;<\/p>\n","protected":false},"author":1,"featured_media":0,"parent":0,"menu_order":10,"comment_status":"closed","ping_status":"closed","template":"elementor_header_footer","meta":{"footnotes":""},"class_list":["post-90855","page","type-page","status-publish","hentry"],"_links":{"self":[{"href":"https:\/\/kailashhomefoundation.org\/fr\/wp-json\/wp\/v2\/pages\/90855","targetHints":{"allow":["GET"]}}],"collection":[{"href":"https:\/\/kailashhomefoundation.org\/fr\/wp-json\/wp\/v2\/pages"}],"about":[{"href":"https:\/\/kailashhomefoundation.org\/fr\/wp-json\/wp\/v2\/types\/page"}],"author":[{"embeddable":true,"href":"https:\/\/kailashhomefoundation.org\/fr\/wp-json\/wp\/v2\/users\/1"}],"replies":[{"embeddable":true,"href":"https:\/\/kailashhomefoundation.org\/fr\/wp-json\/wp\/v2\/comments?post=90855"}],"version-history":[{"count":6,"href":"https:\/\/kailashhomefoundation.org\/fr\/wp-json\/wp\/v2\/pages\/90855\/revisions"}],"predecessor-version":[{"id":90861,"href":"https:\/\/kailashhomefoundation.org\/fr\/wp-json\/wp\/v2\/pages\/90855\/revisions\/90861"}],"wp:attachment":[{"href":"https:\/\/kailashhomefoundation.org\/fr\/wp-json\/wp\/v2\/media?parent=90855"}],"curies":[{"name":"wp","href":"https:\/\/api.w.org\/{rel}","templated":true}]}}