{"id":90850,"date":"2024-04-15T14:42:17","date_gmt":"2024-04-15T14:42:17","guid":{"rendered":"https:\/\/kailashhomefoundation.org\/fes-un-donatiu"},"modified":"2024-09-03T13:21:36","modified_gmt":"2024-09-03T13:21:36","slug":"fes-un-donatiu","status":"publish","type":"page","link":"https:\/\/kailashhomefoundation.org\/fr\/fes-un-donatiu","title":{"rendered":"Faire un don"},"content":{"rendered":"\t\t<div data-elementor-type=\"wp-page\" data-elementor-id=\"90850\" class=\"elementor elementor-90850 elementor-88520\" data-elementor-post-type=\"page\">\n\t\t\t\t<div class=\"elementor-element elementor-element-4bed5f9 e-flex e-con-boxed e-con e-parent\" data-id=\"4bed5f9\" data-element_type=\"container\" data-e-type=\"container\">\n\t\t\t\t\t<div class=\"e-con-inner\">\n\t\t\t\t<div class=\"elementor-element elementor-element-2ca9227 elementor-widget-divider--view-line elementor-widget elementor-widget-divider\" data-id=\"2ca9227\" data-element_type=\"widget\" data-e-type=\"widget\" data-widget_type=\"divider.default\">\n\t\t\t\t<div class=\"elementor-widget-container\">\n\t\t\t\t\t\t\t<div class=\"elementor-divider\">\n\t\t\t<span class=\"elementor-divider-separator\">\n\t\t\t\t\t\t<\/span>\n\t\t<\/div>\n\t\t\t\t\t\t<\/div>\n\t\t\t\t<\/div>\n\t\t\t\t\t<\/div>\n\t\t\t\t<\/div>\n\t\t<div class=\"elementor-element elementor-element-4e2229a e-flex e-con-boxed elementor-invisible e-con e-parent\" data-id=\"4e2229a\" data-element_type=\"container\" data-e-type=\"container\" data-settings=\"{&quot;animation&quot;:&quot;fadeInUp&quot;}\">\n\t\t\t\t\t<div class=\"e-con-inner\">\n\t\t<div class=\"elementor-element elementor-element-f3fe9fb e-flex e-con-boxed e-con e-child\" data-id=\"f3fe9fb\" data-element_type=\"container\" data-e-type=\"container\">\n\t\t\t\t\t<div class=\"e-con-inner\">\n\t\t\t\t<div class=\"elementor-element elementor-element-14a2e49 elementor-widget elementor-widget-image\" data-id=\"14a2e49\" data-element_type=\"widget\" data-e-type=\"widget\" data-widget_type=\"image.default\">\n\t\t\t\t<div class=\"elementor-widget-container\">\n\t\t\t\t\t\t\t\t\t\t\t\t\t\t\t<img fetchpriority=\"high\" decoding=\"async\" width=\"900\" height=\"675\" src=\"https:\/\/kailashhomefoundation.org\/wp-content\/uploads\/revslider\/charity-help1\/unnamed.jpg\" class=\"attachment-large size-large wp-image-87271\" alt=\"\" srcset=\"https:\/\/kailashhomefoundation.org\/wp-content\/uploads\/revslider\/charity-help1\/unnamed.jpg 900w, https:\/\/kailashhomefoundation.org\/wp-content\/uploads\/revslider\/charity-help1\/unnamed-300x225.jpg 300w, https:\/\/kailashhomefoundation.org\/wp-content\/uploads\/revslider\/charity-help1\/unnamed-768x576.jpg 768w\" sizes=\"(max-width: 900px) 100vw, 900px\" \/>\t\t\t\t\t\t\t\t\t\t\t\t\t\t\t<\/div>\n\t\t\t\t<\/div>\n\t\t\t\t<div class=\"elementor-element elementor-element-14e62b2 elementor-widget elementor-widget-spacer\" data-id=\"14e62b2\" data-element_type=\"widget\" data-e-type=\"widget\" data-widget_type=\"spacer.default\">\n\t\t\t\t<div class=\"elementor-widget-container\">\n\t\t\t\t\t\t\t<div class=\"elementor-spacer\">\n\t\t\t<div class=\"elementor-spacer-inner\"><\/div>\n\t\t<\/div>\n\t\t\t\t\t\t<\/div>\n\t\t\t\t<\/div>\n\t\t\t\t\t<\/div>\n\t\t\t\t<\/div>\n\t\t\t\t\t<\/div>\n\t\t\t\t<\/div>\n\t\t<div class=\"elementor-element elementor-element-aa484d8 e-flex e-con-boxed e-con e-parent\" data-id=\"aa484d8\" data-element_type=\"container\" data-e-type=\"container\">\n\t\t\t\t\t<div class=\"e-con-inner\">\n\t\t\t\t<div class=\"elementor-element elementor-element-b4e8e3a elementor-widget-mobile__width-inherit elementor-invisible elementor-widget elementor-widget-heading\" data-id=\"b4e8e3a\" data-element_type=\"widget\" data-e-type=\"widget\" data-settings=\"{&quot;_animation&quot;:&quot;zoomIn&quot;}\" data-widget_type=\"heading.default\">\n\t\t\t\t<div class=\"elementor-widget-container\">\n\t\t\t\t\t<h2 class=\"elementor-heading-title elementor-size-default\">Faire un don aujourd\u2019hui et changez leur avenir<\/h2>\t\t\t\t<\/div>\n\t\t\t\t<\/div>\n\t\t\t\t<div class=\"elementor-element elementor-element-cdb5381 elementor-widget elementor-widget-text-editor\" data-id=\"cdb5381\" data-element_type=\"widget\" data-e-type=\"widget\" data-widget_type=\"text-editor.default\">\n\t\t\t\t<div class=\"elementor-widget-container\">\n\t\t\t\t\t\t\t\t\t<p style=\"text-align: center;\">Votre don b\u00e9n\u00e9ficiera directement aux enfants les plus n\u00e9cessiteux des r\u00e9gions les plus recul\u00e9es du N\u00e9pal. Notre objectif est de transformer ces enfants en adultes ind\u00e9pendants dot\u00e9s d\u2019un avenir digne gr\u00e2ce \u00e0 l\u2019\u00e9ducation et \u00e0 l\u2019amour de leur culture. Nous sommes convaincus qu&rsquo;allouer des ressources, du temps et de l&rsquo;amour \u00e0 chaque enfant les aide \u00e0 am\u00e9liorer non seulement leur vie mais aussi celle de leur famille et de leur communaut\u00e9.<\/p>\t\t\t\t\t\t\t\t<\/div>\n\t\t\t\t<\/div>\n\t\t\t\t\t<\/div>\n\t\t\t\t<\/div>\n\t\t\t\t<section class=\"elementor-section elementor-top-section elementor-element elementor-element-a9aee12 elementor-section-full_width elementor-section-height-default elementor-section-height-default\" data-id=\"a9aee12\" data-element_type=\"section\" data-e-type=\"section\" data-settings=\"{&quot;background_background&quot;:&quot;classic&quot;}\">\n\t\t\t\t\t\t<div class=\"elementor-container elementor-column-gap-wide\">\n\t\t\t\t\t<div class=\"elementor-column elementor-col-50 elementor-top-column elementor-element elementor-element-1a6734b\" data-id=\"1a6734b\" data-element_type=\"column\" data-e-type=\"column\">\n\t\t\t<div class=\"elementor-widget-wrap elementor-element-populated\">\n\t\t\t\t\t\t<div class=\"elementor-element elementor-element-1598ef1 elementor-widget elementor-widget-spacer\" data-id=\"1598ef1\" data-element_type=\"widget\" data-e-type=\"widget\" data-widget_type=\"spacer.default\">\n\t\t\t\t<div class=\"elementor-widget-container\">\n\t\t\t\t\t\t\t<div class=\"elementor-spacer\">\n\t\t\t<div class=\"elementor-spacer-inner\"><\/div>\n\t\t<\/div>\n\t\t\t\t\t\t<\/div>\n\t\t\t\t<\/div>\n\t\t\t\t<div class=\"elementor-element elementor-element-8a05efc elementor-widget elementor-widget-heading\" data-id=\"8a05efc\" data-element_type=\"widget\" data-e-type=\"widget\" data-widget_type=\"heading.default\">\n\t\t\t\t<div class=\"elementor-widget-container\">\n\t\t\t\t\t<h3 class=\"elementor-heading-title elementor-size-default\">Fondation Kailash Home<\/h3>\t\t\t\t<\/div>\n\t\t\t\t<\/div>\n\t\t\t\t<div class=\"elementor-element elementor-element-898659a elementor-widget elementor-widget-text-editor\" data-id=\"898659a\" data-element_type=\"widget\" data-e-type=\"widget\" data-widget_type=\"text-editor.default\">\n\t\t\t\t<div class=\"elementor-widget-container\">\n\t\t\t\t\t\t\t\t\t<p style=\"text-align: left;\">Pla\u00e7a de la Germandat, n\u00ba 9 <br \/>AD600, Sant Juli\u00e0 de L\u00f2ria.<\/p><p>Andorre<\/p>\t\t\t\t\t\t\t\t<\/div>\n\t\t\t\t<\/div>\n\t\t<div class=\"elementor-element elementor-element-209f608 e-flex e-con-boxed e-con e-parent\" data-id=\"209f608\" data-element_type=\"container\" data-e-type=\"container\">\n\t\t\t\t\t<div class=\"e-con-inner\">\n\t\t\t\t<div class=\"elementor-element elementor-element-3548401 elementor-grid-4 elementor-widget__width-initial e-grid-align-left elementor-shape-rounded elementor-widget elementor-widget-social-icons\" data-id=\"3548401\" data-element_type=\"widget\" data-e-type=\"widget\" data-widget_type=\"social-icons.default\">\n\t\t\t\t<div class=\"elementor-widget-container\">\n\t\t\t\t\t\t\t<div class=\"elementor-social-icons-wrapper elementor-grid\" role=\"list\">\n\t\t\t\t\t\t\t<span class=\"elementor-grid-item\" role=\"listitem\">\n\t\t\t\t\t<a class=\"elementor-icon elementor-social-icon elementor-social-icon- elementor-animation-pulse elementor-repeater-item-78e5cff\" href=\"https:\/\/www.instagram.com\/kailashhome_foundation\/\" target=\"_blank\">\n\t\t\t\t\t\t<span class=\"elementor-screen-only\"><\/span>\n\t\t\t\t\t\t<svg xmlns=\"http:\/\/www.w3.org\/2000\/svg\" width=\"22\" height=\"22\" viewBox=\"0 0 22 22\" fill=\"none\"><path d=\"M16 1H6C3.23858 1 1 3.23858 1 6V16C1 18.7614 3.23858 21 6 21H16C18.7614 21 21 18.7614 21 16V6C21 3.23858 18.7614 1 16 1Z\" stroke=\"#1E1E1E\" stroke-width=\"2\" stroke-linecap=\"round\" stroke-linejoin=\"round\"><\/path><path d=\"M15 10.3703C15.1234 11.2025 14.9813 12.0525 14.5938 12.7993C14.2063 13.5461 13.5932 14.1517 12.8416 14.53C12.0901 14.9082 11.2385 15.0399 10.4078 14.9062C9.57714 14.7726 8.80977 14.3804 8.21485 13.7855C7.61993 13.1905 7.22774 12.4232 7.09408 11.5925C6.96042 10.7619 7.09208 9.9102 7.47034 9.15868C7.8486 8.40716 8.4542 7.79404 9.201 7.40654C9.9478 7.01904 10.7978 6.87689 11.63 7.0003C12.4789 7.12619 13.2649 7.52176 13.8717 8.12861C14.4785 8.73545 14.8741 9.52138 15 10.3703Z\" stroke=\"#1E1E1E\" stroke-width=\"2\" stroke-linecap=\"round\" stroke-linejoin=\"round\"><\/path><path d=\"M16.5 5.5H16.51\" stroke=\"#1E1E1E\" stroke-width=\"2\" stroke-linecap=\"round\" stroke-linejoin=\"round\"><\/path><\/svg>\t\t\t\t\t<\/a>\n\t\t\t\t<\/span>\n\t\t\t\t\t\t\t<span class=\"elementor-grid-item\" role=\"listitem\">\n\t\t\t\t\t<a class=\"elementor-icon elementor-social-icon elementor-social-icon- elementor-animation-pulse elementor-repeater-item-9f9de36\" href=\"https:\/\/www.facebook.com\/KailashHomeFoundation\" target=\"_blank\">\n\t\t\t\t\t\t<span class=\"elementor-screen-only\"><\/span>\n\t\t\t\t\t\t<svg xmlns=\"http:\/\/www.w3.org\/2000\/svg\" width=\"11\" height=\"20\" viewBox=\"0 0 11 20\" fill=\"none\"><path d=\"M11 0H8C6.67392 0 5.40215 0.526784 4.46447 1.46447C3.52678 2.40215 3 3.67392 3 5V8H0V12H3V20H7V12H10L11 8H7V5C7 4.73478 7.10536 4.48043 7.29289 4.29289C7.48043 4.10536 7.73478 4 8 4H11V0Z\" fill=\"#1E1E1E\"><\/path><\/svg>\t\t\t\t\t<\/a>\n\t\t\t\t<\/span>\n\t\t\t\t\t\t\t<span class=\"elementor-grid-item\" role=\"listitem\">\n\t\t\t\t\t<a class=\"elementor-icon elementor-social-icon elementor-social-icon- elementor-animation-pulse elementor-repeater-item-f278d68\" href=\"https:\/\/twitter.com\/mhf_foundation\" target=\"_blank\">\n\t\t\t\t\t\t<span class=\"elementor-screen-only\"><\/span>\n\t\t\t\t\t\t<svg xmlns=\"http:\/\/www.w3.org\/2000\/svg\" fill-rule=\"evenodd\" clip-rule=\"evenodd\" viewBox=\"0 0 512 462.799\"><path fill-rule=\"nonzero\" d=\"M403.229 0h78.506L310.219 196.04 512 462.799H354.002L230.261 301.007 88.669 462.799h-78.56l183.455-209.683L0 0h161.999l111.856 147.88L403.229 0zm-27.556 415.805h43.505L138.363 44.527h-46.68l283.99 371.278z\"><\/path><\/svg>\t\t\t\t\t<\/a>\n\t\t\t\t<\/span>\n\t\t\t\t\t\t\t<span class=\"elementor-grid-item\" role=\"listitem\">\n\t\t\t\t\t<a class=\"elementor-icon elementor-social-icon elementor-social-icon- elementor-animation-pulse elementor-repeater-item-26fa1c4\" href=\"https:\/\/www.linkedin.com\/company\/kailashhomefoundation\/\" target=\"_blank\">\n\t\t\t\t\t\t<span class=\"elementor-screen-only\"><\/span>\n\t\t\t\t\t\t<svg xmlns=\"http:\/\/www.w3.org\/2000\/svg\" width=\"20\" height=\"19\" viewBox=\"0 0 20 19\" fill=\"none\"><path d=\"M14 6C15.5913 6 17.1174 6.63214 18.2426 7.75736C19.3679 8.88258 20 10.4087 20 12V19H16V12C16 11.4696 15.7893 10.9609 15.4142 10.5858C15.0391 10.2107 14.5304 10 14 10C13.4696 10 12.9609 10.2107 12.5858 10.5858C12.2107 10.9609 12 11.4696 12 12V19H8V12C8 10.4087 8.63214 8.88258 9.75736 7.75736C10.8826 6.63214 12.4087 6 14 6Z\" fill=\"#1E1E1E\"><\/path><path d=\"M4 7H0V19H4V7Z\" fill=\"#1E1E1E\"><\/path><path d=\"M2 4C3.10457 4 4 3.10457 4 2C4 0.89543 3.10457 0 2 0C0.89543 0 0 0.89543 0 2C0 3.10457 0.89543 4 2 4Z\" fill=\"#1E1E1E\"><\/path><\/svg>\t\t\t\t\t<\/a>\n\t\t\t\t<\/span>\n\t\t\t\t\t<\/div>\n\t\t\t\t\t\t<\/div>\n\t\t\t\t<\/div>\n\t\t\t\t\t<\/div>\n\t\t\t\t<\/div>\n\t\t\t\t\t<\/div>\n\t\t<\/div>\n\t\t\t\t<div class=\"elementor-column elementor-col-50 elementor-top-column elementor-element elementor-element-1e9481d\" data-id=\"1e9481d\" data-element_type=\"column\" data-e-type=\"column\" data-settings=\"{&quot;background_background&quot;:&quot;classic&quot;}\">\n\t\t\t<div class=\"elementor-widget-wrap elementor-element-populated\">\n\t\t\t\t\t\t<div class=\"elementor-element elementor-element-06f310d elementor-widget elementor-widget-heading\" data-id=\"06f310d\" data-element_type=\"widget\" data-e-type=\"widget\" data-widget_type=\"heading.default\">\n\t\t\t\t<div class=\"elementor-widget-container\">\n\t\t\t\t\t<h3 class=\"elementor-heading-title elementor-size-default\">Faire un don <\/h3>\t\t\t\t<\/div>\n\t\t\t\t<\/div>\n\t\t\t\t<div class=\"elementor-element elementor-element-7210157 elementor-widget elementor-widget-text-editor\" data-id=\"7210157\" data-element_type=\"widget\" data-e-type=\"widget\" data-widget_type=\"text-editor.default\">\n\t\t\t\t<div class=\"elementor-widget-container\">\n\t\t\t\t\t\t\t\t\t<p>\n<div class=\"wpcf7 no-js\" id=\"wpcf7-f91016-o1\" lang=\"fr-FR\" dir=\"ltr\" data-wpcf7-id=\"91016\">\n<div class=\"screen-reader-response\"><p role=\"status\" aria-live=\"polite\" aria-atomic=\"true\"><\/p> <ul><\/ul><\/div>\n<form action=\"\/fr\/wp-json\/wp\/v2\/pages\/90850#wpcf7-f91016-o1\" method=\"post\" class=\"wpcf7-form init\" aria-label=\"Formulaire de contact\" novalidate=\"novalidate\" data-status=\"init\">\n<fieldset class=\"hidden-fields-container\"><input type=\"hidden\" name=\"_wpcf7\" value=\"91016\" \/><input type=\"hidden\" name=\"_wpcf7_version\" value=\"6.1.5\" \/><input type=\"hidden\" name=\"_wpcf7_locale\" value=\"fr_FR\" \/><input type=\"hidden\" name=\"_wpcf7_unit_tag\" value=\"wpcf7-f91016-o1\" \/><input type=\"hidden\" name=\"_wpcf7_container_post\" value=\"0\" \/><input type=\"hidden\" name=\"_wpcf7_posted_data_hash\" value=\"\" \/><input type=\"hidden\" name=\"_wpcf7_recaptcha_response\" value=\"\" \/>\n<\/fieldset>\n<div class=\"FormularioDonativo\">\n\t<p><span class=\"wpcf7-form-control-wrap\" data-name=\"your-name\"><input size=\"40\" maxlength=\"400\" class=\"wpcf7-form-control wpcf7-text wpcf7-validates-as-required\" autocomplete=\"name\" aria-required=\"true\" aria-invalid=\"false\" placeholder=\"Nom et pr\u00e9nom :\" value=\"\" type=\"text\" name=\"your-name\" \/><\/span><br \/>\n<span class=\"wpcf7-form-control-wrap\" data-name=\"your-email\"><input size=\"40\" maxlength=\"400\" class=\"wpcf7-form-control wpcf7-email wpcf7-validates-as-required wpcf7-text wpcf7-validates-as-email\" autocomplete=\"email\" aria-required=\"true\" aria-invalid=\"false\" placeholder=\"Indiquez votre adresse email...:\" value=\"\" type=\"email\" name=\"your-email\" \/><\/span><br \/>\n<span class=\"wpcf7-form-control-wrap\" data-name=\"dni\"><input size=\"40\" maxlength=\"400\" class=\"wpcf7-form-control wpcf7-text\" autocomplete=\"lastname\" aria-invalid=\"false\" placeholder=\"NRT\/Passeport\/Carte d\u2019identit\u00e9:\" value=\"\" type=\"text\" name=\"dni\" \/><\/span><br \/>\n<span class=\"wpcf7-form-control-wrap\" data-name=\"concepte\"><input size=\"40\" maxlength=\"400\" class=\"wpcf7-form-control wpcf7-text\" autocomplete=\"lastname\" aria-invalid=\"false\" placeholder=\"Concept:\" value=\"\" type=\"text\" name=\"concepte\" \/><\/span>\n\t<\/p>\n\t<p><label> Montant: <\/label><br \/>\n<span class=\"wpcf7-form-control-wrap\" data-name=\"importe\"><span class=\"wpcf7-form-control wpcf7-radio\"><span class=\"wpcf7-list-item first\"><label><input type=\"radio\" name=\"importe\" value=\"10\u20ac\" checked=\"checked\" \/><span class=\"wpcf7-list-item-label\">10\u20ac<\/span><\/label><\/span><span class=\"wpcf7-list-item\"><label><input type=\"radio\" name=\"importe\" value=\"20\u20ac\" \/><span class=\"wpcf7-list-item-label\">20\u20ac<\/span><\/label><\/span><span class=\"wpcf7-list-item last\"><label><input type=\"radio\" name=\"importe\" value=\"50\u20ac\" \/><span class=\"wpcf7-list-item-label\">50\u20ac<\/span><\/label><\/span><\/span><\/span>\n\t<\/p>\n\t<p><input class=\"wpcf7-form-control wpcf7-submit has-spinner BotoDonatiu\" type=\"submit\" value=\"Faire un don\" \/>\n\t<\/p>\n\t<p><label style=\"font-size:10px;\">(*) Cette passerelle est associ\u00e9e au service d&rsquo;achat s\u00e9curis\u00e9 Verified by Visa et n\u00e9cessite des cartes enregistr\u00e9es pour fonctionner en toute s\u00e9curit\u00e9. Cette inscription peut \u00eatre effectu\u00e9e via votre banque ou caissier pendant le processus de paiement. Dans le cas n\u00e9gatif, la transaction ne sera pas r\u00e9alis\u00e9e.<\/label>\n\t<\/p>\n<\/div><div class=\"wpcf7-response-output\" aria-hidden=\"true\"><\/div>\n<\/form>\n<\/div>\n<\/p>\t\t\t\t\t\t\t\t<\/div>\n\t\t\t\t<\/div>\n\t\t\t\t\t<\/div>\n\t\t<\/div>\n\t\t\t\t\t<\/div>\n\t\t<\/section>\n\t\t<div class=\"elementor-element elementor-element-be50487 e-con-full e-flex e-con e-parent\" data-id=\"be50487\" data-element_type=\"container\" data-e-type=\"container\">\n\t\t\t\t<div class=\"elementor-element elementor-element-e062f39 elementor-widget-divider--view-line elementor-widget elementor-widget-divider\" data-id=\"e062f39\" data-element_type=\"widget\" data-e-type=\"widget\" data-widget_type=\"divider.default\">\n\t\t\t\t<div class=\"elementor-widget-container\">\n\t\t\t\t\t\t\t<div class=\"elementor-divider\">\n\t\t\t<span class=\"elementor-divider-separator\">\n\t\t\t\t\t\t<\/span>\n\t\t<\/div>\n\t\t\t\t\t\t<\/div>\n\t\t\t\t<\/div>\n\t\t\t\t<\/div>\n\t\t\t\t<\/div>\n\t\t","protected":false},"excerpt":{"rendered":"<p>Faire un don aujourd\u2019hui et changez leur avenir Votre don b\u00e9n\u00e9ficiera directement aux enfants les plus n\u00e9cessiteux des r\u00e9gions les plus recul\u00e9es du N\u00e9pal. Notre objectif est de transformer ces enfants en adultes ind\u00e9pendants dot\u00e9s d\u2019un avenir digne gr\u00e2ce \u00e0 l\u2019\u00e9ducation et \u00e0 l\u2019amour de leur culture. Nous sommes convaincus qu&rsquo;allouer des ressources, du temps&hellip;<\/p>\n","protected":false},"author":1,"featured_media":0,"parent":0,"menu_order":10,"comment_status":"closed","ping_status":"closed","template":"elementor_header_footer","meta":{"footnotes":""},"class_list":["post-90850","page","type-page","status-publish","hentry"],"_links":{"self":[{"href":"https:\/\/kailashhomefoundation.org\/fr\/wp-json\/wp\/v2\/pages\/90850","targetHints":{"allow":["GET"]}}],"collection":[{"href":"https:\/\/kailashhomefoundation.org\/fr\/wp-json\/wp\/v2\/pages"}],"about":[{"href":"https:\/\/kailashhomefoundation.org\/fr\/wp-json\/wp\/v2\/types\/page"}],"author":[{"embeddable":true,"href":"https:\/\/kailashhomefoundation.org\/fr\/wp-json\/wp\/v2\/users\/1"}],"replies":[{"embeddable":true,"href":"https:\/\/kailashhomefoundation.org\/fr\/wp-json\/wp\/v2\/comments?post=90850"}],"version-history":[{"count":4,"href":"https:\/\/kailashhomefoundation.org\/fr\/wp-json\/wp\/v2\/pages\/90850\/revisions"}],"predecessor-version":[{"id":90854,"href":"https:\/\/kailashhomefoundation.org\/fr\/wp-json\/wp\/v2\/pages\/90850\/revisions\/90854"}],"wp:attachment":[{"href":"https:\/\/kailashhomefoundation.org\/fr\/wp-json\/wp\/v2\/media?parent=90850"}],"curies":[{"name":"wp","href":"https:\/\/api.w.org\/{rel}","templated":true}]}}