{"id":90785,"date":"2024-04-16T09:07:53","date_gmt":"2024-04-16T09:07:53","guid":{"rendered":"https:\/\/kailashhomefoundation.org\/apadrina-un-infant"},"modified":"2024-09-03T13:31:40","modified_gmt":"2024-09-03T13:31:40","slug":"apadrina-un-infant","status":"publish","type":"page","link":"https:\/\/kailashhomefoundation.org\/fr\/apadrina-un-infant","title":{"rendered":"Parrainer un enfant"},"content":{"rendered":"\t\t<div data-elementor-type=\"wp-page\" data-elementor-id=\"90785\" class=\"elementor elementor-90785 elementor-88621\" data-elementor-post-type=\"page\">\n\t\t\t\t<div class=\"elementor-element elementor-element-b3388dc e-con-full e-flex e-con e-parent\" data-id=\"b3388dc\" data-element_type=\"container\" data-e-type=\"container\" data-settings=\"{&quot;background_background&quot;:&quot;classic&quot;}\">\n\t\t\t\t<div class=\"elementor-element elementor-element-5ca630e elementor-widget__width-initial elementor-widget-divider--view-line elementor-widget elementor-widget-divider\" data-id=\"5ca630e\" data-element_type=\"widget\" data-e-type=\"widget\" data-widget_type=\"divider.default\">\n\t\t\t\t<div class=\"elementor-widget-container\">\n\t\t\t\t\t\t\t<div class=\"elementor-divider\">\n\t\t\t<span class=\"elementor-divider-separator\">\n\t\t\t\t\t\t<\/span>\n\t\t<\/div>\n\t\t\t\t\t\t<\/div>\n\t\t\t\t<\/div>\n\t\t\t\t<\/div>\n\t\t<div class=\"elementor-element elementor-element-bafcce4 e-flex e-con-boxed e-con e-parent\" data-id=\"bafcce4\" data-element_type=\"container\" data-e-type=\"container\" data-settings=\"{&quot;background_background&quot;:&quot;classic&quot;}\">\n\t\t\t\t\t<div class=\"e-con-inner\">\n\t\t<div class=\"elementor-element elementor-element-3d6e16c e-con-full e-flex e-con e-child\" data-id=\"3d6e16c\" data-element_type=\"container\" data-e-type=\"container\" data-settings=\"{&quot;background_background&quot;:&quot;classic&quot;}\">\n\t\t\t\t<div class=\"elementor-element elementor-element-32b4b27 elementor-widget elementor-widget-heading\" data-id=\"32b4b27\" data-element_type=\"widget\" data-e-type=\"widget\" data-widget_type=\"heading.default\">\n\t\t\t\t<div class=\"elementor-widget-container\">\n\t\t\t\t\t<h2 class=\"elementor-heading-title elementor-size-default\">Parrainer un enfant<\/h2>\t\t\t\t<\/div>\n\t\t\t\t<\/div>\n\t\t\t\t<div class=\"elementor-element elementor-element-36a8c77 elementor-widget-divider--view-line elementor-widget elementor-widget-divider\" data-id=\"36a8c77\" data-element_type=\"widget\" data-e-type=\"widget\" data-widget_type=\"divider.default\">\n\t\t\t\t<div class=\"elementor-widget-container\">\n\t\t\t\t\t\t\t<div class=\"elementor-divider\">\n\t\t\t<span class=\"elementor-divider-separator\">\n\t\t\t\t\t\t<\/span>\n\t\t<\/div>\n\t\t\t\t\t\t<\/div>\n\t\t\t\t<\/div>\n\t\t\t\t<\/div>\n\t\t<div class=\"elementor-element elementor-element-543a4ab e-con-full e-flex e-con e-child\" data-id=\"543a4ab\" data-element_type=\"container\" data-e-type=\"container\" data-settings=\"{&quot;background_background&quot;:&quot;classic&quot;}\">\n\t\t\t\t<div class=\"elementor-element elementor-element-1092a99 elementor-widget__width-initial elementor-widget elementor-widget-text-editor\" data-id=\"1092a99\" data-element_type=\"widget\" data-e-type=\"widget\" data-widget_type=\"text-editor.default\">\n\t\t\t\t<div class=\"elementor-widget-container\">\n\t\t\t\t\t\t\t\t\t<div id=\"lipsum\"><div id=\"lipsum\"><div id=\"lipsum\"><p>Tous les enfants du Kailash Home sont parrain\u00e9s individuellement, \u00e9tablissant ainsi des relations uniques et durables avec leurs parrains. Le parrainage nous permet de fournir un h\u00e9bergement, de la nourriture, des uniformes et des v\u00eatements, une \u00e9ducation, des soins m\u00e9dicaux et des activit\u00e9s extrascolaires aux gar\u00e7ons et aux filles du Kailash Home.<\/p><\/div><\/div><\/div>\t\t\t\t\t\t\t\t<\/div>\n\t\t\t\t<\/div>\n\t\t\t\t<\/div>\n\t\t<div class=\"elementor-element elementor-element-5308b15 e-con-full e-flex e-con e-child\" data-id=\"5308b15\" data-element_type=\"container\" data-e-type=\"container\" data-settings=\"{&quot;background_background&quot;:&quot;classic&quot;}\">\n\t\t\t\t<div class=\"elementor-element elementor-element-d2ebb56 elementor-widget-divider--view-line elementor-widget elementor-widget-divider\" data-id=\"d2ebb56\" data-element_type=\"widget\" data-e-type=\"widget\" data-widget_type=\"divider.default\">\n\t\t\t\t<div class=\"elementor-widget-container\">\n\t\t\t\t\t\t\t<div class=\"elementor-divider\">\n\t\t\t<span class=\"elementor-divider-separator\">\n\t\t\t\t\t\t<\/span>\n\t\t<\/div>\n\t\t\t\t\t\t<\/div>\n\t\t\t\t<\/div>\n\t\t\t\t<\/div>\n\t\t\t\t\t<\/div>\n\t\t\t\t<\/div>\n\t\t<div class=\"elementor-element elementor-element-4bed5f9 e-flex e-con-boxed e-con e-parent\" data-id=\"4bed5f9\" data-element_type=\"container\" data-e-type=\"container\">\n\t\t\t\t\t<div class=\"e-con-inner\">\n\t\t\t\t<div class=\"elementor-element elementor-element-2ca9227 elementor-widget-divider--view-line elementor-widget elementor-widget-divider\" data-id=\"2ca9227\" data-element_type=\"widget\" data-e-type=\"widget\" data-widget_type=\"divider.default\">\n\t\t\t\t<div class=\"elementor-widget-container\">\n\t\t\t\t\t\t\t<div class=\"elementor-divider\">\n\t\t\t<span class=\"elementor-divider-separator\">\n\t\t\t\t\t\t<\/span>\n\t\t<\/div>\n\t\t\t\t\t\t<\/div>\n\t\t\t\t<\/div>\n\t\t\t\t\t<\/div>\n\t\t\t\t<\/div>\n\t\t<div class=\"elementor-element elementor-element-4e2229a e-con-full e-flex elementor-invisible e-con e-parent\" data-id=\"4e2229a\" data-element_type=\"container\" data-e-type=\"container\" data-settings=\"{&quot;animation&quot;:&quot;fadeInLeft&quot;}\">\n\t\t<div class=\"elementor-element elementor-element-09225e3 e-con-full e-flex e-con e-child\" data-id=\"09225e3\" data-element_type=\"container\" data-e-type=\"container\">\n\t\t\t\t<div class=\"elementor-element elementor-element-d580224 elementor-widget elementor-widget-image\" data-id=\"d580224\" data-element_type=\"widget\" data-e-type=\"widget\" data-widget_type=\"image.default\">\n\t\t\t\t<div class=\"elementor-widget-container\">\n\t\t\t\t\t\t\t\t\t\t\t\t\t\t\t<img fetchpriority=\"high\" decoding=\"async\" width=\"2071\" height=\"1554\" src=\"https:\/\/kailashhomefoundation.org\/wp-content\/uploads\/2024\/04\/sim-0290-3-1.webp\" class=\"attachment-full size-full wp-image-90787\" alt=\"\" srcset=\"https:\/\/kailashhomefoundation.org\/wp-content\/uploads\/2024\/04\/sim-0290-3-1.webp 2071w, https:\/\/kailashhomefoundation.org\/wp-content\/uploads\/2024\/04\/sim-0290-3-1-300x225.webp 300w, https:\/\/kailashhomefoundation.org\/wp-content\/uploads\/2024\/04\/sim-0290-3-1-1024x768.webp 1024w, https:\/\/kailashhomefoundation.org\/wp-content\/uploads\/2024\/04\/sim-0290-3-1-768x576.webp 768w, https:\/\/kailashhomefoundation.org\/wp-content\/uploads\/2024\/04\/sim-0290-3-1-1536x1153.webp 1536w, https:\/\/kailashhomefoundation.org\/wp-content\/uploads\/2024\/04\/sim-0290-3-1-2048x1537.webp 2048w\" sizes=\"(max-width: 2071px) 100vw, 2071px\" \/>\t\t\t\t\t\t\t\t\t\t\t\t\t\t\t<\/div>\n\t\t\t\t<\/div>\n\t\t\t\t<\/div>\n\t\t<div class=\"elementor-element elementor-element-f3fe9fb e-con-full e-flex e-con e-child\" data-id=\"f3fe9fb\" data-element_type=\"container\" data-e-type=\"container\">\n\t\t\t\t<div class=\"elementor-element elementor-element-f256a69 elementor-widget elementor-widget-heading\" data-id=\"f256a69\" data-element_type=\"widget\" data-e-type=\"widget\" data-widget_type=\"heading.default\">\n\t\t\t\t<div class=\"elementor-widget-container\">\n\t\t\t\t\t<h2 class=\"elementor-heading-title elementor-size-default\">\tParraine un enfant au Kailash Home<\/h2>\t\t\t\t<\/div>\n\t\t\t\t<\/div>\n\t\t\t\t<div class=\"elementor-element elementor-element-1d75d91 elementor-widget__width-initial elementor-widget elementor-widget-text-editor\" data-id=\"1d75d91\" data-element_type=\"widget\" data-e-type=\"widget\" data-widget_type=\"text-editor.default\">\n\t\t\t\t<div class=\"elementor-widget-container\">\n\t\t\t\t\t\t\t\t\t<p>La plupart des enfants arrivent au Kailash \u00e0 l&rsquo;\u00e2ge de 5 ou 6 ans et restent avec nous jusqu&rsquo;\u00e0 ce qu&rsquo;ils terminent leurs \u00e9tudes secondaires en 12e ann\u00e9e.<\/p><p>Notre programme de parrainage attribue un parrain \u00e0 chaque enfant arrivant au Kailash pour une dur\u00e9e de 6 ans renouvelable. Le co\u00fbt du parrainage est de 2 000 $ par ann\u00e9e.<\/p><p>Notre objectif principal est d&rsquo;offrir \u00e0 nos gar\u00e7ons et filles un environnement familial stable au Kailash et une relation personnelle durable avec leurs parrains.<\/p><p>Les parrains re\u00e7oivent des rapports d\u00e9taill\u00e9s sur les progr\u00e8s de l&rsquo;enfant \u00e0 l&rsquo;\u00e9cole et au Kailash Home, et le dialogue entre l&rsquo;enfant et le parrain est activement encourag\u00e9 par le biais de lettres, de courriels ou d&rsquo;appels vid\u00e9o, bien que rien ne puisse \u00e9galer l&rsquo;exp\u00e9rience d&rsquo;une visite au N\u00e9pal et d&rsquo;une rencontre avec les enfants face \u00e0 face.<\/p>\t\t\t\t\t\t\t\t<\/div>\n\t\t\t\t<\/div>\n\t\t\t\t<div class=\"elementor-element elementor-element-de5f351 elementor-widget elementor-widget-button\" data-id=\"de5f351\" data-element_type=\"widget\" data-e-type=\"widget\" data-widget_type=\"button.default\">\n\t\t\t\t<div class=\"elementor-widget-container\">\n\t\t\t\t\t\t\t\t\t<div class=\"elementor-button-wrapper\">\n\t\t\t\t\t<a class=\"elementor-button elementor-button-link elementor-size-md\" href=\"https:\/\/kailashhomefoundation.org\/fr\/contacte\">\n\t\t\t\t\t\t<span class=\"elementor-button-content-wrapper\">\n\t\t\t\t\t\t\t\t\t<span class=\"elementor-button-text\">Soyez encourag\u00e9 \u00e0 parrainer un enfant !<\/span>\n\t\t\t\t\t<\/span>\n\t\t\t\t\t<\/a>\n\t\t\t\t<\/div>\n\t\t\t\t\t\t\t\t<\/div>\n\t\t\t\t<\/div>\n\t\t\t\t<\/div>\n\t\t\t\t<\/div>\n\t\t<div class=\"elementor-element elementor-element-af9e5af e-con-full e-flex elementor-invisible e-con e-parent\" data-id=\"af9e5af\" data-element_type=\"container\" data-e-type=\"container\" data-settings=\"{&quot;background_background&quot;:&quot;classic&quot;,&quot;animation&quot;:&quot;fadeInRight&quot;}\">\n\t\t<div class=\"elementor-element elementor-element-4611098 e-con-full e-flex e-con e-child\" data-id=\"4611098\" data-element_type=\"container\" data-e-type=\"container\">\n\t\t\t\t<div class=\"elementor-element elementor-element-ae738d5 elementor-widget__width-initial elementor-widget elementor-widget-heading\" data-id=\"ae738d5\" data-element_type=\"widget\" data-e-type=\"widget\" data-widget_type=\"heading.default\">\n\t\t\t\t<div class=\"elementor-widget-container\">\n\t\t\t\t\t<h2 class=\"elementor-heading-title elementor-size-default\">Parrainage d'\u00e9tudes sup\u00e9rieures.<\/h2>\t\t\t\t<\/div>\n\t\t\t\t<\/div>\n\t\t\t\t<div class=\"elementor-element elementor-element-a7e3671 elementor-widget__width-initial elementor-widget elementor-widget-text-editor\" data-id=\"a7e3671\" data-element_type=\"widget\" data-e-type=\"widget\" data-widget_type=\"text-editor.default\">\n\t\t\t\t<div class=\"elementor-widget-container\">\n\t\t\t\t\t\t\t\t\t<p>Apr\u00e8s avoir quitt\u00e9 Kailash Home une fois termin\u00e9 la 12e ann\u00e9e, beaucoup de nos \u00e9tudiants poursuivent leurs \u00e9tudes dans des \u00e9coles universitaires et professionnelles. Quelle que soit la voie qu\u2019ils choisissent, ils continuent souvent \u00e0 avoir besoin de notre aide et de votre parrainage. Pour moins de 3 000 $ par an, le parrainage couvre les frais de scolarit\u00e9 universitaires, les programmes de formation ou les stages, ainsi que les livres et autres mat\u00e9riels, selon l&rsquo;\u00e9tudiant. Contrairement au programme de parrainage du Kailash Home, le parrainage pour l&rsquo;enseignement sup\u00e9rieur ne comporte pas d&rsquo;engagement annuel minimum, ce qui donne une flexibilit\u00e9 tr\u00e8s int\u00e9ressante pour tous ceux qui ne se sentent pas \u00e0 l&rsquo;aise avec un engagement sur le long terme.<\/p><p>Notre objectif est de donner \u00e0 tous nos gar\u00e7ons et filles des opportunit\u00e9s d&rsquo;enseignement sup\u00e9rieur afin qu&rsquo;ils puissent \u00e9galement r\u00e9ussir une fois qu&rsquo;ils auront quitt\u00e9 Kailash Home en trouvant leur place dans la soci\u00e9t\u00e9 avec une \u00e9ducation solide.<\/p>\t\t\t\t\t\t\t\t<\/div>\n\t\t\t\t<\/div>\n\t\t\t\t<div class=\"elementor-element elementor-element-aefa0d8 elementor-align-left elementor-widget__width-initial elementor-widget elementor-widget-button\" data-id=\"aefa0d8\" data-element_type=\"widget\" data-e-type=\"widget\" data-widget_type=\"button.default\">\n\t\t\t\t<div class=\"elementor-widget-container\">\n\t\t\t\t\t\t\t\t\t<div class=\"elementor-button-wrapper\">\n\t\t\t\t\t<a class=\"elementor-button elementor-button-link elementor-size-md\" href=\"https:\/\/kailashhomefoundation.org\/fr\/fes-un-donatiu\">\n\t\t\t\t\t\t<span class=\"elementor-button-content-wrapper\">\n\t\t\t\t\t\t\t\t\t<span class=\"elementor-button-text\">\tFaites votre don<\/span>\n\t\t\t\t\t<\/span>\n\t\t\t\t\t<\/a>\n\t\t\t\t<\/div>\n\t\t\t\t\t\t\t\t<\/div>\n\t\t\t\t<\/div>\n\t\t\t\t<\/div>\n\t\t<div class=\"elementor-element elementor-element-03ad3e0 e-flex e-con-boxed e-con e-child\" data-id=\"03ad3e0\" data-element_type=\"container\" data-e-type=\"container\">\n\t\t\t\t\t<div class=\"e-con-inner\">\n\t\t\t\t<div class=\"elementor-element elementor-element-11b89c7 elementor-widget elementor-widget-image\" data-id=\"11b89c7\" data-element_type=\"widget\" data-e-type=\"widget\" data-widget_type=\"image.default\">\n\t\t\t\t<div class=\"elementor-widget-container\">\n\t\t\t\t\t\t\t\t\t\t\t\t\t\t\t<img decoding=\"async\" width=\"1024\" height=\"768\" src=\"https:\/\/kailashhomefoundation.org\/wp-content\/uploads\/2024\/04\/img-0702-1-1024x768.webp\" class=\"attachment-large size-large wp-image-90786\" alt=\"\" srcset=\"https:\/\/kailashhomefoundation.org\/wp-content\/uploads\/2024\/04\/img-0702-1-1024x768.webp 1024w, https:\/\/kailashhomefoundation.org\/wp-content\/uploads\/2024\/04\/img-0702-1-300x225.webp 300w, https:\/\/kailashhomefoundation.org\/wp-content\/uploads\/2024\/04\/img-0702-1-768x576.webp 768w, https:\/\/kailashhomefoundation.org\/wp-content\/uploads\/2024\/04\/img-0702-1-1536x1153.webp 1536w, https:\/\/kailashhomefoundation.org\/wp-content\/uploads\/2024\/04\/img-0702-1-2048x1537.webp 2048w\" sizes=\"(max-width: 1024px) 100vw, 1024px\" \/>\t\t\t\t\t\t\t\t\t\t\t\t\t\t\t<\/div>\n\t\t\t\t<\/div>\n\t\t\t\t\t<\/div>\n\t\t\t\t<\/div>\n\t\t\t\t<\/div>\n\t\t<div class=\"elementor-element elementor-element-5dea474 e-flex e-con-boxed e-con e-parent\" data-id=\"5dea474\" data-element_type=\"container\" data-e-type=\"container\" data-settings=\"{&quot;background_background&quot;:&quot;classic&quot;}\">\n\t\t\t\t\t<div class=\"e-con-inner\">\n\t\t\t\t<div class=\"elementor-element elementor-element-9693cd9 elementor-widget-divider--view-line elementor-widget elementor-widget-divider\" data-id=\"9693cd9\" data-element_type=\"widget\" data-e-type=\"widget\" data-widget_type=\"divider.default\">\n\t\t\t\t<div class=\"elementor-widget-container\">\n\t\t\t\t\t\t\t<div class=\"elementor-divider\">\n\t\t\t<span class=\"elementor-divider-separator\">\n\t\t\t\t\t\t<\/span>\n\t\t<\/div>\n\t\t\t\t\t\t<\/div>\n\t\t\t\t<\/div>\n\t\t\t\t\t<\/div>\n\t\t\t\t<\/div>\n\t\t\t\t<\/div>\n\t\t","protected":false},"excerpt":{"rendered":"<p>Parrainer un enfant Tous les enfants du Kailash Home sont parrain\u00e9s individuellement, \u00e9tablissant ainsi des relations uniques et durables avec leurs parrains. Le parrainage nous permet de fournir un h\u00e9bergement, de la nourriture, des uniformes et des v\u00eatements, une \u00e9ducation, des soins m\u00e9dicaux et des activit\u00e9s extrascolaires aux gar\u00e7ons et aux filles du Kailash Home.&hellip;<\/p>\n","protected":false},"author":1,"featured_media":0,"parent":0,"menu_order":10,"comment_status":"closed","ping_status":"closed","template":"elementor_header_footer","meta":{"footnotes":""},"class_list":["post-90785","page","type-page","status-publish","hentry"],"_links":{"self":[{"href":"https:\/\/kailashhomefoundation.org\/fr\/wp-json\/wp\/v2\/pages\/90785","targetHints":{"allow":["GET"]}}],"collection":[{"href":"https:\/\/kailashhomefoundation.org\/fr\/wp-json\/wp\/v2\/pages"}],"about":[{"href":"https:\/\/kailashhomefoundation.org\/fr\/wp-json\/wp\/v2\/types\/page"}],"author":[{"embeddable":true,"href":"https:\/\/kailashhomefoundation.org\/fr\/wp-json\/wp\/v2\/users\/1"}],"replies":[{"embeddable":true,"href":"https:\/\/kailashhomefoundation.org\/fr\/wp-json\/wp\/v2\/comments?post=90785"}],"version-history":[{"count":8,"href":"https:\/\/kailashhomefoundation.org\/fr\/wp-json\/wp\/v2\/pages\/90785\/revisions"}],"predecessor-version":[{"id":90870,"href":"https:\/\/kailashhomefoundation.org\/fr\/wp-json\/wp\/v2\/pages\/90785\/revisions\/90870"}],"wp:attachment":[{"href":"https:\/\/kailashhomefoundation.org\/fr\/wp-json\/wp\/v2\/media?parent=90785"}],"curies":[{"name":"wp","href":"https:\/\/api.w.org\/{rel}","templated":true}]}}