{"id":90768,"date":"2024-01-24T10:20:55","date_gmt":"2024-01-24T10:20:55","guid":{"rendered":"https:\/\/kailashhomefoundation.org\/politica-privacitat"},"modified":"2024-09-03T11:20:48","modified_gmt":"2024-09-03T11:20:48","slug":"politica-privacitat","status":"publish","type":"page","link":"https:\/\/kailashhomefoundation.org\/fr\/politica-privacitat","title":{"rendered":"Confidentialit\u00e9 Web"},"content":{"rendered":"\t\t<div data-elementor-type=\"wp-page\" data-elementor-id=\"90768\" class=\"elementor elementor-90768 elementor-3\" data-elementor-post-type=\"page\">\n\t\t\t\t<div class=\"elementor-element elementor-element-25ace97 e-flex e-con-boxed e-con e-parent\" data-id=\"25ace97\" data-element_type=\"container\" data-e-type=\"container\">\n\t\t\t\t\t<div class=\"e-con-inner\">\n\t\t\t\t<div class=\"elementor-element elementor-element-1de16962 elementor-widget elementor-widget-text-editor\" data-id=\"1de16962\" data-element_type=\"widget\" data-e-type=\"widget\" data-widget_type=\"text-editor.default\">\n\t\t\t\t<div class=\"elementor-widget-container\">\n\t\t\t\t\t\t\t\t\t<div id=\"page-1896\"><p>**Politique de Cookies**<\/p><p>**Introduction**<\/p><p>Cette Politique de Confidentialit\u00e9 a \u00e9t\u00e9 d\u00e9velopp\u00e9e conform\u00e9ment \u00e0 la loi organique en vigueur sur la protection des donn\u00e9es personnelles, ainsi qu&rsquo;au R\u00e8glement 2016\/679 du Parlement europ\u00e9en et du Conseil du 27 avril 2016 relatif \u00e0 la protection des personnes physiques en ce qui concerne le traitement des donn\u00e9es personnelles et \u00e0 la libre circulation de ces donn\u00e9es, ci-apr\u00e8s d\u00e9nomm\u00e9 RGPD.<\/p><p>Cette Politique de Confidentialit\u00e9 a pour but d&rsquo;informer les titulaires des donn\u00e9es personnelles collect\u00e9es sur les aspects sp\u00e9cifiques du traitement de leurs donn\u00e9es, notamment les finalit\u00e9s des traitements, les coordonn\u00e9es pour exercer leurs droits, les d\u00e9lais de conservation des informations, et les mesures de s\u00e9curit\u00e9.<\/p><p>**Responsable du traitement**<\/p><p>En mati\u00e8re de protection des donn\u00e9es, la Fondation Muntanyencs per l\u2019Him\u00e0laia doit \u00eatre consid\u00e9r\u00e9e comme responsable du traitement, en relation avec les fichiers\/traitements identifi\u00e9s dans cette politique, en particulier dans la section sur le traitement des donn\u00e9es.<\/p><p>Raison sociale : Fondation Muntanyencs per l\u2019Him\u00e0laia <br \/>NRT : U800422X <br \/>Adresse : Pla\u00e7a de la Germandat N\u00ba 9 <br \/>T\u00e9l\u00e9phone : +376 800 515 <br \/>Email : rgdp@mount4him.org<\/p><p>**Traitement des donn\u00e9es**<\/p><p>Les donn\u00e9es personnelles demand\u00e9es seront uniquement celles strictement n\u00e9cessaires pour identifier et r\u00e9pondre \u00e0 la demande faite par la personne concern\u00e9e. Ces informations seront trait\u00e9es de mani\u00e8re loyale, licite et transparente. Les donn\u00e9es seront collect\u00e9es pour des finalit\u00e9s d\u00e9termin\u00e9es, explicites et l\u00e9gitimes, et ne seront pas trait\u00e9es ult\u00e9rieurement de mani\u00e8re incompatible avec ces finalit\u00e9s.<\/p><p>Les donn\u00e9es recueillies seront ad\u00e9quates, pertinentes et non excessives en relation avec les finalit\u00e9s pour lesquelles elles sont collect\u00e9es, et seront mises \u00e0 jour si n\u00e9cessaire.<\/p><p>**Finalit\u00e9s du Traitement**<\/p><p>Les finalit\u00e9s explicites pour lesquelles chaque traitement est effectu\u00e9 sont indiqu\u00e9es dans les clauses informatives incluses dans chaque m\u00e9thode de collecte de donn\u00e9es.<\/p><p>**L\u00e9gitimation**<\/p><p>En r\u00e8gle g\u00e9n\u00e9rale, avant de traiter les donn\u00e9es personnelles, la Fondation Muntanyencs per l\u2019Him\u00e0laia obtient le consentement explicite et non \u00e9quivoque du titulaire, via des clauses de consentement inform\u00e9 dans les diff\u00e9rents syst\u00e8mes de collecte d&rsquo;informations.<\/p><p>**Destinataire**<\/p><p>En r\u00e8gle g\u00e9n\u00e9rale, la Fondation Muntanyencs per l\u2019Him\u00e0laia ne proc\u00e8de pas \u00e0 la cession ou \u00e0 la communication des donn\u00e9es \u00e0 des tiers, sauf si la loi l&rsquo;exige.<\/p><p>**Origine**<\/p><p>En g\u00e9n\u00e9ral, les donn\u00e9es personnelles sont toujours collect\u00e9es directement aupr\u00e8s de la personne concern\u00e9e. Dans certains cas exceptionnels, les donn\u00e9es peuvent \u00eatre collect\u00e9es via des tiers. Dans ce cas, cela sera communiqu\u00e9 \u00e0 la personne concern\u00e9e via les clauses de consentement inform\u00e9 dans un d\u00e9lai raisonnable.<\/p><p>**D\u00e9lais de conservation**<\/p><p>Les informations recueillies seront conserv\u00e9es aussi longtemps que n\u00e9cessaire pour atteindre la finalit\u00e9 pour laquelle elles ont \u00e9t\u00e9 collect\u00e9es, puis elles seront supprim\u00e9es. Cette suppression entra\u00eenera le blocage des donn\u00e9es, qui ne seront accessibles qu&rsquo;aux administrations publiques, juges et tribunaux pour r\u00e9pondre aux \u00e9ventuelles responsabilit\u00e9s d\u00e9coulant du traitement, pendant la dur\u00e9e de prescription l\u00e9gale.<\/p><p>**Droits des personnes concern\u00e9es**<\/p><p>La l\u00e9gislation sur la protection des donn\u00e9es conf\u00e8re plusieurs droits aux personnes concern\u00e9es ou titulaires des donn\u00e9es. Ces droits incluent :<\/p><p>&#8211; Droit d&rsquo;acc\u00e8s<br \/>&#8211; Droit de rectification<br \/>&#8211; Droit de suppression<br \/>&#8211; Droit d&rsquo;opposition<br \/>&#8211; Droit de limitation du traitement<br \/>&#8211; Droit \u00e0 la portabilit\u00e9<br \/>&#8211; Droit de d\u00e9poser une plainte aupr\u00e8s de l&rsquo;autorit\u00e9 de contr\u00f4le comp\u00e9tente<\/p><p>Les personnes concern\u00e9es peuvent exercer ces droits en contactant la Fondation Muntanyencs per l\u2019Him\u00e0laia par email \u00e0 rgdp@mount4him.org.<\/p><p>**S\u00e9curit\u00e9**<\/p><p>Les mesures de s\u00e9curit\u00e9 adopt\u00e9es par la Fondation Muntanyencs per l\u2019Him\u00e0laia sont celles requises par l&rsquo;article 32 du RGPD. Cela inclut la garantie de la confidentialit\u00e9, de l&rsquo;int\u00e9grit\u00e9, de la disponibilit\u00e9 et de la r\u00e9silience des syst\u00e8mes et des services de traitement, ainsi que la capacit\u00e9 \u00e0 restaurer rapidement la disponibilit\u00e9 des donn\u00e9es personnelles en cas d&rsquo;incident.<\/p><\/div>\t\t\t\t\t\t\t\t<\/div>\n\t\t\t\t<\/div>\n\t\t\t\t\t<\/div>\n\t\t\t\t<\/div>\n\t\t\t\t<\/div>\n\t\t","protected":false},"excerpt":{"rendered":"<p>**Politique de Cookies** **Introduction** Cette Politique de Confidentialit\u00e9 a \u00e9t\u00e9 d\u00e9velopp\u00e9e conform\u00e9ment \u00e0 la loi organique en vigueur sur la protection des donn\u00e9es personnelles, ainsi qu&rsquo;au R\u00e8glement 2016\/679 du Parlement europ\u00e9en et du Conseil du 27 avril 2016 relatif \u00e0 la protection des personnes physiques en ce qui concerne le traitement des donn\u00e9es personnelles et&hellip;<\/p>\n","protected":false},"author":1,"featured_media":0,"parent":0,"menu_order":0,"comment_status":"closed","ping_status":"closed","template":"","meta":{"footnotes":""},"class_list":["post-90768","page","type-page","status-publish","hentry"],"_links":{"self":[{"href":"https:\/\/kailashhomefoundation.org\/fr\/wp-json\/wp\/v2\/pages\/90768","targetHints":{"allow":["GET"]}}],"collection":[{"href":"https:\/\/kailashhomefoundation.org\/fr\/wp-json\/wp\/v2\/pages"}],"about":[{"href":"https:\/\/kailashhomefoundation.org\/fr\/wp-json\/wp\/v2\/types\/page"}],"author":[{"embeddable":true,"href":"https:\/\/kailashhomefoundation.org\/fr\/wp-json\/wp\/v2\/users\/1"}],"replies":[{"embeddable":true,"href":"https:\/\/kailashhomefoundation.org\/fr\/wp-json\/wp\/v2\/comments?post=90768"}],"version-history":[{"count":4,"href":"https:\/\/kailashhomefoundation.org\/fr\/wp-json\/wp\/v2\/pages\/90768\/revisions"}],"predecessor-version":[{"id":90772,"href":"https:\/\/kailashhomefoundation.org\/fr\/wp-json\/wp\/v2\/pages\/90768\/revisions\/90772"}],"wp:attachment":[{"href":"https:\/\/kailashhomefoundation.org\/fr\/wp-json\/wp\/v2\/media?parent=90768"}],"curies":[{"name":"wp","href":"https:\/\/api.w.org\/{rel}","templated":true}]}}