{"id":90763,"date":"2024-06-13T16:16:00","date_gmt":"2024-06-13T16:16:00","guid":{"rendered":"https:\/\/kailashhomefoundation.org\/politica-de-cookies"},"modified":"2024-09-03T11:17:31","modified_gmt":"2024-09-03T11:17:31","slug":"politica-de-cookies","status":"publish","type":"page","link":"https:\/\/kailashhomefoundation.org\/fr\/politica-de-cookies","title":{"rendered":"Politique de cookies"},"content":{"rendered":"\t\t<div data-elementor-type=\"wp-page\" data-elementor-id=\"90763\" class=\"elementor elementor-90763 elementor-90617\" data-elementor-post-type=\"page\">\n\t\t\t\t<div class=\"elementor-element elementor-element-25ace97 e-flex e-con-boxed e-con e-parent\" data-id=\"25ace97\" data-element_type=\"container\" data-e-type=\"container\">\n\t\t\t\t\t<div class=\"e-con-inner\">\n\t\t\t\t<div class=\"elementor-element elementor-element-1de16962 elementor-widget elementor-widget-text-editor\" data-id=\"1de16962\" data-element_type=\"widget\" data-e-type=\"widget\" data-widget_type=\"text-editor.default\">\n\t\t\t\t<div class=\"elementor-widget-container\">\n\t\t\t\t\t\t\t\t\t<div id=\"page-1896\"><p><strong>COOKIES<\/strong><\/p><p>Nous utilisons des cookies pour vous offrir un meilleur service et une meilleure exp\u00e9rience de navigation, ainsi que pour vous montrer des publicit\u00e9s en fonction de vos habitudes de navigation. Nous sommes responsables de l&rsquo;installation des cookies que nous utilisons et de ce que nous faisons avec les donn\u00e9es que nous obtenons, qu&rsquo;il s&rsquo;agisse de cookies propres ou de tiers.<\/p><p>Notre site web n&rsquo;utilise que des cookies n\u00e9cessaires et des cookies de personnalisation explicitement exempt\u00e9s de l&rsquo;obligation de l\u00e9gitimer leur utilisation sur la base du consentement. Concr\u00e8tement, nous les utilisons dans votre int\u00e9r\u00eat l\u00e9gitime.<\/p><p>Nous avons structur\u00e9 cette politique en diff\u00e9rents volets pour vous faciliter l&rsquo;acc\u00e8s aux points qui vous int\u00e9ressent, mais nous vous recommandons de la lire dans son int\u00e9gralit\u00e9.<\/p><p>Dans le tableau suivant, vous trouverez des liens pour faciliter l&rsquo;acc\u00e8s aux points de cette politique qui vous int\u00e9ressent, mais nous vous recommandons de la lire dans son int\u00e9gralit\u00e9 :<\/p><ol><li><p>Qu&rsquo;est-ce que les cookies et quelles autres choses sont stock\u00e9es dans le navigateur ?<\/p><\/li><li><p>Sont-elles dangereuses ?<\/p><\/li><\/ol><p>Les cookies techniques et de pr\u00e9f\u00e9rences pr\u00e9sentent plus d&rsquo;avantages que de risques. Les cookies statistiques ne repr\u00e9sentent PAS non plus un risque appr\u00e9ciable. Les cookies propres ne comportent g\u00e9n\u00e9ralement pas de risque appr\u00e9ciable pour vous.<\/p><ol start=\"3\"><li><p>Quels cookies techniques utilisons-nous et pour quoi faire ?<\/p><\/li><li><p>Quels cookies de pr\u00e9f\u00e9rences utilisons-nous et pour quoi faire ?<\/p><\/li><li><p>Quels cookies statistiques utilisons-nous et pour quoi faire ?<\/p><\/li><li><p>Quels cookies de marketing utilisons-nous et pour quoi faire ?<\/p><\/li><li><p>Comment puis-je g\u00e9rer ou d\u00e9sactiver les cookies ?<\/p><\/li><li><p>Modifications de cette politique de confidentialit\u00e9<\/p><\/li><li><p><strong>Qu&rsquo;est-ce que les cookies et quelles autres choses sont stock\u00e9es dans le navigateur ?<\/strong><\/p><\/li><\/ol><p>Les cookies sont de petits fichiers texte qui sont stock\u00e9s dans votre navigateur lorsque vous visitez notre site web. Ces fichiers contiennent des informations sur votre navigation et votre interaction avec notre site, dans le but de rendre votre exp\u00e9rience utilisateur plus efficace et de vous montrer des publicit\u00e9s en fonction de vos habitudes de navigation. Certains cookies sont essentiels au bon fonctionnement de notre site, comme les cookies techniques ou de personnalisation de l&rsquo;interface utilisateur, tandis que d&rsquo;autres, comme les cookies d&rsquo;analyse ou de publicit\u00e9 comportementale (ou marketing), n\u00e9cessitent que nous vous informions et que vous donniez votre consentement avant de pouvoir les utiliser.<\/p><p>Le LocalStorage et le SessionStorage sont deux espaces de stockage de donn\u00e9es situ\u00e9s dans le navigateur de votre appareil et, comme les cookies, peuvent \u00eatre propres (cr\u00e9\u00e9s par notre propre site web) ou de tiers (cr\u00e9\u00e9s par nos prestataires de services ou nos partenaires). La diff\u00e9rence entre les deux espaces est que le LocalStorage stocke les informations de mani\u00e8re ind\u00e9finie ou jusqu&rsquo;\u00e0 ce que vous d\u00e9cidiez de nettoyer les donn\u00e9es du navigateur, tandis que le SessionStorage stocke les informations pendant que l&rsquo;onglet o\u00f9 notre site web est utilis\u00e9 reste ouvert, puis les informations sont supprim\u00e9es une fois l&rsquo;onglet ferm\u00e9. La diff\u00e9rence avec les cookies est que ces deux espaces permettent de stocker plus d&rsquo;informations que les cookies sans affecter les performances de notre site web.<\/p><p>Vous pouvez obtenir plus d&rsquo;informations ici.<\/p><ol start=\"2\"><li><strong>Sont-elles dangereuses ?<\/strong><\/li><\/ol><p>En g\u00e9n\u00e9ral, le niveau de risque des cookies d\u00e9pend de leur type et de leur origine. La plupart des cookies ne sont pas dangereux. Concr\u00e8tement :<\/p><p>Les cookies techniques et de pr\u00e9f\u00e9rences pr\u00e9sentent plus d&rsquo;avantages que de risques.<\/p><p>Le groupe de travail de l&rsquo;article 29 (ancien GT29 et actuel Comit\u00e9 Europ\u00e9en pour la Protection des Donn\u00e9es) dans son Avis 4\/2012, \u00ab sur l&rsquo;exemption de l&rsquo;obligation de consentement pour les cookies \u00bb, consid\u00e8re qu&rsquo;ils ne repr\u00e9sentent pas un risque pour vous et les exempte de l&rsquo;obligation d&rsquo;obtenir un consentement pr\u00e9alable pour leur utilisation dans tous les cas suivants :<\/p><ul><li>Ils sont n\u00e9cessaires pour que les communications soient transmises via un r\u00e9seau entre l&rsquo;utilisateur et les serveurs qui h\u00e9bergent le site web, et<\/li><li>Ils sont n\u00e9cessaires pour fournir une fonctionnalit\u00e9 sp\u00e9cifique explicitement demand\u00e9e par l&rsquo;utilisateur.<\/li><\/ul><p>Cette exemption \u00e0 l&rsquo;obligation de fonder la lic\u00e9it\u00e9 de leur utilisation sur votre consentement, car ils ne repr\u00e9sentent pas de risque pour vous, est \u00e9galement refl\u00e9t\u00e9e dans les guides de cookies publi\u00e9s par la plupart des agences de protection des donn\u00e9es des pays de l&rsquo;UE (par exemple, dans le cas de l&rsquo;Espagne, cela est repris dans la section 4.1 du guide sur l&rsquo;utilisation des cookies, de juillet 2020).<\/p><p>Le GT29 a m\u00eame d\u00e9fini les finalit\u00e9s qui pr\u00e9sentent explicitement plus d&rsquo;avantages que de risques pour vous :<\/p><p><strong>Finalit\u00e9s des cookies explicitement exclues du consentement \u00e9clair\u00e9<\/strong><\/p><p>En ce qui concerne leur finalit\u00e9, le GT29 exclut explicitement les cookies suivants de l&rsquo;obligation d&rsquo;obtenir le consentement \u00e9clair\u00e9 du visiteur :<\/p><ul><li>Cookies appel\u00e9s \u00ab d&rsquo;entr\u00e9e de l&rsquo;utilisateur \u00bb, qui sont g\u00e9n\u00e9ralement utilis\u00e9s pour suivre les actions de l&rsquo;utilisateur lors du remplissage de formulaires en ligne d&rsquo;une session http, ou pour se souvenir du panier d&rsquo;achat que l&rsquo;utilisateur a s\u00e9lectionn\u00e9 sur un site de commerce \u00e9lectronique,<\/li><li>Cookies de session utilis\u00e9s pour l&rsquo;authentification ou l&rsquo;identification de l&rsquo;utilisateur, qui stockent une sorte de jeton (t\u00e9moignant que l&rsquo;utilisateur est bien celui qu&rsquo;il pr\u00e9tend \u00eatre et a d\u00e9j\u00e0 \u00e9t\u00e9 authentifi\u00e9) pour \u00e9viter que cet utilisateur ait \u00e0 donner son nom d&rsquo;utilisateur ou son mot de passe sur chaque page demand\u00e9e et qu&rsquo;il ait le contr\u00f4le d&rsquo;acc\u00e8s restreint,<\/li><li>Cookies de s\u00e9curit\u00e9 de l&rsquo;utilisateur, introduits sp\u00e9cifiquement pour renforcer la s\u00e9curit\u00e9 du service explicitement demand\u00e9 par l&rsquo;utilisateur. Par exemple, pour d\u00e9tecter les tentatives de connexion erron\u00e9es et r\u00e9p\u00e9t\u00e9es \u00e0 un site web, ou les abus,<\/li><li>Cookies de session du lecteur multim\u00e9dia,<\/li><li>Cookies de session pour \u00e9quilibrer la charge des syst\u00e8mes d&rsquo;information,<\/li><li>Cookies de personnalisation de l&rsquo;interface utilisateur, par exemple, pour se souvenir de la langue pr\u00e9f\u00e9r\u00e9e de l&rsquo;utilisateur, et<\/li><li>Certains cookies de compl\u00e9ment (plug-in) pour \u00e9changer des contenus sociaux.<\/li><\/ul><p>En g\u00e9n\u00e9ral, dans les cas o\u00f9 un service est propos\u00e9 aux visiteurs d&rsquo;un site, l&rsquo;utilisation de cookies exclusivement \u00e0 des fins pour lesquelles il n&rsquo;est pas n\u00e9cessaire d&rsquo;obtenir le consentement, \u00e9num\u00e9r\u00e9es ci-dessus, qu&rsquo;ils soient propres ou de tiers, ne n\u00e9cessite pas que le responsable du site web, nous, informe le visiteur de leur utilisation ni n&rsquo;obtienne son consentement.<\/p><p><strong>Les cookies statistiques ne repr\u00e9sentent PAS non plus un risque appr\u00e9ciable<\/strong><\/p><p>En ce qui concerne le traitement des donn\u00e9es collect\u00e9es via les cookies d&rsquo;analyse, l&rsquo;avis susmentionn\u00e9 de l&rsquo;actuel Comit\u00e9 Europ\u00e9en de Protection des Donn\u00e9es a d\u00e9clar\u00e9 que, bien qu&rsquo;ils ne soient pas exempt\u00e9s de l&rsquo;obligation d&rsquo;obtenir un consentement pour leur utilisation, il est peu probable qu&rsquo;ils repr\u00e9sentent un risque pour la vie priv\u00e9e des utilisateurs, \u00e0 condition qu&rsquo;il s&rsquo;agisse de cookies propres, traitant des donn\u00e9es agr\u00e9g\u00e9es \u00e0 des fins strictement statistiques, que des informations sur leur utilisation soient fournies et que les utilisateurs aient la possibilit\u00e9 de refuser leur utilisation.<\/p><p><strong>Les cookies propres ne comportent g\u00e9n\u00e9ralement pas de risque appr\u00e9ciable pour vous<\/strong><\/p><p>Les cookies propres sont g\u00e9n\u00e9r\u00e9s par notre site web, tandis que les cookies de tiers sont g\u00e9n\u00e9r\u00e9s par des services ou des fournisseurs ind\u00e9pendants de nous, et ce sont ces fournisseurs ind\u00e9pendants qui d\u00e9finissent les finalit\u00e9s et les moyens des traitements qu&rsquo;ils r\u00e9alisent.<\/p><p>Notre seule responsabilit\u00e9 concernant les cookies de tiers est la collaboration n\u00e9cessaire de notre site web \u00e0 la pose de ces cookies sur votre ordinateur, collaboration \u00e0 laquelle nous sommes normalement oblig\u00e9s car elle est n\u00e9cessaire pour pouvoir utiliser les services que ces tiers nous fournissent (par exemple, pour v\u00e9rifier que vous n&rsquo;\u00eates pas un robot, et ainsi \u00e9viter que les demandes ou commentaires que nous pourrions recevoir via les formulaires de notre site web nuisent \u00e0 l&rsquo;attention port\u00e9e aux v\u00e9ritables utilisateurs).<\/p><ol start=\"3\"><li><strong>Quels cookies techniques utilisons-nous et pour quoi faire ?<\/strong><\/li><\/ol><p>Les cookies techniques sont ceux qui permettent \u00e0 l&rsquo;utilisateur de naviguer sur un site web, une plateforme ou une application, ainsi que d&rsquo;utiliser les diff\u00e9rentes options ou services qui y existent, y compris la gestion et le fonctionnement du site web et l&rsquo;activation de ses fonctionnalit\u00e9s et services (par exemple, identifier votre session, acc\u00e9der \u00e0 des parties du site qui ont un acc\u00e8s restreint, se souvenir des \u00e9l\u00e9ments qui composent votre commande, effectuer le processus d&rsquo;achat de votre commande, g\u00e9rer votre paiement, etc.). Le site web ou l&rsquo;application ne peut pas fonctionner correctement sans ces cookies, ils sont donc consid\u00e9r\u00e9s comme n\u00e9cessaires.<\/p><ol start=\"4\"><li><strong>Quels cookies de pr\u00e9f\u00e9rences utilisons-nous et pour quoi faire ?<\/strong><\/li><\/ol><p>Les cookies de pr\u00e9f\u00e9rences ou de personnalisation permettent \u00e0 notre site web de se souvenir des informations qui modifient la mani\u00e8re dont nos pages se comportent ou leur apparence dans le but de diff\u00e9rencier votre exp\u00e9rience de celle des autres utilisateurs. Par exemple, se souvenir de la langue dans laquelle vous souhaitez afficher notre site web. Si c&rsquo;est vous qui choisissez volontairement ces caract\u00e9ristiques, par exemple en cochant le drapeau ou les lettres qui identifient la langue, cela est consid\u00e9r\u00e9 comme un service express\u00e9ment demand\u00e9 par vous, tant que les cookies ob\u00e9issent exclusivement \u00e0 des fins de personnalisation, dans ce cas il ne serait pas n\u00e9cessaire de vous demander une autorisation explicite.<\/p><ol start=\"5\"><li><strong>Quels cookies statistiques utilisons-nous et pour quoi faire ?<\/strong><\/li><\/ol><p>Les cookies statistiques, ou d&rsquo;analyse, sont ceux qui permettent de comprendre comment les visiteurs interagissent avec les pages de notre site web et ainsi de r\u00e9aliser une analyse statistique des services que nous vous fournissons. Les informations collect\u00e9es sont utilis\u00e9es pour mesurer l&rsquo;activit\u00e9 sur notre site afin d&rsquo;introduire des am\u00e9liorations dans les produits et services que<\/p><\/div>\t\t\t\t\t\t\t\t<\/div>\n\t\t\t\t<\/div>\n\t\t\t\t\t<\/div>\n\t\t\t\t<\/div>\n\t\t\t\t<\/div>\n\t\t","protected":false},"excerpt":{"rendered":"<p>COOKIES Nous utilisons des cookies pour vous offrir un meilleur service et une meilleure exp\u00e9rience de navigation, ainsi que pour vous montrer des publicit\u00e9s en fonction de vos habitudes de navigation. Nous sommes responsables de l&rsquo;installation des cookies que nous utilisons et de ce que nous faisons avec les donn\u00e9es que nous obtenons, qu&rsquo;il s&rsquo;agisse&hellip;<\/p>\n","protected":false},"author":1,"featured_media":0,"parent":0,"menu_order":0,"comment_status":"closed","ping_status":"closed","template":"","meta":{"footnotes":""},"class_list":["post-90763","page","type-page","status-publish","hentry"],"_links":{"self":[{"href":"https:\/\/kailashhomefoundation.org\/fr\/wp-json\/wp\/v2\/pages\/90763","targetHints":{"allow":["GET"]}}],"collection":[{"href":"https:\/\/kailashhomefoundation.org\/fr\/wp-json\/wp\/v2\/pages"}],"about":[{"href":"https:\/\/kailashhomefoundation.org\/fr\/wp-json\/wp\/v2\/types\/page"}],"author":[{"embeddable":true,"href":"https:\/\/kailashhomefoundation.org\/fr\/wp-json\/wp\/v2\/users\/1"}],"replies":[{"embeddable":true,"href":"https:\/\/kailashhomefoundation.org\/fr\/wp-json\/wp\/v2\/comments?post=90763"}],"version-history":[{"count":4,"href":"https:\/\/kailashhomefoundation.org\/fr\/wp-json\/wp\/v2\/pages\/90763\/revisions"}],"predecessor-version":[{"id":90767,"href":"https:\/\/kailashhomefoundation.org\/fr\/wp-json\/wp\/v2\/pages\/90763\/revisions\/90767"}],"wp:attachment":[{"href":"https:\/\/kailashhomefoundation.org\/fr\/wp-json\/wp\/v2\/media?parent=90763"}],"curies":[{"name":"wp","href":"https:\/\/api.w.org\/{rel}","templated":true}]}}