{"id":90746,"date":"2024-04-30T12:04:39","date_gmt":"2024-04-30T12:04:39","guid":{"rendered":"https:\/\/kailashhomefoundation.org\/blog"},"modified":"2024-09-03T11:08:46","modified_gmt":"2024-09-03T11:08:46","slug":"blog","status":"publish","type":"page","link":"https:\/\/kailashhomefoundation.org\/fr\/blog","title":{"rendered":"Blog"},"content":{"rendered":"\t\t<div data-elementor-type=\"wp-page\" data-elementor-id=\"90746\" class=\"elementor elementor-90746 elementor-88742\" data-elementor-post-type=\"page\">\n\t\t\t\t<div class=\"elementor-element elementor-element-c37452e e-flex e-con-boxed e-con e-parent\" data-id=\"c37452e\" data-element_type=\"container\" data-e-type=\"container\">\n\t\t\t\t\t<div class=\"e-con-inner\">\n\t\t<div class=\"elementor-element elementor-element-b1074e3 e-con-full e-flex e-con e-child\" data-id=\"b1074e3\" data-element_type=\"container\" data-e-type=\"container\" data-settings=\"{&quot;background_background&quot;:&quot;classic&quot;}\">\n\t\t\t\t<div class=\"elementor-element elementor-element-6d68835 elementor-widget__width-initial elementor-widget-divider--view-line elementor-widget elementor-widget-divider\" data-id=\"6d68835\" data-element_type=\"widget\" data-e-type=\"widget\" data-widget_type=\"divider.default\">\n\t\t\t\t<div class=\"elementor-widget-container\">\n\t\t\t\t\t\t\t<div class=\"elementor-divider\">\n\t\t\t<span class=\"elementor-divider-separator\">\n\t\t\t\t\t\t<\/span>\n\t\t<\/div>\n\t\t\t\t\t\t<\/div>\n\t\t\t\t<\/div>\n\t\t\t\t<\/div>\n\t\t<div class=\"elementor-element elementor-element-514ccbd e-flex e-con-boxed e-con e-child\" data-id=\"514ccbd\" data-element_type=\"container\" data-e-type=\"container\" data-settings=\"{&quot;background_background&quot;:&quot;classic&quot;}\">\n\t\t\t\t\t<div class=\"e-con-inner\">\n\t\t\t\t<div class=\"elementor-element elementor-element-01f92f5 elementor-widget elementor-widget-heading\" data-id=\"01f92f5\" data-element_type=\"widget\" data-e-type=\"widget\" data-widget_type=\"heading.default\">\n\t\t\t\t<div class=\"elementor-widget-container\">\n\t\t\t\t\t<h2 class=\"elementor-heading-title elementor-size-default\">Cartes depuis l'Himalaya<\/h2>\t\t\t\t<\/div>\n\t\t\t\t<\/div>\n\t\t\t\t<div class=\"elementor-element elementor-element-bf5811e elementor-widget-divider--view-line elementor-widget elementor-widget-divider\" data-id=\"bf5811e\" data-element_type=\"widget\" data-e-type=\"widget\" data-widget_type=\"divider.default\">\n\t\t\t\t<div class=\"elementor-widget-container\">\n\t\t\t\t\t\t\t<div class=\"elementor-divider\">\n\t\t\t<span class=\"elementor-divider-separator\">\n\t\t\t\t\t\t<\/span>\n\t\t<\/div>\n\t\t\t\t\t\t<\/div>\n\t\t\t\t<\/div>\n\t\t\t\t\t<\/div>\n\t\t\t\t<\/div>\n\t\t\t\t\t<\/div>\n\t\t\t\t<\/div>\n\t\t<div class=\"elementor-element elementor-element-65765cf e-flex e-con-boxed e-con e-parent\" data-id=\"65765cf\" data-element_type=\"container\" data-e-type=\"container\">\n\t\t\t\t\t<div class=\"e-con-inner\">\n\t\t\t\t\t<\/div>\n\t\t\t\t<\/div>\n\t\t\t\t<section class=\"elementor-section elementor-top-section elementor-element elementor-element-acd7cd5 elementor-section-boxed elementor-section-height-default elementor-section-height-default\" data-id=\"acd7cd5\" data-element_type=\"section\" data-e-type=\"section\" data-settings=\"{&quot;background_background&quot;:&quot;classic&quot;}\">\n\t\t\t\t\t\t<div class=\"elementor-container elementor-column-gap-default\">\n\t\t\t\t\t<div class=\"elementor-column elementor-col-100 elementor-top-column elementor-element elementor-element-7d2cdd7\" data-id=\"7d2cdd7\" data-element_type=\"column\" data-e-type=\"column\">\n\t\t\t<div class=\"elementor-widget-wrap elementor-element-populated\">\n\t\t\t\t\t\t<div class=\"elementor-element elementor-element-29a0d8f elementor-widget elementor-widget-heading\" data-id=\"29a0d8f\" data-element_type=\"widget\" data-e-type=\"widget\" data-widget_type=\"heading.default\">\n\t\t\t\t<div class=\"elementor-widget-container\">\n\t\t\t\t\t<h3 class=\"elementor-heading-title elementor-size-default\">Abonnez-vous \u00e0 notre Newsletter<\/h3>\t\t\t\t<\/div>\n\t\t\t\t<\/div>\n\t\t\t\t<div class=\"elementor-element elementor-element-df4e12f elementor-widget__width-initial elementor-widget elementor-widget-text-editor\" data-id=\"df4e12f\" data-element_type=\"widget\" data-e-type=\"widget\" data-widget_type=\"text-editor.default\">\n\t\t\t\t<div class=\"elementor-widget-container\">\n\t\t\t\t\t\t\t\t\t<p>Restez inform\u00e9 de nos initiatives et de la fa\u00e7on dont vous pouvez aider. Abonnez-vous \u00e0 notre newsletter d\u00e8s aujourd&rsquo;hui pour rester inform\u00e9 des derni\u00e8res nouvelles et des diff\u00e9rentes mani\u00e8res dont vous pouvez contribuer \u00e0 notre projet.<\/p>\t\t\t\t\t\t\t\t<\/div>\n\t\t\t\t<\/div>\n\t\t\t\t\t<\/div>\n\t\t<\/div>\n\t\t\t\t\t<\/div>\n\t\t<\/section>\n\t\t<div class=\"elementor-element elementor-element-5c4eb8e e-flex e-con-boxed e-con e-parent\" data-id=\"5c4eb8e\" data-element_type=\"container\" data-e-type=\"container\" data-settings=\"{&quot;background_background&quot;:&quot;classic&quot;}\">\n\t\t\t\t\t<div class=\"e-con-inner\">\n\t\t<div class=\"elementor-element elementor-element-0f0e0d4 e-con-full e-flex e-con e-child\" data-id=\"0f0e0d4\" data-element_type=\"container\" data-e-type=\"container\" data-settings=\"{&quot;background_background&quot;:&quot;classic&quot;}\">\n\t\t\t\t<div class=\"elementor-element elementor-element-9531f6e elementor-widget__width-inherit elementor-widget elementor-widget-shortcode\" data-id=\"9531f6e\" data-element_type=\"widget\" data-e-type=\"widget\" data-widget_type=\"shortcode.default\">\n\t\t\t\t<div class=\"elementor-widget-container\">\n\t\t\t\t\t\t\t<div class=\"elementor-shortcode\"><div id=\"mlb2-14266126\" class=\"ml-form-embedContainer ml-subscribe-form ml-subscribe-form-14266126\">\r\n   <div class=\"ml-form-align-center \">\r\n      <div class=\"ml-form-embedWrapper embedForm\">\r\n         <div class=\"ml-form-embedBody ml-form-embedBodyHorizontal row-form\">\r\n            <div class=\"ml-form-embedContent\" style=\"margin-bottom: 0px; \">\r\n            <\/div>\r\n            <form class=\"ml-block-form\" action=\"https:\/\/assets.mailerlite.com\/jsonp\/829341\/forms\/119451808122799347\/subscribe\" data-code=\"\" method=\"post\" target=\"_blank\">\r\n               <div class=\"ml-form-formContent horozintalForm\">\r\n                  <div class=\"ml-form-horizontalRow\">\r\n\t\t\t\t\t  <div class=\"ml-input-horizontal\">\r\n\t\t\t\t\t\t <div style=\"width: 20%;\" class=\"horizontal-fields\">\r\n\t\t\t\t\t\t  <div class=\"ml-form-interestGroupsRow ml-block-groups ml-validate-required\">\r\n                 \r\n\t\t\t\t\t<div class=\"ml-form-interestGroupsRowCheckbox group\" style=\"\">\r\n                     <label>\r\n                        <input type=\"checkbox\" name=\"groups[]\" value=\"113258500345300384\">\r\n                        <div class=\"label-description\">Catal\u00e0<\/div>\r\n                     <\/label>\r\n\t\t\t\t\t\t<label>\r\n                        <input type=\"checkbox\" name=\"groups[]\" value=\"113258500341106079\">\r\n                        <div class=\"label-description\">Angl\u00e8s<\/div>\r\n                     <\/label>\r\n                  <\/div>\r\n               <\/div>\r\n\t\t\t\t\t\t  <\/div>\t  \r\n                        <div style=\"width: 40%;\" class=\"horizontal-fields\">\r\n                           <div class=\"ml-field-group ml-field-name ml-validate-required\">\r\n                              <!-- input -->\r\n                              <input type=\"text\" class=\"form-control\" data-inputmask=\"\" name=\"fields[name]\" placeholder=\"Nom\" autocomplete=\"given-name\">\r\n                              <!-- \/input -->\r\n                           <\/div>\r\n                        <\/div>\r\n                        <div style=\"width: 40%;\" class=\"horizontal-fields\">\r\n                           <div class=\"ml-field-group ml-field-email ml-validate-email ml-validate-required\">\r\n                              <!-- input -->\r\n                              <input type=\"email\" class=\"form-control\" data-inputmask=\"\" name=\"fields[email]\" placeholder=\"Correu electr\u00f2nic\" autocomplete=\"email\">\r\n                              <!-- \/input -->\r\n                           <\/div>\r\n                        <\/div>\r\n                     <\/div>\r\n                     <div class=\"ml-button-horizontal primary \">\r\n                        <button type=\"submit\" class=\"primary\">Inscriure'm<\/button>\r\n                        <button disabled=\"disabled\" style=\"display: none;\" type=\"button\" class=\"loading\">\r\n                           <div class=\"ml-form-embedSubmitLoad\"><\/div>\r\n                           <span class=\"sr-only\">Carregant...<\/span>\r\n                        <\/button>\r\n                     <\/div>\r\n                  <\/div>\r\n               <\/div>\r\n               <!-- Privacy policy -->\r\n               <!-- \/Privacy policy -->\r\n               <input type=\"hidden\" name=\"ml-submit\" value=\"1\">\r\n               <div class=\"ml-mobileButton-horizontal\">\r\n                  <button type=\"submit\" class=\"primary\">Inscriure'm<\/button>\r\n                  <button disabled=\"disabled\" style=\"display: none;\" type=\"button\" class=\"loading\">\r\n                     <div class=\"ml-form-embedSubmitLoad\"><\/div>\r\n                     <span class=\"sr-only\">Carregant...<\/span>\r\n                  <\/button>\r\n               <\/div>\r\n               <input type=\"hidden\" name=\"anticsrf\" value=\"true\">\r\n            <\/form>\r\n         <\/div>\r\n         <div class=\"ml-form-successBody row-success\" style=\"display: none\">\r\n            <div class=\"ml-form-successContent\">\r\n               <h4>Gr\u00e0cies!<\/h4>\r\n               <p>T'has subscrit correctament.<\/p>\r\n            <\/div>\r\n         <\/div>\r\n      <\/div>\r\n   <\/div>\r\n<\/div>\r\n\r\n  <script>\r\n    function ml_webform_success_14266126() {\r\n      var $ = ml_jQuery || jQuery;\r\n      $('.ml-subscribe-form-14266126 .row-success').show();\r\n      $('.ml-subscribe-form-14266126 .row-form').hide();\r\n    }\r\n      <\/script>\r\n  \r\n  \r\n      <script src=\"https:\/\/groot.mailerlite.com\/js\/w\/webforms.min.js?v2d8fb22bb5b3677f161552cd9e774127\" type=\"text\/javascript\"><\/script>\r\n        <script>\r\n            fetch(\"https:\/\/assets.mailerlite.com\/jsonp\/829341\/forms\/119451808122799347\/takel\")\r\n        <\/script><\/div>\n\t\t\t\t\t\t<\/div>\n\t\t\t\t<\/div>\n\t\t\t\t<\/div>\n\t\t\t\t\t<\/div>\n\t\t\t\t<\/div>\n\t\t\t\t<\/div>\n\t\t","protected":false},"excerpt":{"rendered":"<p>Cartes depuis l&rsquo;Himalaya Abonnez-vous \u00e0 notre Newsletter Restez inform\u00e9 de nos initiatives et de la fa\u00e7on dont vous pouvez aider. Abonnez-vous \u00e0 notre newsletter d\u00e8s aujourd&rsquo;hui pour rester inform\u00e9 des derni\u00e8res nouvelles et des diff\u00e9rentes mani\u00e8res dont vous pouvez contribuer \u00e0 notre projet.<\/p>\n","protected":false},"author":1,"featured_media":0,"parent":0,"menu_order":0,"comment_status":"closed","ping_status":"closed","template":"elementor_header_footer","meta":{"footnotes":""},"class_list":["post-90746","page","type-page","status-publish","hentry"],"_links":{"self":[{"href":"https:\/\/kailashhomefoundation.org\/fr\/wp-json\/wp\/v2\/pages\/90746","targetHints":{"allow":["GET"]}}],"collection":[{"href":"https:\/\/kailashhomefoundation.org\/fr\/wp-json\/wp\/v2\/pages"}],"about":[{"href":"https:\/\/kailashhomefoundation.org\/fr\/wp-json\/wp\/v2\/types\/page"}],"author":[{"embeddable":true,"href":"https:\/\/kailashhomefoundation.org\/fr\/wp-json\/wp\/v2\/users\/1"}],"replies":[{"embeddable":true,"href":"https:\/\/kailashhomefoundation.org\/fr\/wp-json\/wp\/v2\/comments?post=90746"}],"version-history":[{"count":3,"href":"https:\/\/kailashhomefoundation.org\/fr\/wp-json\/wp\/v2\/pages\/90746\/revisions"}],"predecessor-version":[{"id":90752,"href":"https:\/\/kailashhomefoundation.org\/fr\/wp-json\/wp\/v2\/pages\/90746\/revisions\/90752"}],"wp:attachment":[{"href":"https:\/\/kailashhomefoundation.org\/fr\/wp-json\/wp\/v2\/media?parent=90746"}],"curies":[{"name":"wp","href":"https:\/\/api.w.org\/{rel}","templated":true}]}}