{"id":90741,"date":"2024-06-13T16:16:19","date_gmt":"2024-06-13T16:16:19","guid":{"rendered":"https:\/\/kailashhomefoundation.org\/avis-legal"},"modified":"2024-09-03T10:43:27","modified_gmt":"2024-09-03T10:43:27","slug":"avis-legal","status":"publish","type":"page","link":"https:\/\/kailashhomefoundation.org\/fr\/avis-legal","title":{"rendered":"Mentions L\u00e9gales"},"content":{"rendered":"\t\t<div data-elementor-type=\"wp-page\" data-elementor-id=\"90741\" class=\"elementor elementor-90741 elementor-90613\" data-elementor-post-type=\"page\">\n\t\t\t\t<div class=\"elementor-element elementor-element-25ace97 e-flex e-con-boxed e-con e-parent\" data-id=\"25ace97\" data-element_type=\"container\" data-e-type=\"container\">\n\t\t\t\t\t<div class=\"e-con-inner\">\n\t\t\t\t<div class=\"elementor-element elementor-element-1de16962 elementor-widget elementor-widget-text-editor\" data-id=\"1de16962\" data-element_type=\"widget\" data-e-type=\"widget\" data-widget_type=\"text-editor.default\">\n\t\t\t\t<div class=\"elementor-widget-container\">\n\t\t\t\t\t\t\t\t\t<div id=\"page-1896\"><p><strong>Conditions g\u00e9n\u00e9rales<\/strong><\/p><p>Les informations figurant sur le pr\u00e9sent site appartiennent \u00e0 la Fondation Muntanyencs per l\u2019Him\u00e0laia, dont le si\u00e8ge social est situ\u00e9 \u00e0 :<\/p><p><strong>Raison sociale<\/strong> : Fondation Muntanyencs per l\u2019Him\u00e0laia<br \/><strong>NRT<\/strong> : U800422X<br \/><strong>Adresse<\/strong> : Pla\u00e7a de la Germandat N\u00ba 9<br \/><strong>T\u00e9l\u00e9phone<\/strong> : +376 800 515<br \/><strong>Email<\/strong> : <a rel=\"noopener\">rgdp@mount4him.org<\/a><\/p><p>Par cons\u00e9quent, la reproduction, la copie, la distribution ou d&rsquo;autres activit\u00e9s de manipulation de cette documentation sont interdites sans l&rsquo;autorisation expresse de la Fondation Muntanyencs per l\u2019Him\u00e0laia. Toute utilisation abusive sera sanctionn\u00e9e conform\u00e9ment \u00e0 la l\u00e9gislation en vigueur.<\/p><p>Les informations contenues sur le site web de la Fondation Muntanyencs per l\u2019Him\u00e0laia ont pour objectif de faire conna\u00eetre nos services et initiatives aux personnes acc\u00e9dant \u00e0 ce site, et d\u2019\u00e9tablir des canaux de communication informatifs directs avec le public en g\u00e9n\u00e9ral via le courrier \u00e9lectronique.<\/p><p>La Fondation Muntanyencs per l\u2019Him\u00e0laia se r\u00e9serve le droit de modifier, suspendre, annuler ou restreindre le contenu du site ou les liens sans pr\u00e9avis.<\/p><p><strong>Politique de confidentialit\u00e9<\/strong><\/p><p>Conform\u00e9ment \u00e0 la Loi 29\/2021, du 28 octobre, qualifi\u00e9e de protection des donn\u00e9es personnelles, la personne consultant le site autorise express\u00e9ment que les donn\u00e9es personnelles fournies \u00e0 la Fondation Muntanyencs per l\u2019Him\u00e0laia soient trait\u00e9es de mani\u00e8re automatis\u00e9e et int\u00e9gr\u00e9es aux fichiers de l&rsquo;entit\u00e9, exclusivement \u00e0 des fins li\u00e9es au site, ainsi que, le cas \u00e9ch\u00e9ant, pour remplir les relations contractuelles et autres relations, juridiques ou non, qui pourraient \u00eatre \u00e9tablies.<\/p><p>Conform\u00e9ment \u00e0 la loi susmentionn\u00e9e sur la protection des donn\u00e9es personnelles, l&rsquo;utilisateur peut exercer ses droits d&rsquo;acc\u00e8s, de rectification et de suppression des donn\u00e9es, ces droits pouvant \u00eatre exerc\u00e9s \u00e0 tout moment par une simple communication \u00e0 la Fondation Muntanyencs per l\u2019Him\u00e0laia, en tant que responsable du traitement des donn\u00e9es.<\/p><p><strong>Cadre juridique<\/strong><\/p><p>L&rsquo;activit\u00e9 \u00e0 travers le pr\u00e9sent site, ainsi que les relations entre les parties concern\u00e9es, sont soumises aux r\u00e9glementations sectorielles suivantes :<\/p><ul><li><strong>Loi 20\/2014, du 16 octobre<\/strong>, r\u00e9gissant la contractualisation \u00e9lectronique et les op\u00e9rateurs exer\u00e7ant leur activit\u00e9 \u00e9conomique dans un espace num\u00e9rique (<a href=\"https:\/\/www.bopa.ad\/bopa\/026065\/Pagines\/lo26065006.aspx\" target=\"_new\" rel=\"noopener\">https:\/\/www.bopa.ad\/bopa\/026065\/Pagines\/lo26065006.aspx<\/a>)<\/li><li><strong>Loi 35\/2014, du 27 novembre<\/strong>, sur les services de confiance \u00e9lectronique (<a href=\"https:\/\/www.bopa.ad\/bopa\/026071\/Pagines\/lo26071011.aspx\" target=\"_new\" rel=\"noopener\">https:\/\/www.bopa.ad\/bopa\/026071\/Pagines\/lo26071011.aspx<\/a>)<\/li><\/ul><p>Pour tout litige qui ne pourrait \u00eatre r\u00e9solu \u00e0 l&rsquo;amiable, la l\u00e9gislation andorrane sera applicable et la comp\u00e9tence rel\u00e8vera de la juridiction des Tribunaux Andorrans, les utilisateurs du site renon\u00e7ant express\u00e9ment \u00e0 toute autre juridiction qui pourrait leur correspondre.<\/p><p><strong>Acceptation des conditions<\/strong><\/p><p>Le fait de visiter et d&rsquo;utiliser le site web implique l&rsquo;acceptation expresse par l&rsquo;utilisateur de toutes les pr\u00e9sentes conditions (ainsi que des autres politiques sp\u00e9cifiques du site), qui sont automatiquement consid\u00e9r\u00e9es comme int\u00e9gr\u00e9es \u00e0 tout contrat ou relation \u00e9ventuel, sans qu&rsquo;il soit n\u00e9cessaire de les transcrire individuellement par \u00e9crit, et qui compl\u00e8tent et d\u00e9veloppent la l\u00e9gislation sp\u00e9cifique applicable sans la contredire.<\/p><\/div>\t\t\t\t\t\t\t\t<\/div>\n\t\t\t\t<\/div>\n\t\t\t\t\t<\/div>\n\t\t\t\t<\/div>\n\t\t\t\t<\/div>\n\t\t","protected":false},"excerpt":{"rendered":"<p>Conditions g\u00e9n\u00e9rales Les informations figurant sur le pr\u00e9sent site appartiennent \u00e0 la Fondation Muntanyencs per l\u2019Him\u00e0laia, dont le si\u00e8ge social est situ\u00e9 \u00e0 : Raison sociale : Fondation Muntanyencs per l\u2019Him\u00e0laiaNRT : U800422XAdresse : Pla\u00e7a de la Germandat N\u00ba 9T\u00e9l\u00e9phone : +376 800 515Email : rgdp@mount4him.org Par cons\u00e9quent, la reproduction, la copie, la distribution ou&hellip;<\/p>\n","protected":false},"author":1,"featured_media":0,"parent":0,"menu_order":0,"comment_status":"closed","ping_status":"closed","template":"","meta":{"footnotes":""},"class_list":["post-90741","page","type-page","status-publish","hentry"],"_links":{"self":[{"href":"https:\/\/kailashhomefoundation.org\/fr\/wp-json\/wp\/v2\/pages\/90741","targetHints":{"allow":["GET"]}}],"collection":[{"href":"https:\/\/kailashhomefoundation.org\/fr\/wp-json\/wp\/v2\/pages"}],"about":[{"href":"https:\/\/kailashhomefoundation.org\/fr\/wp-json\/wp\/v2\/types\/page"}],"author":[{"embeddable":true,"href":"https:\/\/kailashhomefoundation.org\/fr\/wp-json\/wp\/v2\/users\/1"}],"replies":[{"embeddable":true,"href":"https:\/\/kailashhomefoundation.org\/fr\/wp-json\/wp\/v2\/comments?post=90741"}],"version-history":[{"count":4,"href":"https:\/\/kailashhomefoundation.org\/fr\/wp-json\/wp\/v2\/pages\/90741\/revisions"}],"predecessor-version":[{"id":90745,"href":"https:\/\/kailashhomefoundation.org\/fr\/wp-json\/wp\/v2\/pages\/90741\/revisions\/90745"}],"wp:attachment":[{"href":"https:\/\/kailashhomefoundation.org\/fr\/wp-json\/wp\/v2\/media?parent=90741"}],"curies":[{"name":"wp","href":"https:\/\/api.w.org\/{rel}","templated":true}]}}