{"id":89805,"date":"2024-01-24T10:20:55","date_gmt":"2024-01-24T10:20:55","guid":{"rendered":"https:\/\/kailash.progdev.pro\/?page_id=89805"},"modified":"2024-05-31T08:45:31","modified_gmt":"2024-05-31T08:45:31","slug":"politica-privacidad","status":"publish","type":"page","link":"https:\/\/kailashhomefoundation.org\/es\/politica-privacidad","title":{"rendered":"Politica de privacidad"},"content":{"rendered":"\t\t<div data-elementor-type=\"wp-page\" data-elementor-id=\"89805\" class=\"elementor elementor-89805 elementor-3\" data-elementor-post-type=\"page\">\n\t\t\t\t<div class=\"elementor-element elementor-element-25ace97 e-flex e-con-boxed e-con e-parent\" data-id=\"25ace97\" data-element_type=\"container\" data-e-type=\"container\">\n\t\t\t\t\t<div class=\"e-con-inner\">\n\t\t\t\t<div class=\"elementor-element elementor-element-1de16962 elementor-widget elementor-widget-text-editor\" data-id=\"1de16962\" data-element_type=\"widget\" data-e-type=\"widget\" data-widget_type=\"text-editor.default\">\n\t\t\t\t<div class=\"elementor-widget-container\">\n\t\t\t\t\t\t\t\t\t<div id=\"page-1896\">\n<h1>Pol\u00edtica de Galletas (cookies)<\/h1>\n<div class=\"main-content\">\n<div class=\"getsocial gs-inline-group gs-follow\">\u00a0<\/div>\n<h1>Introducci\u00f3n<\/h1>\n<p>La presente Pol\u00edtica de Privacidad ha sido desarrollada teniendo en cuenta lo dispuesto en la Ley Org\u00e1nica de Protecci\u00f3n de Datos de car\u00e1cter personal en vigor, as\u00ed como por el Reglamento 2016\/679 del Parlamento Europeo y del consejo del 27 de abril de 2016 relativo a la protecci\u00f3n de las personas f\u00edsicas en cuanto al tratamiento de datos personales y a la circulaci\u00f3n de estas, de ahora en adelante el RGPD.<\/p>\n<p>Esta Pol\u00edtica de Privacidad tiene por objeto poner en conocimiento de los titulares de los datos personales, respecto de los cuales se est\u00e1 recogiendo informaci\u00f3n, los aspectos espec\u00edficos relativos al tratamiento de sus datos, entre otras cosas, las finalidades de los tratamientos, los datos de contacto para ejercer los derechos que lo asisten, los plazos de conservaci\u00f3n de la informaci\u00f3n y las medidas de seguridad entre otras cosas.<\/p>\n<br \/>\n<h1><a name=\"_Toc531875475\"><\/a>Responsable del tratamiento<\/h1>\n<p>En t\u00e9rminos de protecci\u00f3n de datos Fund. Monta\u00f1osos por el Himalaya, tiene que ser considerado responsable del tratamiento, en relaci\u00f3n a los ficheros\/tratamientos identificados en la presente pol\u00edtica, concretamente en el apartado tratamientos de datos.<\/p>\n<p><a name=\"_Toc531875476\"><\/a>Raz\u00f3n social: Fund. Monta\u00f1osos por lo Himalaia<\/p>\n<p>NRT: U800422X<\/p>\n<p>Direcci\u00f3n: Plaza de la germandat N.\u00ba 9<\/p>\n<p>Tel\u00e9fono: +376 800 515<\/p>\n<p>Correo- e: rgdp@mount4him.org<\/p>\n<h1>Tratamiento de datos<\/h1>\n<p>Los datos de car\u00e1cter personal que se soliciten, si procede, consistir\u00e1n \u00fanicamente en aquellas estrictamente imprescindibles para identificar y atender la solicitud realizada por el titular de los mismos, de ahora en adelante el interesado. Esta informaci\u00f3n ser\u00e1 tratada de forma leal, l\u00edcita y transparente en relaci\u00f3n con el interesado. Por otro lado, los datos personales ser\u00e1n recogidas para finalidades determinadas, expl\u00edcitas y leg\u00edtimas, no siendo tratadas ulteriormente de manera incompatible con estas finalidades.<\/p>\n<p>Los datos recogidos de cada interesado ser\u00e1n adecuadas, pertinentes y no excesivas en relaci\u00f3n a las finalidades correspondientes para cada caso, y ser\u00e1n actualizadas siempre que sea necesario.<\/p>\n<br \/>\n<p>El titular de los datos ser\u00e1 informado, con car\u00e1cter previo a la recogida de sus datos, de los extremos generales regulados en esta pol\u00edtica a fin de que pueda prestar el consentimiento expreso, preciso e inequ\u00edvoco para el tratamiento de sus datos, conforme a los siguientes aspectos.<\/p>\n<h1><a name=\"_Toc531875477\"><\/a>Finalidades del Tratamiento<\/h1>\n<p>Las finalidades expl\u00edcitas por las cuales se llevan a cabo cada uno de los tratamientos vienen recogidas en las cl\u00e1usulas informativas incorporadas en cada una de las v\u00edas de presa de datos.<\/p>\n<p>Sin embargo, los datos de car\u00e1cter personal del interesado ser\u00e1n tratadas con la exclusiva finalidad de proporcionarlos una respuesta efectiva y atender las solicitudes practicadas por el usuario, especificadas junto a la opci\u00f3n, servicio, formulario o sistema de presa de datos que el titular utilice.<\/p>\n<h3><a name=\"_Toc531875478\"><\/a>Legitimaci\u00f3n<\/h3>\nPor regla general, previo al tratamiento de los datos personales, Fund. Monta\u00f1osos por el Himalaya obtiene consentimiento expreso e inequ\u00edvoco del titular de las mismas, mediante la incorporaci\u00f3n de cl\u00e1usulas de consentimiento informado en los diferentes sistemas de recogida de informaci\u00f3n.<br \/><br \/>Sin embargo, en caso de que no se requiera el consentimiento del interesado, la base legitimadora del tratamiento en la cual se ampara Fund. Monta\u00f1osos por el Himalaya es la existencia de una ley o norma espec\u00edfica que autorice o exija el tratamiento de los datos del interesado.<br \/>\n<h3>Destinatario<\/h3>\n<p>Por regla general, Fund. Monta\u00f1osos por el Himalaya no procede a la cesi\u00f3n o comunicaci\u00f3n de los datos a terceras entidades, excepto las requeridas legalmente. Sin embargo, en caso de que fuera necesario, estas cesiones o comunicaciones de datos se informan al interesado a trav\u00e9s de las cl\u00e1usulas de consentimiento informado contenidas en las diferentes v\u00edas de recogida de datos personales.<\/p>\n<h3>Procedencia<\/h3>\n<p>Por regla general, los datos personales se recogen siempre directamente del interesado. Sin embargo, en determinadas excepciones, los datos pueden ser recogidas a trav\u00e9s de terceras personas, entidades o servicios diferentes del interesado. En este sentido, este extremo ser\u00e1 trasladado al interesado a trav\u00e9s de las cl\u00e1usulas de consentimiento informado contenidas en las diferentes v\u00edas de recogida de informaci\u00f3n y dentro de un plazo razonable, una vez obtenidas los datos y, a m\u00e1s tardar, en el plazo de un mes.<\/p>\n<h1><a name=\"_Toc531875481\"><\/a>Plazos de conservaci\u00f3n<\/h1>\n<p>La informaci\u00f3n recaudada del interesado ser\u00e1 conservada mientras sea necesaria para cumplir con la finalidad por la cual fueron recaudadas los datos personales, de forma que, una vez cumplida la finalidad los datos ser\u00e1n cancelados. Esta cancelaci\u00f3n dar\u00e1 lugar al bloqueo de los datos conserv\u00e1ndose \u00fanicamente a disposici\u00f3n de las AAPP, jueces y tribunales, para atender las posibles responsabilidades nacidas del tratamiento, durante el plazo de prescripci\u00f3n de estas. Cumplido el citado plazo se proceder\u00e1 a la destrucci\u00f3n de la informaci\u00f3n.<\/p>\n<h1><a name=\"_Toc531875482\"><\/a>Datos de navegaci\u00f3n<\/h1>\n<p>En relaci\u00f3n a los datos de navegaci\u00f3n que se puedan tratar a trav\u00e9s de sitio web , en caso de que se recojan datos sometidos a la normativa, se recomienda consultar la Pol\u00edtica de Cookies publicada en nuestro web.<br \/><br \/><\/p>\n<h1><a name=\"_Toc531875483\"><\/a>Derechos de los interesados<\/h1>\n<p>La normativa en materia de protecci\u00f3n de datos otorga una serie de derechos a los interesados o titulares de los datos, usuarios de sitio web o usuarios de los perfiles de las redes sociales de Fund. Monta\u00f1osos por el Himalaya.<\/p>\n<p>Estos derechos que asisten a las personas interesadas son los siguientes:<\/p>\n<p>Derecho de acceso: derecho a obtener informaci\u00f3n sobre si sus propios datos est\u00e1n siendo objeto de tratamiento, la finalidad del tratamiento que se est\u00e9 realizando, las categor\u00edas de datos que se trate, los destinatarios o categor\u00edas de destinatarios, el plazo de conservaci\u00f3n y el origen de estos datos.<\/p>\n<ul>\n<li>Derecho de rectificaci\u00f3n: derecho a obtener la rectificaci\u00f3n de los datos personales inexactos o incumplidas.<\/li>\n<li>Derecho de supresi\u00f3n: derecho a obtener la supresi\u00f3n de los datos en los siguientes supuestos:<br \/>\n<ul>\n<li>Cuando los datos ya no sean necesarias para la finalidad por la cual fueron recaudadas<\/li>\n<li>Cuando el titular de las mismas retire el consentimiento<\/li>\n<li>Cuando el interesado se oponga al tratamiento<\/li>\n<li>Cuando tengan que suprimirse en cumplimiento de una obligaci\u00f3n legal<\/li>\n<li>Cuando los datos se hayan obtenido en virtud de un servicio de sociedad de la informaci\u00f3n en base al que se dispone en el arte. 8 apdo. 1 del Reglamento Europeo sobre protecci\u00f3n de datos.<\/li>\n<\/ul>\n<\/li>\n<li>Derecho de oposici\u00f3n: derecho a oponerse a un determinado tratamiento basado en el consentimiento del interesado.<\/li>\n<li>Derecho de limitaci\u00f3n: derecho a obtener la limitaci\u00f3n del tratamiento de los datos en los siguientes supuestos:<br \/>\n<ul>\n<li>Cuando el interesado impugne la exactitud de los datos personales, durante un plazo que permita a la empresa verificar la exactitud de las mismas.<\/li>\n<li>Cuando el tratamiento sea il\u00edcito y el interesado se oponga a la supresi\u00f3n de los datos.<\/li>\n<li>Cuando la empresa ya no necesite los datos para las finalidades por los cuales fueron recaudadas, pero el interesado las necesite para la formulaci\u00f3n, el ejercicio o la defensa de reclamaciones.<\/li>\n<li>Cuando el interesado se haya opuesto al tratamiento mientras se verifica si los motivos leg\u00edtimos de la empresa prevalecen sobre los del interesado.<\/li>\n<\/ul>\n<\/li>\n<li>Derecho a la portabilidad: derecho a obtener los datos en un formato estructurado, de uso com\u00fan y de lectura mec\u00e1nica, y a transmitirlas a otro responsable del tratamiento cu\u00e1ndo:<br \/>\n<ul>\n<li>El tratamiento est\u00e9 basado en el consentimiento<\/li>\n<li>El tratamiento se efect\u00fae por medios automatizados<\/li>\n<\/ul>\n<\/li>\n<li>Derecho a presentar una reclamaci\u00f3n ante la autoridad de control competente<\/li>\n<\/ul>\n<p>Los interesados podr\u00e1n ejercitar los derechos indicados, dirigi\u00e9ndose a Fund. Monta\u00f1osos por el Himalaya intermediando escrito, remitido a la siguiente direcci\u00f3n electr\u00f3nica: rgdp@mount4him.org indicando en la l\u00ednea de Asunto el derecho que desea ejercitar.<\/p>\n<p>En este sentido, Fund. Monta\u00f1osos por el Himalaya atender\u00e1 su solicitud cuanto antes mejor y teniendo en cuenta los plazos previstos a la normativa en materia de protecci\u00f3n de datos.<br \/><br \/><\/p>\n<h1>Seguridad<\/h1>\n<p>Las medidas de seguridad adoptadas por Fund. Monta\u00f1osos por el Himalaya son aquellas requeridas, en conformidad con el establecido en el art\u00edculo 32 del RGPD. En este sentido, Fund. Monta\u00f1osos por el Himalaya, teniendo en cuenta el estado de la t\u00e9cnica, los costes de aplicaci\u00f3n y la naturaleza, el alcance, el contexto y las finalidades del tratamiento, as\u00ed como los riesgos de probabilidad y gravedad variables para los derechos y las libertades de las personas f\u00edsicas, tiene establecidas las medidas t\u00e9cnicas y organizativas apropiadas para garantizar el nivel de seguridad adecuado al riesgo existente.<\/p>\n<p>En todo caso, Fund. Monta\u00f1osos por el Himalaya tiene implementados los mecanismos suficientes para:<\/p>\n<ol>\n<li>Garantizar la confidencialidad, integridad, disponibilidad y resiliencia permanentes de los sistemas y servicios de tratamiento.<\/li>\n<li>Restaurar la disponibilidad y el acceso a los datos personales de forma r\u00e1pida, en caso de incidente f\u00edsico o t\u00e9cnico.<\/li>\n<li>Verificar, evaluar y valorar, de forma regular, la eficacia de las medidas t\u00e9cnicas y organizativas implantadas para garantizar la seguridad del tratamiento.<\/li>\n<li>\u00a0Pseudonimitzar y cifrar los datos personales, si procede.<\/li>\n<\/ol>\n<\/div>\n<\/div>\n<p>\u00a0<\/p>\t\t\t\t\t\t\t\t<\/div>\n\t\t\t\t<\/div>\n\t\t\t\t\t<\/div>\n\t\t\t\t<\/div>\n\t\t\t\t<\/div>\n\t\t","protected":false},"excerpt":{"rendered":"<p>Pol\u00edtica de Galletas (cookies) \u00a0 Introducci\u00f3n La presente Pol\u00edtica de Privacidad ha sido desarrollada teniendo en cuenta lo dispuesto en la Ley Org\u00e1nica de Protecci\u00f3n de Datos de car\u00e1cter personal en vigor, as\u00ed como por el Reglamento 2016\/679 del Parlamento Europeo y del consejo del 27 de abril de 2016 relativo a la protecci\u00f3n de&hellip;<\/p>\n","protected":false},"author":1,"featured_media":0,"parent":0,"menu_order":0,"comment_status":"closed","ping_status":"closed","template":"","meta":{"footnotes":""},"class_list":["post-89805","page","type-page","status-publish","hentry"],"_links":{"self":[{"href":"https:\/\/kailashhomefoundation.org\/es\/wp-json\/wp\/v2\/pages\/89805","targetHints":{"allow":["GET"]}}],"collection":[{"href":"https:\/\/kailashhomefoundation.org\/es\/wp-json\/wp\/v2\/pages"}],"about":[{"href":"https:\/\/kailashhomefoundation.org\/es\/wp-json\/wp\/v2\/types\/page"}],"author":[{"embeddable":true,"href":"https:\/\/kailashhomefoundation.org\/es\/wp-json\/wp\/v2\/users\/1"}],"replies":[{"embeddable":true,"href":"https:\/\/kailashhomefoundation.org\/es\/wp-json\/wp\/v2\/comments?post=89805"}],"version-history":[{"count":6,"href":"https:\/\/kailashhomefoundation.org\/es\/wp-json\/wp\/v2\/pages\/89805\/revisions"}],"predecessor-version":[{"id":90197,"href":"https:\/\/kailashhomefoundation.org\/es\/wp-json\/wp\/v2\/pages\/89805\/revisions\/90197"}],"wp:attachment":[{"href":"https:\/\/kailashhomefoundation.org\/es\/wp-json\/wp\/v2\/media?parent=89805"}],"curies":[{"name":"wp","href":"https:\/\/api.w.org\/{rel}","templated":true}]}}