{"id":89789,"date":"2024-03-04T09:12:25","date_gmt":"2024-03-04T09:12:25","guid":{"rendered":"https:\/\/kailash.progdev.pro\/patrimonio-cultural"},"modified":"2024-05-31T09:53:02","modified_gmt":"2024-05-31T09:53:02","slug":"patrimonio-cultural","status":"publish","type":"page","link":"https:\/\/kailashhomefoundation.org\/es\/patrimonio-cultural","title":{"rendered":"Patrimonio Cultural"},"content":{"rendered":"\t\t<div data-elementor-type=\"wp-page\" data-elementor-id=\"89789\" class=\"elementor elementor-89789 elementor-88215\" data-elementor-post-type=\"page\">\n\t\t\t\t<div class=\"elementor-element elementor-element-b3388dc e-con-full e-flex e-con e-parent\" data-id=\"b3388dc\" data-element_type=\"container\" data-e-type=\"container\" data-settings=\"{&quot;background_background&quot;:&quot;classic&quot;}\">\n\t\t\t\t<div class=\"elementor-element elementor-element-5ca630e elementor-widget__width-initial elementor-widget-divider--view-line elementor-widget elementor-widget-divider\" data-id=\"5ca630e\" data-element_type=\"widget\" data-e-type=\"widget\" data-widget_type=\"divider.default\">\n\t\t\t\t<div class=\"elementor-widget-container\">\n\t\t\t\t\t\t\t<div class=\"elementor-divider\">\n\t\t\t<span class=\"elementor-divider-separator\">\n\t\t\t\t\t\t<\/span>\n\t\t<\/div>\n\t\t\t\t\t\t<\/div>\n\t\t\t\t<\/div>\n\t\t\t\t<\/div>\n\t\t<div class=\"elementor-element elementor-element-bafcce4 e-flex e-con-boxed e-con e-parent\" data-id=\"bafcce4\" data-element_type=\"container\" data-e-type=\"container\" data-settings=\"{&quot;background_background&quot;:&quot;classic&quot;}\">\n\t\t\t\t\t<div class=\"e-con-inner\">\n\t\t<div class=\"elementor-element elementor-element-3d6e16c e-con-full e-flex e-con e-child\" data-id=\"3d6e16c\" data-element_type=\"container\" data-e-type=\"container\" data-settings=\"{&quot;background_background&quot;:&quot;classic&quot;}\">\n\t\t\t\t<div class=\"elementor-element elementor-element-32b4b27 elementor-widget elementor-widget-heading\" data-id=\"32b4b27\" data-element_type=\"widget\" data-e-type=\"widget\" data-widget_type=\"heading.default\">\n\t\t\t\t<div class=\"elementor-widget-container\">\n\t\t\t\t\t<h2 class=\"elementor-heading-title elementor-size-default\">Patrimonio Cultural<\/h2>\t\t\t\t<\/div>\n\t\t\t\t<\/div>\n\t\t\t\t<div class=\"elementor-element elementor-element-36a8c77 elementor-widget-divider--view-line elementor-widget elementor-widget-divider\" data-id=\"36a8c77\" data-element_type=\"widget\" data-e-type=\"widget\" data-widget_type=\"divider.default\">\n\t\t\t\t<div class=\"elementor-widget-container\">\n\t\t\t\t\t\t\t<div class=\"elementor-divider\">\n\t\t\t<span class=\"elementor-divider-separator\">\n\t\t\t\t\t\t<\/span>\n\t\t<\/div>\n\t\t\t\t\t\t<\/div>\n\t\t\t\t<\/div>\n\t\t\t\t<\/div>\n\t\t<div class=\"elementor-element elementor-element-543a4ab e-con-full e-flex e-con e-child\" data-id=\"543a4ab\" data-element_type=\"container\" data-e-type=\"container\" data-settings=\"{&quot;background_background&quot;:&quot;classic&quot;}\">\n\t\t\t\t<div class=\"elementor-element elementor-element-1092a99 elementor-widget__width-initial elementor-widget elementor-widget-text-editor\" data-id=\"1092a99\" data-element_type=\"widget\" data-e-type=\"widget\" data-widget_type=\"text-editor.default\">\n\t\t\t\t<div class=\"elementor-widget-container\">\n\t\t\t\t\t\t\t\t\t<div id=\"lipsum\"><div id=\"lipsum\"><div id=\"lipsum\"><p>Mediante las actividades extraescolares que hacen hincapi\u00e9 en las artes tradicionales y nuestro programa anual de visitas a casa, la FKH se esfuerza por conectar todos y cada uno de los ni\u00f1os con su pueblo, su comunidad y su cultura. Creemos firmemente que los ni\u00f1os del Kailash Home deben estar orgullosos de su cultura y patrimonio y que, a su vez, ser\u00e1n tambi\u00e9n los mejores embajadores de sus comunidades en el futuro.<\/p><\/div><\/div><\/div>\t\t\t\t\t\t\t\t<\/div>\n\t\t\t\t<\/div>\n\t\t\t\t<\/div>\n\t\t<div class=\"elementor-element elementor-element-5308b15 e-con-full e-flex e-con e-child\" data-id=\"5308b15\" data-element_type=\"container\" data-e-type=\"container\" data-settings=\"{&quot;background_background&quot;:&quot;classic&quot;}\">\n\t\t\t\t<div class=\"elementor-element elementor-element-a023269 elementor-widget elementor-widget-image\" data-id=\"a023269\" data-element_type=\"widget\" data-e-type=\"widget\" data-widget_type=\"image.default\">\n\t\t\t\t<div class=\"elementor-widget-container\">\n\t\t\t\t\t\t\t\t\t\t\t\t\t\t\t<img fetchpriority=\"high\" decoding=\"async\" width=\"1024\" height=\"678\" src=\"https:\/\/kailashhomefoundation.org\/wp-content\/uploads\/2024\/04\/sim-1013-1-1024x678.webp\" class=\"attachment-large size-large wp-image-89708\" alt=\"\" srcset=\"https:\/\/kailashhomefoundation.org\/wp-content\/uploads\/2024\/04\/sim-1013-1-1024x678.webp 1024w, https:\/\/kailashhomefoundation.org\/wp-content\/uploads\/2024\/04\/sim-1013-1-300x199.webp 300w, https:\/\/kailashhomefoundation.org\/wp-content\/uploads\/2024\/04\/sim-1013-1-768x509.webp 768w, https:\/\/kailashhomefoundation.org\/wp-content\/uploads\/2024\/04\/sim-1013-1-1536x1017.webp 1536w, https:\/\/kailashhomefoundation.org\/wp-content\/uploads\/2024\/04\/sim-1013-1-2048x1357.webp 2048w\" sizes=\"(max-width: 1024px) 100vw, 1024px\" \/>\t\t\t\t\t\t\t\t\t\t\t\t\t\t\t<\/div>\n\t\t\t\t<\/div>\n\t\t\t\t<div class=\"elementor-element elementor-element-d2ebb56 elementor-widget-divider--view-line elementor-widget elementor-widget-divider\" data-id=\"d2ebb56\" data-element_type=\"widget\" data-e-type=\"widget\" data-widget_type=\"divider.default\">\n\t\t\t\t<div class=\"elementor-widget-container\">\n\t\t\t\t\t\t\t<div class=\"elementor-divider\">\n\t\t\t<span class=\"elementor-divider-separator\">\n\t\t\t\t\t\t<\/span>\n\t\t<\/div>\n\t\t\t\t\t\t<\/div>\n\t\t\t\t<\/div>\n\t\t\t\t<\/div>\n\t\t\t\t\t<\/div>\n\t\t\t\t<\/div>\n\t\t<div class=\"elementor-element elementor-element-0c2ba08 e-flex e-con-boxed e-con e-parent\" data-id=\"0c2ba08\" data-element_type=\"container\" data-e-type=\"container\">\n\t\t\t\t\t<div class=\"e-con-inner\">\n\t\t<div class=\"elementor-element elementor-element-c9f7880 e-con-full e-flex e-con e-child\" data-id=\"c9f7880\" data-element_type=\"container\" data-e-type=\"container\">\n\t\t\t\t<div class=\"elementor-element elementor-element-6c609d5 elementor-widget__width-initial elementor-widget elementor-widget-text-editor\" data-id=\"6c609d5\" data-element_type=\"widget\" data-e-type=\"widget\" data-widget_type=\"text-editor.default\">\n\t\t\t\t<div class=\"elementor-widget-container\">\n\t\t\t\t\t\t\t\t\t<p style=\"text-align: center;\"><strong>Mantener la tradici\u00f3n a trav\u00e9s del patrimonio cultural<br \/>y las artes y oficios tradicionales<br \/><\/strong><\/p>\n\t\t\t\t\t\t\t\t<\/div>\n\t\t\t\t<\/div>\n\t\t\t\t<div class=\"elementor-element elementor-element-fc237ab elementor-widget__width-initial elementor-widget elementor-widget-text-editor\" data-id=\"fc237ab\" data-element_type=\"widget\" data-e-type=\"widget\" data-widget_type=\"text-editor.default\">\n\t\t\t\t<div class=\"elementor-widget-container\">\n\t\t\t\t\t\t\t\t\t<p>En la FKH creemos en el poder de los ni\u00f1os para cambiar el futuro. Tambi\u00e9n sabemos que est\u00e1n mejor equipados para ello cuando valoran su pasado y las tradiciones de sus pueblos. En el Kailash Home, todos los ni\u00f1os reciben formaci\u00f3n en m\u00fasica y danza, tanto tradicionales como m\u00e1s contempor\u00e1neas. Aprenden la lengua y la historia de Nepal y tienen la oportunidad, siempre que sea posible, de volver a sus pueblos de origen ya sus familias durante las vacaciones escolares. Aunque sabemos que nuestros ni\u00f1os est\u00e1n conectados al mundo mediante la tecnolog\u00eda y sus relaciones con los padrinos y amigos, tambi\u00e9n sabemos que son la esperanza para canalizar las mejoras necesarias para hacer avanzar a sus comunidades y familias.<\/p>\n\t\t\t\t\t\t\t\t<\/div>\n\t\t\t\t<\/div>\n\t\t\t\t<\/div>\n\t\t\t\t\t<\/div>\n\t\t\t\t<\/div>\n\t\t<div class=\"elementor-element elementor-element-5882065 e-flex e-con-boxed e-con e-parent\" data-id=\"5882065\" data-element_type=\"container\" data-e-type=\"container\">\n\t\t\t\t\t<div class=\"e-con-inner\">\n\t\t\t\t<div class=\"elementor-element elementor-element-ffba76d elementor-widget-divider--view-line elementor-widget elementor-widget-divider\" data-id=\"ffba76d\" data-element_type=\"widget\" data-e-type=\"widget\" data-widget_type=\"divider.default\">\n\t\t\t\t<div class=\"elementor-widget-container\">\n\t\t\t\t\t\t\t<div class=\"elementor-divider\">\n\t\t\t<span class=\"elementor-divider-separator\">\n\t\t\t\t\t\t<\/span>\n\t\t<\/div>\n\t\t\t\t\t\t<\/div>\n\t\t\t\t<\/div>\n\t\t\t\t<div class=\"elementor-element elementor-element-215a4b3 elementor-arrows-position-outside elementor-widget elementor-widget-image-carousel\" data-id=\"215a4b3\" data-element_type=\"widget\" data-e-type=\"widget\" data-settings=\"{&quot;navigation&quot;:&quot;arrows&quot;,&quot;autoplay&quot;:&quot;yes&quot;,&quot;pause_on_hover&quot;:&quot;yes&quot;,&quot;pause_on_interaction&quot;:&quot;yes&quot;,&quot;autoplay_speed&quot;:5000,&quot;infinite&quot;:&quot;yes&quot;,&quot;speed&quot;:500,&quot;image_spacing_custom&quot;:{&quot;unit&quot;:&quot;px&quot;,&quot;size&quot;:20,&quot;sizes&quot;:[]},&quot;image_spacing_custom_tablet&quot;:{&quot;unit&quot;:&quot;px&quot;,&quot;size&quot;:&quot;&quot;,&quot;sizes&quot;:[]},&quot;image_spacing_custom_mobile&quot;:{&quot;unit&quot;:&quot;px&quot;,&quot;size&quot;:&quot;&quot;,&quot;sizes&quot;:[]}}\" data-widget_type=\"image-carousel.default\">\n\t\t\t\t<div class=\"elementor-widget-container\">\n\t\t\t\t\t\t\t<div class=\"elementor-image-carousel-wrapper swiper\" role=\"region\" aria-roledescription=\"carousel\" aria-label=\"Carrusel de im\u00e1genes\" dir=\"ltr\">\n\t\t\t<div class=\"elementor-image-carousel swiper-wrapper\" aria-live=\"off\">\n\t\t\t\t\t\t\t\t<div class=\"swiper-slide\" role=\"group\" aria-roledescription=\"slide\" aria-label=\"1 de 9\"><figure class=\"swiper-slide-inner\"><img decoding=\"async\" class=\"swiper-slide-image\" src=\"https:\/\/kailashhomefoundation.org\/wp-content\/uploads\/2024\/03\/SIM_0766.jpg\" alt=\"SIM_0766\" \/><\/figure><\/div><div class=\"swiper-slide\" role=\"group\" aria-roledescription=\"slide\" aria-label=\"2 de 9\"><figure class=\"swiper-slide-inner\"><img decoding=\"async\" class=\"swiper-slide-image\" src=\"https:\/\/kailashhomefoundation.org\/wp-content\/uploads\/2024\/03\/SIM_0991.jpg\" alt=\"SIM_0991\" \/><\/figure><\/div><div class=\"swiper-slide\" role=\"group\" aria-roledescription=\"slide\" aria-label=\"3 de 9\"><figure class=\"swiper-slide-inner\"><img decoding=\"async\" class=\"swiper-slide-image\" src=\"https:\/\/kailashhomefoundation.org\/wp-content\/uploads\/2024\/03\/SAM03369-1.jpg\" alt=\"SAM03369\" \/><\/figure><\/div><div class=\"swiper-slide\" role=\"group\" aria-roledescription=\"slide\" aria-label=\"4 de 9\"><figure class=\"swiper-slide-inner\"><img decoding=\"async\" class=\"swiper-slide-image\" src=\"https:\/\/kailashhomefoundation.org\/wp-content\/uploads\/2024\/03\/SAM03859-1.jpg\" alt=\"SAM03859\" \/><\/figure><\/div><div class=\"swiper-slide\" role=\"group\" aria-roledescription=\"slide\" aria-label=\"5 de 9\"><figure class=\"swiper-slide-inner\"><img decoding=\"async\" class=\"swiper-slide-image\" src=\"https:\/\/kailashhomefoundation.org\/wp-content\/uploads\/2024\/03\/SAM03924-1.jpg\" alt=\"SAM03924\" \/><\/figure><\/div><div class=\"swiper-slide\" role=\"group\" aria-roledescription=\"slide\" aria-label=\"6 de 9\"><figure class=\"swiper-slide-inner\"><img decoding=\"async\" class=\"swiper-slide-image\" src=\"https:\/\/kailashhomefoundation.org\/wp-content\/uploads\/2024\/03\/SIM_0869.jpg\" alt=\"SIM_0869\" \/><\/figure><\/div><div class=\"swiper-slide\" role=\"group\" aria-roledescription=\"slide\" aria-label=\"7 de 9\"><figure class=\"swiper-slide-inner\"><img decoding=\"async\" class=\"swiper-slide-image\" src=\"https:\/\/kailashhomefoundation.org\/wp-content\/uploads\/2024\/03\/SAM03870-1.jpg\" alt=\"SAM03870\" \/><\/figure><\/div><div class=\"swiper-slide\" role=\"group\" aria-roledescription=\"slide\" aria-label=\"8 de 9\"><figure class=\"swiper-slide-inner\"><img decoding=\"async\" class=\"swiper-slide-image\" src=\"https:\/\/kailashhomefoundation.org\/wp-content\/uploads\/2024\/03\/SIM_0777.jpg\" alt=\"SIM_0777\" \/><\/figure><\/div><div class=\"swiper-slide\" role=\"group\" aria-roledescription=\"slide\" aria-label=\"9 de 9\"><figure class=\"swiper-slide-inner\"><img decoding=\"async\" class=\"swiper-slide-image\" src=\"https:\/\/kailashhomefoundation.org\/wp-content\/uploads\/2024\/03\/SIM_0767.jpg\" alt=\"SIM_0767\" \/><\/figure><\/div>\t\t\t<\/div>\n\t\t\t\t\t\t\t\t\t\t\t\t<div class=\"elementor-swiper-button elementor-swiper-button-prev\" role=\"button\" tabindex=\"0\">\n\t\t\t\t\t\t<svg aria-hidden=\"true\" class=\"e-font-icon-svg e-eicon-chevron-left\" viewBox=\"0 0 1000 1000\" xmlns=\"http:\/\/www.w3.org\/2000\/svg\"><path d=\"M646 125C629 125 613 133 604 142L308 442C296 454 292 471 292 487 292 504 296 521 308 533L604 854C617 867 629 875 646 875 663 875 679 871 692 858 704 846 713 829 713 812 713 796 708 779 692 767L438 487 692 225C700 217 708 204 708 187 708 171 704 154 692 142 675 129 663 125 646 125Z\"><\/path><\/svg>\t\t\t\t\t<\/div>\n\t\t\t\t\t<div class=\"elementor-swiper-button elementor-swiper-button-next\" role=\"button\" tabindex=\"0\">\n\t\t\t\t\t\t<svg aria-hidden=\"true\" class=\"e-font-icon-svg e-eicon-chevron-right\" viewBox=\"0 0 1000 1000\" xmlns=\"http:\/\/www.w3.org\/2000\/svg\"><path d=\"M696 533C708 521 713 504 713 487 713 471 708 454 696 446L400 146C388 133 375 125 354 125 338 125 325 129 313 142 300 154 292 171 292 187 292 204 296 221 308 233L563 492 304 771C292 783 288 800 288 817 288 833 296 850 308 863 321 871 338 875 354 875 371 875 388 867 400 854L696 533Z\"><\/path><\/svg>\t\t\t\t\t<\/div>\n\t\t\t\t\n\t\t\t\t\t\t\t\t\t<\/div>\n\t\t\t\t\t\t<\/div>\n\t\t\t\t<\/div>\n\t\t\t\t<div class=\"elementor-element elementor-element-54b640b elementor-widget-divider--view-line elementor-widget elementor-widget-divider\" data-id=\"54b640b\" data-element_type=\"widget\" data-e-type=\"widget\" data-widget_type=\"divider.default\">\n\t\t\t\t<div class=\"elementor-widget-container\">\n\t\t\t\t\t\t\t<div class=\"elementor-divider\">\n\t\t\t<span class=\"elementor-divider-separator\">\n\t\t\t\t\t\t<\/span>\n\t\t<\/div>\n\t\t\t\t\t\t<\/div>\n\t\t\t\t<\/div>\n\t\t\t\t\t<\/div>\n\t\t\t\t<\/div>\n\t\t<div class=\"elementor-element elementor-element-d1eb4db e-flex e-con-boxed elementor-invisible e-con e-parent\" data-id=\"d1eb4db\" data-element_type=\"container\" data-e-type=\"container\" data-settings=\"{&quot;background_background&quot;:&quot;classic&quot;,&quot;animation&quot;:&quot;fadeInUp&quot;}\">\n\t\t\t\t\t<div class=\"e-con-inner\">\n\t\t\t\t<div class=\"elementor-element elementor-element-9a3ba56 elementor-widget elementor-widget-heading\" data-id=\"9a3ba56\" data-element_type=\"widget\" data-e-type=\"widget\" data-widget_type=\"heading.default\">\n\t\t\t\t<div class=\"elementor-widget-container\">\n\t\t\t\t\t<h2 class=\"elementor-heading-title elementor-size-default\">Programa de visitas a casa durante las vacaciones<\/h2>\t\t\t\t<\/div>\n\t\t\t\t<\/div>\n\t\t\t\t<div class=\"elementor-element elementor-element-0ebd8d4 elementor-widget elementor-widget-text-editor\" data-id=\"0ebd8d4\" data-element_type=\"widget\" data-e-type=\"widget\" data-widget_type=\"text-editor.default\">\n\t\t\t\t<div class=\"elementor-widget-container\">\n\t\t\t\t\t\t\t\t\t<p>Nuestros ni\u00f1os provienen de todas las regiones de Nepal (Himalaya) desde campos de refugiados hasta los pueblos de monta\u00f1a m\u00e1s rurales. En la FKH creemos que mantener lazos culturales y geogr\u00e1ficos con sus ra\u00edces les permite convertirse en mejores l\u00edderes y embajadores de sus comunidades en el futuro. Cada a\u00f1o durante las vacaciones escolares, algunos de nuestros ni\u00f1os vuelven a sus casas acompa\u00f1ados por un miembro del personal del Kailash. Estas visitas no s\u00f3lo ofrecen la oportunidad de volver a conectar con su familia y amigos, sino que tambi\u00e9n les permiten viajar.<\/p><p>Con 20 a\u00f1os ayudando a estudiantes, en el Kailash Home y en la FKH nos esforzamos constantemente por conectar y alentar a nuestros antiguos alumnos de todo el mundo. Estos j\u00f3venes talentosos son un testimonio vivo del trabajo y la misi\u00f3n de la fundaci\u00f3n, as\u00ed como una inspiraci\u00f3n para las generaciones actuales y futuras del Kailash Home. Nuestros antiguos alumnos mantienen un fuerte v\u00ednculo con Kailash a trav\u00e9s de visitas al campus, de conexiones a Katmand\u00fa y m\u00e1s all\u00e1, y a trav\u00e9s de una activa red con muchas ganas de continuar conectados con Kailash Home.<\/p>\t\t\t\t\t\t\t\t<\/div>\n\t\t\t\t<\/div>\n\t\t\t\t\t<\/div>\n\t\t\t\t<\/div>\n\t\t<div class=\"elementor-element elementor-element-5dea474 e-flex e-con-boxed e-con e-parent\" data-id=\"5dea474\" data-element_type=\"container\" data-e-type=\"container\" data-settings=\"{&quot;background_background&quot;:&quot;classic&quot;}\">\n\t\t\t\t\t<div class=\"e-con-inner\">\n\t\t\t\t<div class=\"elementor-element elementor-element-59bcb03 elementor-arrows-position-outside elementor-widget elementor-widget-image-carousel\" data-id=\"59bcb03\" data-element_type=\"widget\" data-e-type=\"widget\" data-settings=\"{&quot;slides_to_show&quot;:&quot;1&quot;,&quot;navigation&quot;:&quot;arrows&quot;,&quot;autoplay&quot;:&quot;yes&quot;,&quot;pause_on_hover&quot;:&quot;yes&quot;,&quot;pause_on_interaction&quot;:&quot;yes&quot;,&quot;autoplay_speed&quot;:5000,&quot;infinite&quot;:&quot;yes&quot;,&quot;effect&quot;:&quot;slide&quot;,&quot;speed&quot;:500}\" data-widget_type=\"image-carousel.default\">\n\t\t\t\t<div class=\"elementor-widget-container\">\n\t\t\t\t\t\t\t<div class=\"elementor-image-carousel-wrapper swiper\" role=\"region\" aria-roledescription=\"carousel\" aria-label=\"Carrusel de im\u00e1genes\" dir=\"ltr\">\n\t\t\t<div class=\"elementor-image-carousel swiper-wrapper\" aria-live=\"off\">\n\t\t\t\t\t\t\t\t<div class=\"swiper-slide\" role=\"group\" aria-roledescription=\"slide\" aria-label=\"1 de 7\"><figure class=\"swiper-slide-inner\"><img decoding=\"async\" class=\"swiper-slide-image\" src=\"https:\/\/kailashhomefoundation.org\/wp-content\/uploads\/2024\/04\/programa-visita-als-pobles-7.webp\" alt=\"programa visita als pobles 7\" \/><\/figure><\/div><div class=\"swiper-slide\" role=\"group\" aria-roledescription=\"slide\" aria-label=\"2 de 7\"><figure class=\"swiper-slide-inner\"><img decoding=\"async\" class=\"swiper-slide-image\" src=\"https:\/\/kailashhomefoundation.org\/wp-content\/uploads\/2024\/04\/programa-visita-als-pobles-6.webp\" alt=\"programa visita als pobles 6\" \/><\/figure><\/div><div class=\"swiper-slide\" role=\"group\" aria-roledescription=\"slide\" aria-label=\"3 de 7\"><figure class=\"swiper-slide-inner\"><img decoding=\"async\" class=\"swiper-slide-image\" src=\"https:\/\/kailashhomefoundation.org\/wp-content\/uploads\/2024\/04\/programa-visita-als-pobles-1.webp\" alt=\"programa visita als pobles 1\" \/><\/figure><\/div><div class=\"swiper-slide\" role=\"group\" aria-roledescription=\"slide\" aria-label=\"4 de 7\"><figure class=\"swiper-slide-inner\"><img decoding=\"async\" class=\"swiper-slide-image\" src=\"https:\/\/kailashhomefoundation.org\/wp-content\/uploads\/2024\/04\/programa-visita-als-pobles-2.webp\" alt=\"programa visita als pobles 2\" \/><\/figure><\/div><div class=\"swiper-slide\" role=\"group\" aria-roledescription=\"slide\" aria-label=\"5 de 7\"><figure class=\"swiper-slide-inner\"><img decoding=\"async\" class=\"swiper-slide-image\" src=\"https:\/\/kailashhomefoundation.org\/wp-content\/uploads\/2024\/04\/programa-visita-als-pobles-5.webp\" alt=\"programa visita als pobles 5\" \/><\/figure><\/div><div class=\"swiper-slide\" role=\"group\" aria-roledescription=\"slide\" aria-label=\"6 de 7\"><figure class=\"swiper-slide-inner\"><img decoding=\"async\" class=\"swiper-slide-image\" src=\"https:\/\/kailashhomefoundation.org\/wp-content\/uploads\/2024\/04\/programa-visita-als-pobles-4.webp\" alt=\"programa visita als pobles 4\" \/><\/figure><\/div><div class=\"swiper-slide\" role=\"group\" aria-roledescription=\"slide\" aria-label=\"7 de 7\"><figure class=\"swiper-slide-inner\"><img decoding=\"async\" class=\"swiper-slide-image\" src=\"https:\/\/kailashhomefoundation.org\/wp-content\/uploads\/2024\/04\/programa-visita-als-pobles-3.webp\" alt=\"programa visita als pobles 3\" \/><\/figure><\/div>\t\t\t<\/div>\n\t\t\t\t\t\t\t\t\t\t\t\t<div class=\"elementor-swiper-button elementor-swiper-button-prev\" role=\"button\" tabindex=\"0\">\n\t\t\t\t\t\t<svg aria-hidden=\"true\" class=\"e-font-icon-svg e-eicon-chevron-left\" viewBox=\"0 0 1000 1000\" xmlns=\"http:\/\/www.w3.org\/2000\/svg\"><path d=\"M646 125C629 125 613 133 604 142L308 442C296 454 292 471 292 487 292 504 296 521 308 533L604 854C617 867 629 875 646 875 663 875 679 871 692 858 704 846 713 829 713 812 713 796 708 779 692 767L438 487 692 225C700 217 708 204 708 187 708 171 704 154 692 142 675 129 663 125 646 125Z\"><\/path><\/svg>\t\t\t\t\t<\/div>\n\t\t\t\t\t<div class=\"elementor-swiper-button elementor-swiper-button-next\" role=\"button\" tabindex=\"0\">\n\t\t\t\t\t\t<svg aria-hidden=\"true\" class=\"e-font-icon-svg e-eicon-chevron-right\" viewBox=\"0 0 1000 1000\" xmlns=\"http:\/\/www.w3.org\/2000\/svg\"><path d=\"M696 533C708 521 713 504 713 487 713 471 708 454 696 446L400 146C388 133 375 125 354 125 338 125 325 129 313 142 300 154 292 171 292 187 292 204 296 221 308 233L563 492 304 771C292 783 288 800 288 817 288 833 296 850 308 863 321 871 338 875 354 875 371 875 388 867 400 854L696 533Z\"><\/path><\/svg>\t\t\t\t\t<\/div>\n\t\t\t\t\n\t\t\t\t\t\t\t\t\t<\/div>\n\t\t\t\t\t\t<\/div>\n\t\t\t\t<\/div>\n\t\t\t\t<div class=\"elementor-element elementor-element-1e060cc elementor-align-center elementor-invisible elementor-widget elementor-widget-the7_button_widget\" data-id=\"1e060cc\" data-element_type=\"widget\" data-e-type=\"widget\" data-settings=\"{&quot;_animation&quot;:&quot;pulse&quot;}\" data-widget_type=\"the7_button_widget.default\">\n\t\t\t\t<div class=\"elementor-widget-container\">\n\t\t\t\t\t<div class=\"elementor-button-wrapper\"><a href=\"https:\/\/kailashhomefoundation.org\/es\/haz-un-donativo\" target=\"_blank\" class=\"box-button elementor-button elementor-size-md\">Apoya el programa de visitas<\/a><\/div>\t\t\t\t<\/div>\n\t\t\t\t<\/div>\n\t\t\t\t<div class=\"elementor-element elementor-element-9693cd9 elementor-widget-divider--view-line elementor-widget elementor-widget-divider\" data-id=\"9693cd9\" data-element_type=\"widget\" data-e-type=\"widget\" data-widget_type=\"divider.default\">\n\t\t\t\t<div class=\"elementor-widget-container\">\n\t\t\t\t\t\t\t<div class=\"elementor-divider\">\n\t\t\t<span class=\"elementor-divider-separator\">\n\t\t\t\t\t\t<\/span>\n\t\t<\/div>\n\t\t\t\t\t\t<\/div>\n\t\t\t\t<\/div>\n\t\t\t\t\t<\/div>\n\t\t\t\t<\/div>\n\t\t\t\t<\/div>\n\t\t","protected":false},"excerpt":{"rendered":"<p>Patrimonio Cultural Mediante las actividades extraescolares que hacen hincapi\u00e9 en las artes tradicionales y nuestro programa anual de visitas a casa, la FKH se esfuerza por conectar todos y cada uno de los ni\u00f1os con su pueblo, su comunidad y su cultura. Creemos firmemente que los ni\u00f1os del Kailash Home deben estar orgullosos de su&hellip;<\/p>\n","protected":false},"author":1,"featured_media":0,"parent":0,"menu_order":10,"comment_status":"closed","ping_status":"closed","template":"elementor_header_footer","meta":{"footnotes":""},"class_list":["post-89789","page","type-page","status-publish","hentry"],"_links":{"self":[{"href":"https:\/\/kailashhomefoundation.org\/es\/wp-json\/wp\/v2\/pages\/89789","targetHints":{"allow":["GET"]}}],"collection":[{"href":"https:\/\/kailashhomefoundation.org\/es\/wp-json\/wp\/v2\/pages"}],"about":[{"href":"https:\/\/kailashhomefoundation.org\/es\/wp-json\/wp\/v2\/types\/page"}],"author":[{"embeddable":true,"href":"https:\/\/kailashhomefoundation.org\/es\/wp-json\/wp\/v2\/users\/1"}],"replies":[{"embeddable":true,"href":"https:\/\/kailashhomefoundation.org\/es\/wp-json\/wp\/v2\/comments?post=89789"}],"version-history":[{"count":5,"href":"https:\/\/kailashhomefoundation.org\/es\/wp-json\/wp\/v2\/pages\/89789\/revisions"}],"predecessor-version":[{"id":90240,"href":"https:\/\/kailashhomefoundation.org\/es\/wp-json\/wp\/v2\/pages\/89789\/revisions\/90240"}],"wp:attachment":[{"href":"https:\/\/kailashhomefoundation.org\/es\/wp-json\/wp\/v2\/media?parent=89789"}],"curies":[{"name":"wp","href":"https:\/\/api.w.org\/{rel}","templated":true}]}}