{"id":89784,"date":"2024-04-15T13:42:48","date_gmt":"2024-04-15T13:42:48","guid":{"rendered":"https:\/\/kailash.progdev.pro\/participa-e-implicate"},"modified":"2024-05-31T10:18:10","modified_gmt":"2024-05-31T10:18:10","slug":"participa-e-implicate","status":"publish","type":"page","link":"https:\/\/kailashhomefoundation.org\/es\/participa-e-implicate","title":{"rendered":"Participa e impl\u00edcate"},"content":{"rendered":"\t\t<div data-elementor-type=\"wp-page\" data-elementor-id=\"89784\" class=\"elementor elementor-89784 elementor-88495\" data-elementor-post-type=\"page\">\n\t\t\t\t<div class=\"elementor-element elementor-element-b3388dc e-con-full e-flex e-con e-parent\" data-id=\"b3388dc\" data-element_type=\"container\" data-e-type=\"container\" data-settings=\"{&quot;background_background&quot;:&quot;classic&quot;}\">\n\t\t\t\t<div class=\"elementor-element elementor-element-5ca630e elementor-widget__width-initial elementor-widget-divider--view-line elementor-widget elementor-widget-divider\" data-id=\"5ca630e\" data-element_type=\"widget\" data-e-type=\"widget\" data-widget_type=\"divider.default\">\n\t\t\t\t<div class=\"elementor-widget-container\">\n\t\t\t\t\t\t\t<div class=\"elementor-divider\">\n\t\t\t<span class=\"elementor-divider-separator\">\n\t\t\t\t\t\t<\/span>\n\t\t<\/div>\n\t\t\t\t\t\t<\/div>\n\t\t\t\t<\/div>\n\t\t\t\t<\/div>\n\t\t<div class=\"elementor-element elementor-element-bafcce4 e-flex e-con-boxed e-con e-parent\" data-id=\"bafcce4\" data-element_type=\"container\" data-e-type=\"container\" data-settings=\"{&quot;background_background&quot;:&quot;classic&quot;}\">\n\t\t\t\t\t<div class=\"e-con-inner\">\n\t\t<div class=\"elementor-element elementor-element-3d6e16c e-con-full e-flex e-con e-child\" data-id=\"3d6e16c\" data-element_type=\"container\" data-e-type=\"container\" data-settings=\"{&quot;background_background&quot;:&quot;classic&quot;}\">\n\t\t\t\t<div class=\"elementor-element elementor-element-32b4b27 elementor-widget elementor-widget-heading\" data-id=\"32b4b27\" data-element_type=\"widget\" data-e-type=\"widget\" data-widget_type=\"heading.default\">\n\t\t\t\t<div class=\"elementor-widget-container\">\n\t\t\t\t\t<h2 class=\"elementor-heading-title elementor-size-default\">Participa e impl\u00edcate<\/h2>\t\t\t\t<\/div>\n\t\t\t\t<\/div>\n\t\t\t\t<div class=\"elementor-element elementor-element-36a8c77 elementor-widget-divider--view-line elementor-widget elementor-widget-divider\" data-id=\"36a8c77\" data-element_type=\"widget\" data-e-type=\"widget\" data-widget_type=\"divider.default\">\n\t\t\t\t<div class=\"elementor-widget-container\">\n\t\t\t\t\t\t\t<div class=\"elementor-divider\">\n\t\t\t<span class=\"elementor-divider-separator\">\n\t\t\t\t\t\t<\/span>\n\t\t<\/div>\n\t\t\t\t\t\t<\/div>\n\t\t\t\t<\/div>\n\t\t\t\t<\/div>\n\t\t<div class=\"elementor-element elementor-element-543a4ab e-con-full e-flex e-con e-child\" data-id=\"543a4ab\" data-element_type=\"container\" data-e-type=\"container\" data-settings=\"{&quot;background_background&quot;:&quot;classic&quot;}\">\n\t\t\t\t<div class=\"elementor-element elementor-element-1092a99 elementor-widget__width-initial elementor-widget elementor-widget-text-editor\" data-id=\"1092a99\" data-element_type=\"widget\" data-e-type=\"widget\" data-widget_type=\"text-editor.default\">\n\t\t\t\t<div class=\"elementor-widget-container\">\n\t\t\t\t\t\t\t\t\t<div id=\"lipsum\"><div id=\"lipsum\"><div id=\"lipsum\"><p>Hay muchas maneras de implicarse con la Fundaci\u00f3n Kailash Home: haciendo un donativo, apadrinando un ni\u00f1o o visitando nuestro proyecto en el Nepal.<br \/>Quiz\u00e1s ya est\u00e1s involucrado, o quiz\u00e1s este es tu primer contacto con la fundaci\u00f3n, pero sea cual sea tu v\u00ednculo con nosotros, es un placer que formes parte de la familia Kailash Home.<\/p><\/div><\/div><\/div>\t\t\t\t\t\t\t\t<\/div>\n\t\t\t\t<\/div>\n\t\t\t\t<\/div>\n\t\t<div class=\"elementor-element elementor-element-5308b15 e-con-full e-flex e-con e-child\" data-id=\"5308b15\" data-element_type=\"container\" data-e-type=\"container\" data-settings=\"{&quot;background_background&quot;:&quot;classic&quot;}\">\n\t\t\t\t<div class=\"elementor-element elementor-element-d2ebb56 elementor-widget-divider--view-line elementor-widget elementor-widget-divider\" data-id=\"d2ebb56\" data-element_type=\"widget\" data-e-type=\"widget\" data-widget_type=\"divider.default\">\n\t\t\t\t<div class=\"elementor-widget-container\">\n\t\t\t\t\t\t\t<div class=\"elementor-divider\">\n\t\t\t<span class=\"elementor-divider-separator\">\n\t\t\t\t\t\t<\/span>\n\t\t<\/div>\n\t\t\t\t\t\t<\/div>\n\t\t\t\t<\/div>\n\t\t\t\t<\/div>\n\t\t\t\t\t<\/div>\n\t\t\t\t<\/div>\n\t\t<div class=\"elementor-element elementor-element-4bed5f9 e-flex e-con-boxed e-con e-parent\" data-id=\"4bed5f9\" data-element_type=\"container\" data-e-type=\"container\">\n\t\t\t\t\t<div class=\"e-con-inner\">\n\t\t\t\t<div class=\"elementor-element elementor-element-2ca9227 elementor-widget-divider--view-line elementor-widget elementor-widget-divider\" data-id=\"2ca9227\" data-element_type=\"widget\" data-e-type=\"widget\" data-widget_type=\"divider.default\">\n\t\t\t\t<div class=\"elementor-widget-container\">\n\t\t\t\t\t\t\t<div class=\"elementor-divider\">\n\t\t\t<span class=\"elementor-divider-separator\">\n\t\t\t\t\t\t<\/span>\n\t\t<\/div>\n\t\t\t\t\t\t<\/div>\n\t\t\t\t<\/div>\n\t\t\t\t\t<\/div>\n\t\t\t\t<\/div>\n\t\t<div class=\"elementor-element elementor-element-4e2229a e-flex e-con-boxed elementor-invisible e-con e-parent\" data-id=\"4e2229a\" data-element_type=\"container\" data-e-type=\"container\" data-settings=\"{&quot;animation&quot;:&quot;fadeInLeft&quot;}\">\n\t\t\t\t\t<div class=\"e-con-inner\">\n\t\t<div class=\"elementor-element elementor-element-09225e3 e-flex e-con-boxed e-con e-child\" data-id=\"09225e3\" data-element_type=\"container\" data-e-type=\"container\">\n\t\t\t\t\t<div class=\"e-con-inner\">\n\t\t\t\t<div class=\"elementor-element elementor-element-d580224 elementor-widget elementor-widget-image\" data-id=\"d580224\" data-element_type=\"widget\" data-e-type=\"widget\" data-widget_type=\"image.default\">\n\t\t\t\t<div class=\"elementor-widget-container\">\n\t\t\t\t\t\t\t\t\t\t\t\t\t\t\t<img fetchpriority=\"high\" decoding=\"async\" width=\"1024\" height=\"701\" src=\"https:\/\/kailashhomefoundation.org\/wp-content\/uploads\/2024\/04\/0170.jpg\" class=\"attachment-large size-large wp-image-89731\" alt=\"\" srcset=\"https:\/\/kailashhomefoundation.org\/wp-content\/uploads\/2024\/04\/0170.jpg 1024w, https:\/\/kailashhomefoundation.org\/wp-content\/uploads\/2024\/04\/0170-300x205.jpg 300w, https:\/\/kailashhomefoundation.org\/wp-content\/uploads\/2024\/04\/0170-768x526.jpg 768w\" sizes=\"(max-width: 1024px) 100vw, 1024px\" \/>\t\t\t\t\t\t\t\t\t\t\t\t\t\t\t<\/div>\n\t\t\t\t<\/div>\n\t\t\t\t\t<\/div>\n\t\t\t\t<\/div>\n\t\t<div class=\"elementor-element elementor-element-f3fe9fb e-flex e-con-boxed e-con e-child\" data-id=\"f3fe9fb\" data-element_type=\"container\" data-e-type=\"container\">\n\t\t\t\t\t<div class=\"e-con-inner\">\n\t\t\t\t<div class=\"elementor-element elementor-element-f256a69 elementor-widget-mobile__width-inherit elementor-widget elementor-widget-heading\" data-id=\"f256a69\" data-element_type=\"widget\" data-e-type=\"widget\" data-widget_type=\"heading.default\">\n\t\t\t\t<div class=\"elementor-widget-container\">\n\t\t\t\t\t<h2 class=\"elementor-heading-title elementor-size-default\">Hacer un donativo<\/h2>\t\t\t\t<\/div>\n\t\t\t\t<\/div>\n\t\t\t\t<div class=\"elementor-element elementor-element-1d75d91 elementor-widget elementor-widget-text-editor\" data-id=\"1d75d91\" data-element_type=\"widget\" data-e-type=\"widget\" data-widget_type=\"text-editor.default\">\n\t\t\t\t<div class=\"elementor-widget-container\">\n\t\t\t\t\t\t\t\t\t<p>Cuando haga un donativo a la FKH, puede estar seguro de que su aportaci\u00f3n se invertir\u00e1 directamente en el bienestar de los ni\u00f1os del Kailash Home. Muchos de nuestros estudiantes son los primeros de sus familias en tener la oportunidad de ir a la escuela de forma regular.  <br \/>Su apoyo nos da la posibilidad de ayudar a los ni\u00f1os y ni\u00f1as m\u00e1s necesitados del Himalaya, ofreci\u00e9ndoles la oportunidad de prosperar en el mundo actual preservando su propia cultura y tradiciones.<\/p>\n\t\t\t\t\t\t\t\t<\/div>\n\t\t\t\t<\/div>\n\t\t\t\t<div class=\"elementor-element elementor-element-cbdaa5e elementor-widget elementor-widget-button\" data-id=\"cbdaa5e\" data-element_type=\"widget\" data-e-type=\"widget\" data-widget_type=\"button.default\">\n\t\t\t\t<div class=\"elementor-widget-container\">\n\t\t\t\t\t\t\t\t\t<div class=\"elementor-button-wrapper\">\n\t\t\t\t\t<a class=\"elementor-button elementor-button-link elementor-size-sm\" href=\"https:\/\/kailashhomefoundation.org\/es\/haz-un-donativo\">\n\t\t\t\t\t\t<span class=\"elementor-button-content-wrapper\">\n\t\t\t\t\t\t\t\t\t<span class=\"elementor-button-text\">Haz un donativo<\/span>\n\t\t\t\t\t<\/span>\n\t\t\t\t\t<\/a>\n\t\t\t\t<\/div>\n\t\t\t\t\t\t\t\t<\/div>\n\t\t\t\t<\/div>\n\t\t\t\t\t<\/div>\n\t\t\t\t<\/div>\n\t\t\t\t\t<\/div>\n\t\t\t\t<\/div>\n\t\t<div class=\"elementor-element elementor-element-efcbc6c e-flex e-con-boxed e-con e-parent\" data-id=\"efcbc6c\" data-element_type=\"container\" data-e-type=\"container\">\n\t\t\t\t\t<div class=\"e-con-inner\">\n\t\t\t\t<div class=\"elementor-element elementor-element-5aeb318 elementor-widget-divider--view-line elementor-widget elementor-widget-divider\" data-id=\"5aeb318\" data-element_type=\"widget\" data-e-type=\"widget\" data-widget_type=\"divider.default\">\n\t\t\t\t<div class=\"elementor-widget-container\">\n\t\t\t\t\t\t\t<div class=\"elementor-divider\">\n\t\t\t<span class=\"elementor-divider-separator\">\n\t\t\t\t\t\t<\/span>\n\t\t<\/div>\n\t\t\t\t\t\t<\/div>\n\t\t\t\t<\/div>\n\t\t\t\t\t<\/div>\n\t\t\t\t<\/div>\n\t\t<div class=\"elementor-element elementor-element-af9e5af e-flex e-con-boxed elementor-invisible e-con e-parent\" data-id=\"af9e5af\" data-element_type=\"container\" data-e-type=\"container\" data-settings=\"{&quot;background_background&quot;:&quot;classic&quot;,&quot;animation&quot;:&quot;fadeInRight&quot;}\">\n\t\t\t\t\t<div class=\"e-con-inner\">\n\t\t<div class=\"elementor-element elementor-element-4611098 e-flex e-con-boxed e-con e-child\" data-id=\"4611098\" data-element_type=\"container\" data-e-type=\"container\">\n\t\t\t\t\t<div class=\"e-con-inner\">\n\t\t\t\t<div class=\"elementor-element elementor-element-ae738d5 elementor-widget elementor-widget-heading\" data-id=\"ae738d5\" data-element_type=\"widget\" data-e-type=\"widget\" data-widget_type=\"heading.default\">\n\t\t\t\t<div class=\"elementor-widget-container\">\n\t\t\t\t\t<h2 class=\"elementor-heading-title elementor-size-default\">Apadrina un ni\u00f1o<\/h2>\t\t\t\t<\/div>\n\t\t\t\t<\/div>\n\t\t\t\t<div class=\"elementor-element elementor-element-a7e3671 elementor-widget elementor-widget-text-editor\" data-id=\"a7e3671\" data-element_type=\"widget\" data-e-type=\"widget\" data-widget_type=\"text-editor.default\">\n\t\t\t\t<div class=\"elementor-widget-container\">\n\t\t\t\t\t\t\t\t\t<p>Todos los ni\u00f1os del Kailash Home est\u00e1n apadrinados individualmente, estableciendo relaciones \u00fanicas y duraderas con sus padrinos.<br \/>El apadrinamiento nos permite ofrecer alojamiento, comida, uniformes y ropa, educaci\u00f3n, atenci\u00f3n m\u00e9dica y extraescolares a los ni\u00f1os y ni\u00f1as del Kailash Home.<\/p>\t\t\t\t\t\t\t\t<\/div>\n\t\t\t\t<\/div>\n\t\t\t\t<div class=\"elementor-element elementor-element-add557f elementor-widget elementor-widget-button\" data-id=\"add557f\" data-element_type=\"widget\" data-e-type=\"widget\" data-widget_type=\"button.default\">\n\t\t\t\t<div class=\"elementor-widget-container\">\n\t\t\t\t\t\t\t\t\t<div class=\"elementor-button-wrapper\">\n\t\t\t\t\t<a class=\"elementor-button elementor-button-link elementor-size-sm\" href=\"https:\/\/kailashhomefoundation.org\/es\/apadrina-un-nino\">\n\t\t\t\t\t\t<span class=\"elementor-button-content-wrapper\">\n\t\t\t\t\t\t\t\t\t<span class=\"elementor-button-text\">Saber m\u00e1s<\/span>\n\t\t\t\t\t<\/span>\n\t\t\t\t\t<\/a>\n\t\t\t\t<\/div>\n\t\t\t\t\t\t\t\t<\/div>\n\t\t\t\t<\/div>\n\t\t\t\t\t<\/div>\n\t\t\t\t<\/div>\n\t\t<div class=\"elementor-element elementor-element-03ad3e0 e-flex e-con-boxed e-con e-child\" data-id=\"03ad3e0\" data-element_type=\"container\" data-e-type=\"container\">\n\t\t\t\t\t<div class=\"e-con-inner\">\n\t\t\t\t<div class=\"elementor-element elementor-element-11b89c7 elementor-widget elementor-widget-image\" data-id=\"11b89c7\" data-element_type=\"widget\" data-e-type=\"widget\" data-widget_type=\"image.default\">\n\t\t\t\t<div class=\"elementor-widget-container\">\n\t\t\t\t\t\t\t\t\t\t\t\t\t\t\t<img decoding=\"async\" width=\"1\" height=\"1\" src=\"https:\/\/kailashhomefoundation.org\/wp-content\/uploads\/2024\/04\/SMBL0030-Enhanced-NR.jpg\" class=\"attachment-large size-large wp-image-89714\" alt=\"\" \/>\t\t\t\t\t\t\t\t\t\t\t\t\t\t\t<\/div>\n\t\t\t\t<\/div>\n\t\t\t\t\t<\/div>\n\t\t\t\t<\/div>\n\t\t\t\t\t<\/div>\n\t\t\t\t<\/div>\n\t\t<div class=\"elementor-element elementor-element-5882065 e-flex e-con-boxed e-con e-parent\" data-id=\"5882065\" data-element_type=\"container\" data-e-type=\"container\">\n\t\t\t\t\t<div class=\"e-con-inner\">\n\t\t\t\t<div class=\"elementor-element elementor-element-ffba76d elementor-widget-divider--view-line elementor-widget elementor-widget-divider\" data-id=\"ffba76d\" data-element_type=\"widget\" data-e-type=\"widget\" data-widget_type=\"divider.default\">\n\t\t\t\t<div class=\"elementor-widget-container\">\n\t\t\t\t\t\t\t<div class=\"elementor-divider\">\n\t\t\t<span class=\"elementor-divider-separator\">\n\t\t\t\t\t\t<\/span>\n\t\t<\/div>\n\t\t\t\t\t\t<\/div>\n\t\t\t\t<\/div>\n\t\t\t\t\t<\/div>\n\t\t\t\t<\/div>\n\t\t<div class=\"elementor-element elementor-element-820e14e e-flex e-con-boxed elementor-invisible e-con e-parent\" data-id=\"820e14e\" data-element_type=\"container\" data-e-type=\"container\" data-settings=\"{&quot;animation&quot;:&quot;fadeInLeft&quot;}\">\n\t\t\t\t\t<div class=\"e-con-inner\">\n\t\t<div class=\"elementor-element elementor-element-f174136 e-flex e-con-boxed e-con e-child\" data-id=\"f174136\" data-element_type=\"container\" data-e-type=\"container\">\n\t\t\t\t\t<div class=\"e-con-inner\">\n\t\t\t\t<div class=\"elementor-element elementor-element-e299f41 elementor-widget elementor-widget-image\" data-id=\"e299f41\" data-element_type=\"widget\" data-e-type=\"widget\" data-widget_type=\"image.default\">\n\t\t\t\t<div class=\"elementor-widget-container\">\n\t\t\t\t\t\t\t\t\t\t\t\t\t\t\t<img decoding=\"async\" width=\"1024\" height=\"683\" src=\"https:\/\/kailashhomefoundation.org\/wp-content\/uploads\/2024\/04\/P1020417-1024x683.jpg\" class=\"attachment-large size-large wp-image-89737\" alt=\"\" srcset=\"https:\/\/kailashhomefoundation.org\/wp-content\/uploads\/2024\/04\/P1020417-1024x683.jpg 1024w, https:\/\/kailashhomefoundation.org\/wp-content\/uploads\/2024\/04\/P1020417-300x200.jpg 300w, https:\/\/kailashhomefoundation.org\/wp-content\/uploads\/2024\/04\/P1020417-768x512.jpg 768w, https:\/\/kailashhomefoundation.org\/wp-content\/uploads\/2024\/04\/P1020417-1536x1024.jpg 1536w, https:\/\/kailashhomefoundation.org\/wp-content\/uploads\/2024\/04\/P1020417-2048x1365.jpg 2048w\" sizes=\"(max-width: 1024px) 100vw, 1024px\" \/>\t\t\t\t\t\t\t\t\t\t\t\t\t\t\t<\/div>\n\t\t\t\t<\/div>\n\t\t\t\t\t<\/div>\n\t\t\t\t<\/div>\n\t\t<div class=\"elementor-element elementor-element-445b6e2 e-flex e-con-boxed e-con e-child\" data-id=\"445b6e2\" data-element_type=\"container\" data-e-type=\"container\">\n\t\t\t\t\t<div class=\"e-con-inner\">\n\t\t\t\t<div class=\"elementor-element elementor-element-5b0c1be elementor-widget elementor-widget-heading\" data-id=\"5b0c1be\" data-element_type=\"widget\" data-e-type=\"widget\" data-widget_type=\"heading.default\">\n\t\t\t\t<div class=\"elementor-widget-container\">\n\t\t\t\t\t<h2 class=\"elementor-heading-title elementor-size-default\">Vis\u00edtanos<\/h2>\t\t\t\t<\/div>\n\t\t\t\t<\/div>\n\t\t\t\t<div class=\"elementor-element elementor-element-eb49d19 elementor-widget elementor-widget-text-editor\" data-id=\"eb49d19\" data-element_type=\"widget\" data-e-type=\"widget\" data-widget_type=\"text-editor.default\">\n\t\t\t\t<div class=\"elementor-widget-container\">\n\t\t\t\t\t\t\t\t\t<p>\u00bfEst\u00e1s planificando una visita a Nepal? P\u00f3ngase en contacto con nosotros para obtener m\u00e1s informaci\u00f3n.<\/p>\n\t\t\t\t\t\t\t\t<\/div>\n\t\t\t\t<\/div>\n\t\t\t\t<div class=\"elementor-element elementor-element-9b8d50e elementor-widget elementor-widget-button\" data-id=\"9b8d50e\" data-element_type=\"widget\" data-e-type=\"widget\" data-widget_type=\"button.default\">\n\t\t\t\t<div class=\"elementor-widget-container\">\n\t\t\t\t\t\t\t\t\t<div class=\"elementor-button-wrapper\">\n\t\t\t\t\t<a class=\"elementor-button elementor-button-link elementor-size-sm\" href=\"https:\/\/kailashhomefoundation.org\/es\/contacto\">\n\t\t\t\t\t\t<span class=\"elementor-button-content-wrapper\">\n\t\t\t\t\t\t\t\t\t<span class=\"elementor-button-text\">Planifica tu visita  <\/span>\n\t\t\t\t\t<\/span>\n\t\t\t\t\t<\/a>\n\t\t\t\t<\/div>\n\t\t\t\t\t\t\t\t<\/div>\n\t\t\t\t<\/div>\n\t\t\t\t\t<\/div>\n\t\t\t\t<\/div>\n\t\t\t\t\t<\/div>\n\t\t\t\t<\/div>\n\t\t<div class=\"elementor-element elementor-element-d5ae0ad e-flex e-con-boxed e-con e-parent\" data-id=\"d5ae0ad\" data-element_type=\"container\" data-e-type=\"container\">\n\t\t\t\t\t<div class=\"e-con-inner\">\n\t\t\t\t<div class=\"elementor-element elementor-element-0c52342 elementor-widget-divider--view-line elementor-widget elementor-widget-divider\" data-id=\"0c52342\" data-element_type=\"widget\" data-e-type=\"widget\" data-widget_type=\"divider.default\">\n\t\t\t\t<div class=\"elementor-widget-container\">\n\t\t\t\t\t\t\t<div class=\"elementor-divider\">\n\t\t\t<span class=\"elementor-divider-separator\">\n\t\t\t\t\t\t<\/span>\n\t\t<\/div>\n\t\t\t\t\t\t<\/div>\n\t\t\t\t<\/div>\n\t\t\t\t\t<\/div>\n\t\t\t\t<\/div>\n\t\t<div class=\"elementor-element elementor-element-f9b7e01 e-flex e-con-boxed elementor-invisible e-con e-parent\" data-id=\"f9b7e01\" data-element_type=\"container\" data-e-type=\"container\" data-settings=\"{&quot;background_background&quot;:&quot;classic&quot;,&quot;animation&quot;:&quot;fadeInRight&quot;}\">\n\t\t\t\t\t<div class=\"e-con-inner\">\n\t\t<div class=\"elementor-element elementor-element-6c0e4a9 e-flex e-con-boxed e-con e-child\" data-id=\"6c0e4a9\" data-element_type=\"container\" data-e-type=\"container\">\n\t\t\t\t\t<div class=\"e-con-inner\">\n\t\t\t\t<div class=\"elementor-element elementor-element-89c9e0c elementor-widget elementor-widget-heading\" data-id=\"89c9e0c\" data-element_type=\"widget\" data-e-type=\"widget\" data-widget_type=\"heading.default\">\n\t\t\t\t<div class=\"elementor-widget-container\">\n\t\t\t\t\t<h2 class=\"elementor-heading-title elementor-size-default\">\u00danete a nuestra comunidad<\/h2>\t\t\t\t<\/div>\n\t\t\t\t<\/div>\n\t\t\t\t<div class=\"elementor-element elementor-element-c06165b elementor-widget elementor-widget-text-editor\" data-id=\"c06165b\" data-element_type=\"widget\" data-e-type=\"widget\" data-widget_type=\"text-editor.default\">\n\t\t\t\t<div class=\"elementor-widget-container\">\n\t\t\t\t\t\t\t\t\t<p>Tambi\u00e9n hay formas de apoyar a la Fundaci\u00f3n Kailash Home que no cuestan dinero: se puede suscribir a nuestro bolet\u00edn mensual por correo electr\u00f3nico, nos puede seguir por las redes sociales o compartir las historias de Kailash Home con sus amigos y familiares. Las opciones son infinitas.<\/p>\n\t\t\t\t\t\t\t\t<\/div>\n\t\t\t\t<\/div>\n\t\t\t\t<div class=\"elementor-element elementor-element-d7bab8e elementor-widget elementor-widget-button\" data-id=\"d7bab8e\" data-element_type=\"widget\" data-e-type=\"widget\" data-widget_type=\"button.default\">\n\t\t\t\t<div class=\"elementor-widget-container\">\n\t\t\t\t\t\t\t\t\t<div class=\"elementor-button-wrapper\">\n\t\t\t\t\t<a class=\"elementor-button elementor-button-link elementor-size-sm\" href=\"https:\/\/www.instagram.com\/kailashhome_foundation\/\">\n\t\t\t\t\t\t<span class=\"elementor-button-content-wrapper\">\n\t\t\t\t\t\t\t\t\t<span class=\"elementor-button-text\">\u00a1Ya puedes empezar!<\/span>\n\t\t\t\t\t<\/span>\n\t\t\t\t\t<\/a>\n\t\t\t\t<\/div>\n\t\t\t\t\t\t\t\t<\/div>\n\t\t\t\t<\/div>\n\t\t\t\t\t<\/div>\n\t\t\t\t<\/div>\n\t\t<div class=\"elementor-element elementor-element-cff5156 e-flex e-con-boxed e-con e-child\" data-id=\"cff5156\" data-element_type=\"container\" data-e-type=\"container\">\n\t\t\t\t\t<div class=\"e-con-inner\">\n\t\t\t\t<div class=\"elementor-element elementor-element-b27c0d5 elementor-widget elementor-widget-image\" data-id=\"b27c0d5\" data-element_type=\"widget\" data-e-type=\"widget\" data-widget_type=\"image.default\">\n\t\t\t\t<div class=\"elementor-widget-container\">\n\t\t\t\t\t\t\t\t\t\t\t\t\t\t\t<img loading=\"lazy\" decoding=\"async\" width=\"1024\" height=\"682\" src=\"https:\/\/kailashhomefoundation.org\/wp-content\/uploads\/2024\/04\/SIM_0265-2-1024x682.jpg\" class=\"attachment-large size-large wp-image-89739\" alt=\"\" srcset=\"https:\/\/kailashhomefoundation.org\/wp-content\/uploads\/2024\/04\/SIM_0265-2-1024x682.jpg 1024w, https:\/\/kailashhomefoundation.org\/wp-content\/uploads\/2024\/04\/SIM_0265-2-300x200.jpg 300w, https:\/\/kailashhomefoundation.org\/wp-content\/uploads\/2024\/04\/SIM_0265-2-768x512.jpg 768w, https:\/\/kailashhomefoundation.org\/wp-content\/uploads\/2024\/04\/SIM_0265-2-1536x1023.jpg 1536w, https:\/\/kailashhomefoundation.org\/wp-content\/uploads\/2024\/04\/SIM_0265-2.jpg 1801w\" sizes=\"(max-width: 1024px) 100vw, 1024px\" \/>\t\t\t\t\t\t\t\t\t\t\t\t\t\t\t<\/div>\n\t\t\t\t<\/div>\n\t\t\t\t\t<\/div>\n\t\t\t\t<\/div>\n\t\t\t\t\t<\/div>\n\t\t\t\t<\/div>\n\t\t<div class=\"elementor-element elementor-element-5dea474 e-flex e-con-boxed e-con e-parent\" data-id=\"5dea474\" data-element_type=\"container\" data-e-type=\"container\" data-settings=\"{&quot;background_background&quot;:&quot;classic&quot;}\">\n\t\t\t\t\t<div class=\"e-con-inner\">\n\t\t\t\t<div class=\"elementor-element elementor-element-9693cd9 elementor-widget-divider--view-line elementor-widget elementor-widget-divider\" data-id=\"9693cd9\" data-element_type=\"widget\" data-e-type=\"widget\" data-widget_type=\"divider.default\">\n\t\t\t\t<div class=\"elementor-widget-container\">\n\t\t\t\t\t\t\t<div class=\"elementor-divider\">\n\t\t\t<span class=\"elementor-divider-separator\">\n\t\t\t\t\t\t<\/span>\n\t\t<\/div>\n\t\t\t\t\t\t<\/div>\n\t\t\t\t<\/div>\n\t\t\t\t\t<\/div>\n\t\t\t\t<\/div>\n\t\t\t\t<\/div>\n\t\t","protected":false},"excerpt":{"rendered":"<p>Participa e impl\u00edcate Hay muchas maneras de implicarse con la Fundaci\u00f3n Kailash Home: haciendo un donativo, apadrinando un ni\u00f1o o visitando nuestro proyecto en el Nepal.Quiz\u00e1s ya est\u00e1s involucrado, o quiz\u00e1s este es tu primer contacto con la fundaci\u00f3n, pero sea cual sea tu v\u00ednculo con nosotros, es un placer que formes parte de la&hellip;<\/p>\n","protected":false},"author":1,"featured_media":0,"parent":0,"menu_order":10,"comment_status":"closed","ping_status":"closed","template":"elementor_header_footer","meta":{"footnotes":""},"class_list":["post-89784","page","type-page","status-publish","hentry"],"_links":{"self":[{"href":"https:\/\/kailashhomefoundation.org\/es\/wp-json\/wp\/v2\/pages\/89784","targetHints":{"allow":["GET"]}}],"collection":[{"href":"https:\/\/kailashhomefoundation.org\/es\/wp-json\/wp\/v2\/pages"}],"about":[{"href":"https:\/\/kailashhomefoundation.org\/es\/wp-json\/wp\/v2\/types\/page"}],"author":[{"embeddable":true,"href":"https:\/\/kailashhomefoundation.org\/es\/wp-json\/wp\/v2\/users\/1"}],"replies":[{"embeddable":true,"href":"https:\/\/kailashhomefoundation.org\/es\/wp-json\/wp\/v2\/comments?post=89784"}],"version-history":[{"count":7,"href":"https:\/\/kailashhomefoundation.org\/es\/wp-json\/wp\/v2\/pages\/89784\/revisions"}],"predecessor-version":[{"id":90264,"href":"https:\/\/kailashhomefoundation.org\/es\/wp-json\/wp\/v2\/pages\/89784\/revisions\/90264"}],"wp:attachment":[{"href":"https:\/\/kailashhomefoundation.org\/es\/wp-json\/wp\/v2\/media?parent=89784"}],"curies":[{"name":"wp","href":"https:\/\/api.w.org\/{rel}","templated":true}]}}