{"id":89768,"date":"2024-04-16T09:07:53","date_gmt":"2024-04-16T09:07:53","guid":{"rendered":"https:\/\/kailash.progdev.pro\/apadrina-un-nino"},"modified":"2024-05-31T10:15:18","modified_gmt":"2024-05-31T10:15:18","slug":"apadrina-un-nino","status":"publish","type":"page","link":"https:\/\/kailashhomefoundation.org\/es\/apadrina-un-nino","title":{"rendered":"Apadrina un ni\u00f1o"},"content":{"rendered":"\t\t<div data-elementor-type=\"wp-page\" data-elementor-id=\"89768\" class=\"elementor elementor-89768 elementor-88621\" data-elementor-post-type=\"page\">\n\t\t\t\t<div class=\"elementor-element elementor-element-b3388dc e-con-full e-flex e-con e-parent\" data-id=\"b3388dc\" data-element_type=\"container\" data-e-type=\"container\" data-settings=\"{&quot;background_background&quot;:&quot;classic&quot;}\">\n\t\t\t\t<div class=\"elementor-element elementor-element-5ca630e elementor-widget__width-initial elementor-widget-divider--view-line elementor-widget elementor-widget-divider\" data-id=\"5ca630e\" data-element_type=\"widget\" data-e-type=\"widget\" data-widget_type=\"divider.default\">\n\t\t\t\t<div class=\"elementor-widget-container\">\n\t\t\t\t\t\t\t<div class=\"elementor-divider\">\n\t\t\t<span class=\"elementor-divider-separator\">\n\t\t\t\t\t\t<\/span>\n\t\t<\/div>\n\t\t\t\t\t\t<\/div>\n\t\t\t\t<\/div>\n\t\t\t\t<\/div>\n\t\t<div class=\"elementor-element elementor-element-bafcce4 e-flex e-con-boxed e-con e-parent\" data-id=\"bafcce4\" data-element_type=\"container\" data-e-type=\"container\" data-settings=\"{&quot;background_background&quot;:&quot;classic&quot;}\">\n\t\t\t\t\t<div class=\"e-con-inner\">\n\t\t<div class=\"elementor-element elementor-element-3d6e16c e-con-full e-flex e-con e-child\" data-id=\"3d6e16c\" data-element_type=\"container\" data-e-type=\"container\" data-settings=\"{&quot;background_background&quot;:&quot;classic&quot;}\">\n\t\t\t\t<div class=\"elementor-element elementor-element-32b4b27 elementor-widget elementor-widget-heading\" data-id=\"32b4b27\" data-element_type=\"widget\" data-e-type=\"widget\" data-widget_type=\"heading.default\">\n\t\t\t\t<div class=\"elementor-widget-container\">\n\t\t\t\t\t<h2 class=\"elementor-heading-title elementor-size-default\">Apadrina un ni\u00f1o<\/h2>\t\t\t\t<\/div>\n\t\t\t\t<\/div>\n\t\t\t\t<div class=\"elementor-element elementor-element-36a8c77 elementor-widget-divider--view-line elementor-widget elementor-widget-divider\" data-id=\"36a8c77\" data-element_type=\"widget\" data-e-type=\"widget\" data-widget_type=\"divider.default\">\n\t\t\t\t<div class=\"elementor-widget-container\">\n\t\t\t\t\t\t\t<div class=\"elementor-divider\">\n\t\t\t<span class=\"elementor-divider-separator\">\n\t\t\t\t\t\t<\/span>\n\t\t<\/div>\n\t\t\t\t\t\t<\/div>\n\t\t\t\t<\/div>\n\t\t\t\t<\/div>\n\t\t<div class=\"elementor-element elementor-element-543a4ab e-con-full e-flex e-con e-child\" data-id=\"543a4ab\" data-element_type=\"container\" data-e-type=\"container\" data-settings=\"{&quot;background_background&quot;:&quot;classic&quot;}\">\n\t\t\t\t<div class=\"elementor-element elementor-element-1092a99 elementor-widget__width-initial elementor-widget elementor-widget-text-editor\" data-id=\"1092a99\" data-element_type=\"widget\" data-e-type=\"widget\" data-widget_type=\"text-editor.default\">\n\t\t\t\t<div class=\"elementor-widget-container\">\n\t\t\t\t\t\t\t\t\t<div id=\"lipsum\"><div id=\"lipsum\"><div id=\"lipsum\"><p style=\"text-align: left;\">Todos los ni\u00f1os del Kailash Home est\u00e1n apadrinados individualmente, estableciendo relaciones \u00fanicas y duraderas con sus padrinos. El apadrinamiento nos permite ofrecer alojamiento, comida, uniformes y ropa, educaci\u00f3n, atenci\u00f3n m\u00e9dica y extraescolares a los ni\u00f1os y ni\u00f1as del Kailash Home.<\/p><\/div><\/div><\/div>\t\t\t\t\t\t\t\t<\/div>\n\t\t\t\t<\/div>\n\t\t\t\t<\/div>\n\t\t<div class=\"elementor-element elementor-element-5308b15 e-con-full e-flex e-con e-child\" data-id=\"5308b15\" data-element_type=\"container\" data-e-type=\"container\" data-settings=\"{&quot;background_background&quot;:&quot;classic&quot;}\">\n\t\t\t\t<div class=\"elementor-element elementor-element-d2ebb56 elementor-widget-divider--view-line elementor-widget elementor-widget-divider\" data-id=\"d2ebb56\" data-element_type=\"widget\" data-e-type=\"widget\" data-widget_type=\"divider.default\">\n\t\t\t\t<div class=\"elementor-widget-container\">\n\t\t\t\t\t\t\t<div class=\"elementor-divider\">\n\t\t\t<span class=\"elementor-divider-separator\">\n\t\t\t\t\t\t<\/span>\n\t\t<\/div>\n\t\t\t\t\t\t<\/div>\n\t\t\t\t<\/div>\n\t\t\t\t<\/div>\n\t\t\t\t\t<\/div>\n\t\t\t\t<\/div>\n\t\t<div class=\"elementor-element elementor-element-4bed5f9 e-flex e-con-boxed e-con e-parent\" data-id=\"4bed5f9\" data-element_type=\"container\" data-e-type=\"container\">\n\t\t\t\t\t<div class=\"e-con-inner\">\n\t\t\t\t<div class=\"elementor-element elementor-element-2ca9227 elementor-widget-divider--view-line elementor-widget elementor-widget-divider\" data-id=\"2ca9227\" data-element_type=\"widget\" data-e-type=\"widget\" data-widget_type=\"divider.default\">\n\t\t\t\t<div class=\"elementor-widget-container\">\n\t\t\t\t\t\t\t<div class=\"elementor-divider\">\n\t\t\t<span class=\"elementor-divider-separator\">\n\t\t\t\t\t\t<\/span>\n\t\t<\/div>\n\t\t\t\t\t\t<\/div>\n\t\t\t\t<\/div>\n\t\t\t\t\t<\/div>\n\t\t\t\t<\/div>\n\t\t<div class=\"elementor-element elementor-element-4e2229a e-con-full e-flex elementor-invisible e-con e-parent\" data-id=\"4e2229a\" data-element_type=\"container\" data-e-type=\"container\" data-settings=\"{&quot;animation&quot;:&quot;fadeInLeft&quot;}\">\n\t\t<div class=\"elementor-element elementor-element-09225e3 e-con-full e-flex e-con e-child\" data-id=\"09225e3\" data-element_type=\"container\" data-e-type=\"container\">\n\t\t\t\t<div class=\"elementor-element elementor-element-d580224 elementor-widget elementor-widget-image\" data-id=\"d580224\" data-element_type=\"widget\" data-e-type=\"widget\" data-widget_type=\"image.default\">\n\t\t\t\t<div class=\"elementor-widget-container\">\n\t\t\t\t\t\t\t\t\t\t\t\t\t\t\t<img fetchpriority=\"high\" decoding=\"async\" width=\"2071\" height=\"1554\" src=\"https:\/\/kailashhomefoundation.org\/wp-content\/uploads\/2024\/04\/sim-0290-3-1.webp\" class=\"attachment-full size-full wp-image-89759\" alt=\"\" srcset=\"https:\/\/kailashhomefoundation.org\/wp-content\/uploads\/2024\/04\/sim-0290-3-1.webp 2071w, https:\/\/kailashhomefoundation.org\/wp-content\/uploads\/2024\/04\/sim-0290-3-1-300x225.webp 300w, https:\/\/kailashhomefoundation.org\/wp-content\/uploads\/2024\/04\/sim-0290-3-1-1024x768.webp 1024w, https:\/\/kailashhomefoundation.org\/wp-content\/uploads\/2024\/04\/sim-0290-3-1-768x576.webp 768w, https:\/\/kailashhomefoundation.org\/wp-content\/uploads\/2024\/04\/sim-0290-3-1-1536x1153.webp 1536w, https:\/\/kailashhomefoundation.org\/wp-content\/uploads\/2024\/04\/sim-0290-3-1-2048x1537.webp 2048w\" sizes=\"(max-width: 2071px) 100vw, 2071px\" \/>\t\t\t\t\t\t\t\t\t\t\t\t\t\t\t<\/div>\n\t\t\t\t<\/div>\n\t\t\t\t<\/div>\n\t\t<div class=\"elementor-element elementor-element-f3fe9fb e-con-full e-flex e-con e-child\" data-id=\"f3fe9fb\" data-element_type=\"container\" data-e-type=\"container\">\n\t\t\t\t<div class=\"elementor-element elementor-element-f256a69 elementor-widget elementor-widget-heading\" data-id=\"f256a69\" data-element_type=\"widget\" data-e-type=\"widget\" data-widget_type=\"heading.default\">\n\t\t\t\t<div class=\"elementor-widget-container\">\n\t\t\t\t\t<h2 class=\"elementor-heading-title elementor-size-default\">Apadrina a un ni\u00f1o en el Kailash Home<\/h2>\t\t\t\t<\/div>\n\t\t\t\t<\/div>\n\t\t\t\t<div class=\"elementor-element elementor-element-1d75d91 elementor-widget__width-initial elementor-widget elementor-widget-text-editor\" data-id=\"1d75d91\" data-element_type=\"widget\" data-e-type=\"widget\" data-widget_type=\"text-editor.default\">\n\t\t\t\t<div class=\"elementor-widget-container\">\n\t\t\t\t\t\t\t\t\t<p>La mayor\u00eda de los ni\u00f1os llegan al Kailash a los 5 o 6 a\u00f1os y se quedan con nosotros hasta terminar los estudios secundarios en el grado 12.<\/p>\n<p>Nuestro programa de apadrinamiento adjudica un padrino a cada ni\u00f1o que llega al Kailash por un per\u00edodo de 6 a\u00f1os renovables. El coste del apadrinamiento es de 2.000$ anuales.<\/p>\n<p>Nuestro objetivo principal es ofrecer a nuestros ni\u00f1os y ni\u00f1as un entorno familiar estable en Kailash y una relaci\u00f3n personal duradera con sus padrinos.<\/p>\n<p>Los padrinos reciben informes detallados del progreso del ni\u00f1o tanto en la escuela como en el Kailash Home, y se fomenta activamente el di\u00e1logo entre ni\u00f1o y padrino a trav\u00e9s de cartas, correos electr\u00f3nicos o v\u00eddeo llamadas, aunque nada puede igualar la experiencia de visitar Nepal y conocer a los ni\u00f1os en persona.<\/p>\n\t\t\t\t\t\t\t\t<\/div>\n\t\t\t\t<\/div>\n\t\t\t\t<div class=\"elementor-element elementor-element-de5f351 elementor-widget elementor-widget-button\" data-id=\"de5f351\" data-element_type=\"widget\" data-e-type=\"widget\" data-widget_type=\"button.default\">\n\t\t\t\t<div class=\"elementor-widget-container\">\n\t\t\t\t\t\t\t\t\t<div class=\"elementor-button-wrapper\">\n\t\t\t\t\t<a class=\"elementor-button elementor-button-link elementor-size-md\" href=\"https:\/\/kailashhomefoundation.org\/es\/contacto\">\n\t\t\t\t\t\t<span class=\"elementor-button-content-wrapper\">\n\t\t\t\t\t\t\t\t\t<span class=\"elementor-button-text\">\u00a1An\u00edmate a apadrinar a un ni\u00f1o!  <\/span>\n\t\t\t\t\t<\/span>\n\t\t\t\t\t<\/a>\n\t\t\t\t<\/div>\n\t\t\t\t\t\t\t\t<\/div>\n\t\t\t\t<\/div>\n\t\t\t\t<\/div>\n\t\t\t\t<\/div>\n\t\t<div class=\"elementor-element elementor-element-af9e5af e-con-full e-flex elementor-invisible e-con e-parent\" data-id=\"af9e5af\" data-element_type=\"container\" data-e-type=\"container\" data-settings=\"{&quot;background_background&quot;:&quot;classic&quot;,&quot;animation&quot;:&quot;fadeInRight&quot;}\">\n\t\t<div class=\"elementor-element elementor-element-4611098 e-con-full e-flex e-con e-child\" data-id=\"4611098\" data-element_type=\"container\" data-e-type=\"container\">\n\t\t\t\t<div class=\"elementor-element elementor-element-ae738d5 elementor-widget__width-initial elementor-widget elementor-widget-heading\" data-id=\"ae738d5\" data-element_type=\"widget\" data-e-type=\"widget\" data-widget_type=\"heading.default\">\n\t\t\t\t<div class=\"elementor-widget-container\">\n\t\t\t\t\t<h2 class=\"elementor-heading-title elementor-size-default\">Apadrinamiento por estudios superiores.<\/h2>\t\t\t\t<\/div>\n\t\t\t\t<\/div>\n\t\t\t\t<div class=\"elementor-element elementor-element-a7e3671 elementor-widget__width-initial elementor-widget elementor-widget-text-editor\" data-id=\"a7e3671\" data-element_type=\"widget\" data-e-type=\"widget\" data-widget_type=\"text-editor.default\">\n\t\t\t\t<div class=\"elementor-widget-container\">\n\t\t\t\t\t\t\t\t\t<div class=\"textarea-desti col-xs-12 col-sm-6\"><div class=\"form-control second-textarea\">Despu\u00e9s de dejar el Kailash Home y una vez acabada el Grado 12, muchos de nuestros estudiantes contin\u00faan su formaci\u00f3n en la universidad o escuelas de formaci\u00f3n profesional. Independientemente del camino que elijan, a menudo contin\u00faan necesitando nuestra ayuda y vuestro apadrinamiento. Por menos de 3.000$ el a\u00f1o, el apadrinamiento cubre la matr\u00edcula universitaria, los programas de formaci\u00f3n o pr\u00e1cticas laborales y los libros y otro material, seg\u00fan el estudiante. A diferencia del programa de apadrinamiento en el Kailash Home, el apadrinamiento por estudios superiores no implica un compromiso anual m\u00ednimo, hecho que da una flexibilidad muy interesante para todos los que no se sientan c\u00f3modas con un compromiso a largo plazo.<br \/><br \/><\/div><\/div><p>Nuestro objetivo es ofrecer a todos nuestros chicos y chicas cursando estudios superiores oportunidades para poder tambi\u00e9n tener \u00e9xito una vez se marchen del Kailash Home y encuentren su sitio en la sociedad contando con una s\u00f3lida formaci\u00f3n.<\/p>\t\t\t\t\t\t\t\t<\/div>\n\t\t\t\t<\/div>\n\t\t\t\t<div class=\"elementor-element elementor-element-aefa0d8 elementor-align-left elementor-widget__width-initial elementor-widget elementor-widget-button\" data-id=\"aefa0d8\" data-element_type=\"widget\" data-e-type=\"widget\" data-widget_type=\"button.default\">\n\t\t\t\t<div class=\"elementor-widget-container\">\n\t\t\t\t\t\t\t\t\t<div class=\"elementor-button-wrapper\">\n\t\t\t\t\t<a class=\"elementor-button elementor-button-link elementor-size-md\" href=\"https:\/\/kailashhomefoundation.org\/es\/haz-un-donativo\">\n\t\t\t\t\t\t<span class=\"elementor-button-content-wrapper\">\n\t\t\t\t\t\t\t\t\t<span class=\"elementor-button-text\">Haz tu donativo<\/span>\n\t\t\t\t\t<\/span>\n\t\t\t\t\t<\/a>\n\t\t\t\t<\/div>\n\t\t\t\t\t\t\t\t<\/div>\n\t\t\t\t<\/div>\n\t\t\t\t<\/div>\n\t\t<div class=\"elementor-element elementor-element-03ad3e0 e-flex e-con-boxed e-con e-child\" data-id=\"03ad3e0\" data-element_type=\"container\" data-e-type=\"container\">\n\t\t\t\t\t<div class=\"e-con-inner\">\n\t\t\t\t<div class=\"elementor-element elementor-element-11b89c7 elementor-widget elementor-widget-image\" data-id=\"11b89c7\" data-element_type=\"widget\" data-e-type=\"widget\" data-widget_type=\"image.default\">\n\t\t\t\t<div class=\"elementor-widget-container\">\n\t\t\t\t\t\t\t\t\t\t\t\t\t\t\t<img decoding=\"async\" width=\"1024\" height=\"768\" src=\"https:\/\/kailashhomefoundation.org\/wp-content\/uploads\/2024\/04\/img-0702-1-1024x768.webp\" class=\"attachment-large size-large wp-image-89758\" alt=\"\" srcset=\"https:\/\/kailashhomefoundation.org\/wp-content\/uploads\/2024\/04\/img-0702-1-1024x768.webp 1024w, https:\/\/kailashhomefoundation.org\/wp-content\/uploads\/2024\/04\/img-0702-1-300x225.webp 300w, https:\/\/kailashhomefoundation.org\/wp-content\/uploads\/2024\/04\/img-0702-1-768x576.webp 768w, https:\/\/kailashhomefoundation.org\/wp-content\/uploads\/2024\/04\/img-0702-1-1536x1153.webp 1536w, https:\/\/kailashhomefoundation.org\/wp-content\/uploads\/2024\/04\/img-0702-1-2048x1537.webp 2048w\" sizes=\"(max-width: 1024px) 100vw, 1024px\" \/>\t\t\t\t\t\t\t\t\t\t\t\t\t\t\t<\/div>\n\t\t\t\t<\/div>\n\t\t\t\t\t<\/div>\n\t\t\t\t<\/div>\n\t\t\t\t<\/div>\n\t\t<div class=\"elementor-element elementor-element-5dea474 e-flex e-con-boxed e-con e-parent\" data-id=\"5dea474\" data-element_type=\"container\" data-e-type=\"container\" data-settings=\"{&quot;background_background&quot;:&quot;classic&quot;}\">\n\t\t\t\t\t<div class=\"e-con-inner\">\n\t\t\t\t<div class=\"elementor-element elementor-element-9693cd9 elementor-widget-divider--view-line elementor-widget elementor-widget-divider\" data-id=\"9693cd9\" data-element_type=\"widget\" data-e-type=\"widget\" data-widget_type=\"divider.default\">\n\t\t\t\t<div class=\"elementor-widget-container\">\n\t\t\t\t\t\t\t<div class=\"elementor-divider\">\n\t\t\t<span class=\"elementor-divider-separator\">\n\t\t\t\t\t\t<\/span>\n\t\t<\/div>\n\t\t\t\t\t\t<\/div>\n\t\t\t\t<\/div>\n\t\t\t\t\t<\/div>\n\t\t\t\t<\/div>\n\t\t\t\t<\/div>\n\t\t","protected":false},"excerpt":{"rendered":"<p>Apadrina un ni\u00f1o Todos los ni\u00f1os del Kailash Home est\u00e1n apadrinados individualmente, estableciendo relaciones \u00fanicas y duraderas con sus padrinos. El apadrinamiento nos permite ofrecer alojamiento, comida, uniformes y ropa, educaci\u00f3n, atenci\u00f3n m\u00e9dica y extraescolares a los ni\u00f1os y ni\u00f1as del Kailash Home. Apadrina a un ni\u00f1o en el Kailash Home La mayor\u00eda de los&hellip;<\/p>\n","protected":false},"author":1,"featured_media":0,"parent":0,"menu_order":10,"comment_status":"closed","ping_status":"closed","template":"elementor_header_footer","meta":{"footnotes":""},"class_list":["post-89768","page","type-page","status-publish","hentry"],"_links":{"self":[{"href":"https:\/\/kailashhomefoundation.org\/es\/wp-json\/wp\/v2\/pages\/89768","targetHints":{"allow":["GET"]}}],"collection":[{"href":"https:\/\/kailashhomefoundation.org\/es\/wp-json\/wp\/v2\/pages"}],"about":[{"href":"https:\/\/kailashhomefoundation.org\/es\/wp-json\/wp\/v2\/types\/page"}],"author":[{"embeddable":true,"href":"https:\/\/kailashhomefoundation.org\/es\/wp-json\/wp\/v2\/users\/1"}],"replies":[{"embeddable":true,"href":"https:\/\/kailashhomefoundation.org\/es\/wp-json\/wp\/v2\/comments?post=89768"}],"version-history":[{"count":10,"href":"https:\/\/kailashhomefoundation.org\/es\/wp-json\/wp\/v2\/pages\/89768\/revisions"}],"predecessor-version":[{"id":90261,"href":"https:\/\/kailashhomefoundation.org\/es\/wp-json\/wp\/v2\/pages\/89768\/revisions\/90261"}],"wp:attachment":[{"href":"https:\/\/kailashhomefoundation.org\/es\/wp-json\/wp\/v2\/media?parent=89768"}],"curies":[{"name":"wp","href":"https:\/\/api.w.org\/{rel}","templated":true}]}}